{"id":100,"date":"2020-01-13T17:06:52","date_gmt":"2020-01-13T16:06:52","guid":{"rendered":"https:\/\/siwalusoftware.com\/horse-scanner\/"},"modified":"2020-05-20T15:29:19","modified_gmt":"2020-05-20T13:29:19","slug":"horse-scanner","status":"publish","type":"page","link":"https:\/\/siwalusoftware.com\/de\/horse-scanner\/","title":{"rendered":"Horse Scanner"},"content":{"rendered":"\n<h3>Unbekannte Pferderasse?<\/h3>\n\n\n\n<p>Schie\u00dfe einfach schnell ein Foto oder drehe ein kurzes Video \u2013 mithilfe unserer Horse Scanner App kannst du die Rasse deines Pferdes in wenigen Sekunden verl\u00e4sslich identifizieren! Unsere integrierte Kamera mit Pinch To Zoom und Tap to Focus macht das Scannen zum Kinderspiel! <br><br>Selbstverst\u00e4ndlich unterst\u00fctzt die Horse Scanner App auch das Hochladen von Bildern aus deiner Galerie.<\/p>\n\n\n\n<h3>So viele Pferderassen in einer einzigen App! <\/h3>\n\n\n\n<p>Die Horse Scanner App unterst\u00fctzt derzeit etwa 160 verschiedene Pferderassen. In unserer <u><a rel=\"noreferrer noopener\" aria-label=\" (opens in a new tab)\" href=\"https:\/\/siwalusoftware.com\/de\/horse-scanner\/horse-breeds\/\" target=\"_blank\">Datenbank<\/a><\/u> findest du alle wichtigen Rassen, vom <u><a rel=\"noreferrer noopener\" aria-label=\" (opens in a new tab)\" href=\"https:\/\/siwalusoftware.com\/de\/horse-scanner\/horse-breeds\/friesian_horse\/\" target=\"_blank\">Friesen<\/a><\/u> bis hin zum <u><a rel=\"noreferrer noopener\" aria-label=\" (opens in a new tab)\" href=\"https:\/\/siwalusoftware.com\/de\/horse-scanner\/horse-breeds\/shetland_pony\/\" target=\"_blank\">Shetlandpony<\/a><\/u>, sowie zahlreiche andere nationale und internationale Pferderassen!<br><br>Selbstverst\u00e4ndlich kann unsere umfassende Datenbank mit Informationen und Bildern aller unterst\u00fctzten Pferderassen (inklusive der inoffiziellen) auch so jederzeit abgerufen werden. Ganz ohne Scannen!<\/p>\n\n\n\n<h3>Kein Pferd in Sicht?<\/h3>\n\n\n\n<p>Macht nichts! Scanne ganz einfach dich selbst, deine Freunde, deine Familie oder Menschen aus deinem Umfeld und finde heraus, mit welchen Pferden ihr am meisten \u00c4hnlichkeit habt!<br><br>Klingt zwar komisch, geht aber wirklich: Die Pferdeerkennung funktioniert auch bei Menschen. Mach einfach ein Selfie und finde heraus, was f\u00fcr eine Pferderasse du selber bist! <\/p>\n\n\n\n<h3>Werde Teil unserer Horse Scanner Community!<\/h3>\n\n\n\n<p>Teile deine Ergebnisse und vergleiche sie mit denen aus der Community! Lade Bilder von deinem liebsten Pferd in unseren Social Feed und tausche dich mit anderen Pferdeliebhabern aus! Schau dir die Profile und Fotos anderer Nutzer an, like und kommentiere Beitr\u00e4ge aus unserer Pferde-Community und filtere sie nach Aktualit\u00e4t oder Beliebtheit!<br><br>Zus\u00e4tzlich kannst du problemlos deine Posts mit deinen Freunden teilen, indem du ein Bild ganz einfach direkt aus der Horse Scanner App verschickst.<\/p>\n\n\n\n<h3>Sammle alle Pferderassen und werde zum Experten!<\/h3>\n\n\n\n<p>Sammle alle Rassen genau wie in Pok\u00e9mon Go. Eine \u00dcbersicht der von dir gescannten Pferderassen findest du jederzeit in der App. Meistere die Herausforderungen, erspiele virtuelle Leckerlis und werde so zu einem waschechten Pferdeexperten!<br><br>Messe dich mit deinen Freunden und Leuten aus der Community und steige in unserer Rangliste bis ganz nach oben auf!<\/p>\n\n\n\n<h3>Gib uns Feedback zur Horse Scanner App!<\/h3>\n\n\n\n<p>Teile uns in der App mit, ob die Pferderasse korrekt identifiziert wurde. Falls nicht, werden dir n\u00fctzliche Tipps angezeigt, um das eigene Ergebnis zu verbessern. Wenn du zus\u00e4tzlich angibst, um welche Pferderasse es sich auf deinem Foto handelt, lernt die App automatisch, noch genauere Ergebnisse liefern zu k\u00f6nnen. Schlag uns au\u00dferdem weitere Pferderassen vor oder stimme f\u00fcr (inoffizielle) Rassen ab, die zuk\u00fcnftig in der App ber\u00fccksichtigt werden sollen!<\/p>\n\n\n\n<h3>Sichere dir dein Premium-Upgrade!<\/h3>\n\n\n\n<p>Mit unserer Premium-Version siehst du in der App keine Werbung mehr und erh\u00e4ltst deine Ergebnisse schneller. Weiterhin kannst du von nun an selber w\u00e4hlen, ob deine Pferderassen besonders schnell oder besonders genau erkannt werden sollen. Au\u00dferdem sind deine Scans mit der Premium-Version auch im Offline-Modus m\u00f6glich. Du ben\u00f6tigst also keine Internetverbindung mehr, um Pferderassen zu identifizieren. Mit einem freiwilligen In-App-Kauf der Premium-Version erh\u00e4ltst du nicht nur viele Vorteile, sondern unterst\u00fctzt ganz nebenbei auch diese App.<\/p>\n\n\n\n<h3>Folge uns auf Social Media!<\/h3>\n\n\n\n<p>Auf unseren Social Media Kan\u00e4len versorgen wir dich regelm\u00e4\u00dfig mit den sch\u00f6nsten Pferdebildern aus der Community. Au\u00dferdem findest du hier viele interessante Fakten rund um dein Lieblingstier. Dar\u00fcber hinaus halten wir dich nat\u00fcrlich \u00fcber alle Neuerungen in der Horse Scanner App auf dem Laufenden.  <br><br>* <u><a rel=\"noreferrer noopener\" aria-label=\"Instagram (opens in a new tab)\" href=\"https:\/\/www.instagram.com\/horsescanner_app\" target=\"_blank\">Instagram<\/a><\/u><br>* <u><a rel=\"noreferrer noopener\" aria-label=\"Facebook (opens in a new tab)\" href=\"https:\/\/www.facebook.com\/HorseScannerApp\" target=\"_blank\">Facebook<\/a><\/u> <br>* <u><a rel=\"noreferrer noopener\" aria-label=\"Twitter (opens in a new tab)\" href=\"https:\/\/twitter.com\/HorseScannerApp\" target=\"_blank\">Twitter<\/a><\/u><\/p>\n\n\n\n<h3>Probiere den Horse Scanner einfach mal aus!<\/h3>\n\n\n\n<p>Lade die Horse Scanner App f\u00fcr Android im <u><a rel=\"noreferrer noopener\" aria-label=\" (opens in a new tab)\" href=\"https:\/\/play.google.com\/store\/apps\/details?id=com.siwalusoftware.horsescanner&amp;referrer=utm_source%3Dsiwalusoftware.com\" target=\"_blank\">Google Play Store<\/a><\/u> oder f\u00fcr iOS im <u><a rel=\"noreferrer noopener\" aria-label=\" (opens in a new tab)\" href=\"https:\/\/itunes.apple.com\/app\/apple-store\/id1483790768?pt=119468156&amp;ct=siwalusoftware.com&amp;mt=8\" target=\"_blank\">Apple App Store<\/a><\/u> kostenlos herunter! Trotz der speicherfreundlichen App-Gr\u00f6\u00dfe erh\u00e4ltst du die volle Funktionalit\u00e4t und kannst jederzeit Pferderassen identifizieren oder auf unsere umfassende Datenbank zugreifen!<br><br>Hast du schon einmal ein Pferd gesehen und dich gefragt, was f\u00fcr eine Pferderasse das wohl ist? Vielleicht kennst du sogar die Pferderasse, aber kommst einfach nicht auf ihren Namen? Oder du hast selber ein Pferd, dessen Rasse du noch immer nicht kennst?<br><br>Die Horse Scanner App kann dir bei all diesen Fragen helfen! Scanne einfach das Pferd mit der App und die Pferderasse wird in wenigen Sekunden automatisch erkannt!<\/p>\n\n\n\n<h3>Disclaimer:<\/h3>\n\n\n\n<p>Diese App ist nicht in der Lage dein Smartphone in ein abgefahrenes Raumschiff zu verwandeln, das mithilfe eines magischen Lasers eine Blutprobe deines Pferdes entnehmen kann. Diese App macht begr\u00fcndete Vorhersagen auf der Grundlage dessen, was sie sehen kann. Im Allgemeinen sind diese Vorhersagen bereits ziemlich treffsicher. Dennoch k\u00f6nnen die Ergebnisse nur so gut sein wie das Bild bzw. das Video, welches der App zur Verf\u00fcgung gestellt wird. Dar\u00fcber hinaus ist es unm\u00f6glich zu garantieren, dass jedes einzelne Pferd korrekt erkannt wird. Leider nehmen es viele Leute pers\u00f6nlich, wenn dies ihr eigenes Pferd betrifft. Wenn du der App zumindest eine Chance gibst, indem du mehr als nur ein Pferd scannst, wirst du sehen, dass die Performance der App insgesamt \u00fcberzeugen kann. Anstatt viel Geld f\u00fcr einen teuren DNA-Test bezahlen zu m\u00fcssen, kannst du die Horse Scanner App vollkommen gratis nutzen. Viel Spa\u00df damit!<\/p>\n","protected":false},"excerpt":{"rendered":"<p>Unbekannte Pferderasse? Schie\u00dfe einfach schnell ein Foto oder drehe ein kurzes Video \u2013 mithilfe unserer Horse Scanner App kannst du die Rasse deines Pferdes in [&hellip;]<\/p>\n","protected":false},"author":1,"featured_media":0,"parent":0,"menu_order":0,"comment_status":"closed","ping_status":"closed","template":"page-templates\/app-flavor-main-page.php","meta":[],"yoast_head":"<!-- This site is optimized with the Yoast SEO plugin v16.9 - https:\/\/yoast.com\/wordpress\/plugins\/seo\/ -->\n<title>Horse Scanner - #1 Pferderassen-Erkennung unter Android und iOS<\/title>\n<meta name=\"description\" content=\"Unbekannte Pferderasse? Mache einfach ein Foto und die Horse Scanner App ermittelt die Antwort automatisch! Die App unterst\u00fctzt derzeit etwa 160 Rassen.\" \/>\n<meta name=\"robots\" content=\"index, follow, max-snippet:-1, max-image-preview:large, max-video-preview:-1\" \/>\n<link rel=\"canonical\" href=\"https:\/\/siwalusoftware.com\/de\/horse-scanner\/\" \/>\n<meta property=\"og:locale\" content=\"de_DE\" \/>\n<meta property=\"og:type\" content=\"article\" \/>\n<meta property=\"og:title\" content=\"Horse Scanner - #1 Pferderassen-Erkennung unter Android und iOS\" \/>\n<meta property=\"og:description\" content=\"Unbekannte Pferderasse? Mache einfach ein Foto und die Horse Scanner App ermittelt die Antwort automatisch! Die App unterst\u00fctzt derzeit etwa 160 Rassen.\" \/>\n<meta property=\"og:url\" content=\"https:\/\/siwalusoftware.com\/de\/horse-scanner\/\" \/>\n<meta property=\"og:site_name\" content=\"Siwalu Software\" \/>\n<meta property=\"article:publisher\" content=\"https:\/\/facebook.com\/DogScannerApp\" \/>\n<meta property=\"article:modified_time\" content=\"2020-05-20T13:29:19+00:00\" \/>\n<meta name=\"twitter:card\" content=\"summary_large_image\" \/>\n<meta name=\"twitter:site\" content=\"@dogscanner_app\" \/>\n<meta name=\"twitter:label1\" content=\"Gesch\u00e4tzte Lesezeit\" \/>\n\t<meta name=\"twitter:data1\" content=\"4 Minuten\" \/>\n<script type=\"application\/ld+json\" class=\"yoast-schema-graph\">{\"@context\":\"https:\/\/schema.org\",\"@graph\":[{\"@type\":\"Organization\",\"@id\":\"https:\/\/siwalusoftware.com\/zh-hans\/#organization\",\"name\":\"Siwalu Software GmbH\",\"url\":\"https:\/\/siwalusoftware.com\/zh-hans\/\",\"sameAs\":[\"https:\/\/facebook.com\/DogScannerApp\",\"https:\/\/instagram.com\/dogscanner_app\",\"https:\/\/www.linkedin.com\/company\/siwalu\/\",\"https:\/\/www.youtube.com\/channel\/UCexEBJ5uq8Vx0bdgg70Lr8g\",\"https:\/\/twitter.com\/dogscanner_app\"],\"logo\":{\"@type\":\"ImageObject\",\"@id\":\"https:\/\/siwalusoftware.com\/zh-hans\/#logo\",\"inLanguage\":\"de-DE\",\"url\":\"https:\/\/siwalusoftware.com\/wp-content\/uploads\/2020\/01\/siwalu-logo-negativ-background-e1580133589167.png\",\"contentUrl\":\"https:\/\/siwalusoftware.com\/wp-content\/uploads\/2020\/01\/siwalu-logo-negativ-background-e1580133589167.png\",\"width\":512,\"height\":307,\"caption\":\"Siwalu Software GmbH\"},\"image\":{\"@id\":\"https:\/\/siwalusoftware.com\/zh-hans\/#logo\"}},{\"@type\":\"WebSite\",\"@id\":\"https:\/\/siwalusoftware.com\/zh-hans\/#website\",\"url\":\"https:\/\/siwalusoftware.com\/zh-hans\/\",\"name\":\"Siwalu Software\",\"description\":\"AI-based animal recognition\",\"publisher\":{\"@id\":\"https:\/\/siwalusoftware.com\/zh-hans\/#organization\"},\"potentialAction\":[{\"@type\":\"SearchAction\",\"target\":{\"@type\":\"EntryPoint\",\"urlTemplate\":\"https:\/\/siwalusoftware.com\/zh-hans\/?s={search_term_string}\"},\"query-input\":\"required name=search_term_string\"}],\"inLanguage\":\"de-DE\"},{\"@type\":\"WebPage\",\"@id\":\"https:\/\/siwalusoftware.com\/de\/horse-scanner\/#webpage\",\"url\":\"https:\/\/siwalusoftware.com\/de\/horse-scanner\/\",\"name\":\"Horse Scanner - #1 Pferderassen-Erkennung unter Android und iOS\",\"isPartOf\":{\"@id\":\"https:\/\/siwalusoftware.com\/zh-hans\/#website\"},\"datePublished\":\"2020-01-13T16:06:52+00:00\",\"dateModified\":\"2020-05-20T13:29:19+00:00\",\"description\":\"Unbekannte Pferderasse? Mache einfach ein Foto und die Horse Scanner App ermittelt die Antwort automatisch! Die App unterst\\u00fctzt derzeit etwa 160 Rassen.\",\"breadcrumb\":{\"@id\":\"https:\/\/siwalusoftware.com\/de\/horse-scanner\/#breadcrumb\"},\"inLanguage\":\"de-DE\",\"potentialAction\":[{\"@type\":\"ReadAction\",\"target\":[\"https:\/\/siwalusoftware.com\/de\/horse-scanner\/\"]}]},{\"@type\":\"BreadcrumbList\",\"@id\":\"https:\/\/siwalusoftware.com\/de\/horse-scanner\/#breadcrumb\",\"itemListElement\":[{\"@type\":\"ListItem\",\"position\":1,\"name\":\"Home\",\"item\":\"https:\/\/siwalusoftware.com\/de\/\"},{\"@type\":\"ListItem\",\"position\":2,\"name\":\"Horse Scanner\"}]}]}<\/script>\n<!-- \/ Yoast SEO plugin. -->","yoast_head_json":{"title":"Horse Scanner - #1 Pferderassen-Erkennung unter Android und iOS","description":"Unbekannte Pferderasse? Mache einfach ein Foto und die Horse Scanner App ermittelt die Antwort automatisch! Die App unterst\u00fctzt derzeit etwa 160 Rassen.","robots":{"index":"index","follow":"follow","max-snippet":"max-snippet:-1","max-image-preview":"max-image-preview:large","max-video-preview":"max-video-preview:-1"},"canonical":"https:\/\/siwalusoftware.com\/de\/horse-scanner\/","og_locale":"de_DE","og_type":"article","og_title":"Horse Scanner - #1 Pferderassen-Erkennung unter Android und iOS","og_description":"Unbekannte Pferderasse? Mache einfach ein Foto und die Horse Scanner App ermittelt die Antwort automatisch! Die App unterst\u00fctzt derzeit etwa 160 Rassen.","og_url":"https:\/\/siwalusoftware.com\/de\/horse-scanner\/","og_site_name":"Siwalu Software","article_publisher":"https:\/\/facebook.com\/DogScannerApp","article_modified_time":"2020-05-20T13:29:19+00:00","twitter_card":"summary_large_image","twitter_site":"@dogscanner_app","twitter_misc":{"Gesch\u00e4tzte Lesezeit":"4 Minuten"},"schema":{"@context":"https:\/\/schema.org","@graph":[{"@type":"Organization","@id":"https:\/\/siwalusoftware.com\/zh-hans\/#organization","name":"Siwalu Software GmbH","url":"https:\/\/siwalusoftware.com\/zh-hans\/","sameAs":["https:\/\/facebook.com\/DogScannerApp","https:\/\/instagram.com\/dogscanner_app","https:\/\/www.linkedin.com\/company\/siwalu\/","https:\/\/www.youtube.com\/channel\/UCexEBJ5uq8Vx0bdgg70Lr8g","https:\/\/twitter.com\/dogscanner_app"],"logo":{"@type":"ImageObject","@id":"https:\/\/siwalusoftware.com\/zh-hans\/#logo","inLanguage":"de-DE","url":"https:\/\/siwalusoftware.com\/wp-content\/uploads\/2020\/01\/siwalu-logo-negativ-background-e1580133589167.png","contentUrl":"https:\/\/siwalusoftware.com\/wp-content\/uploads\/2020\/01\/siwalu-logo-negativ-background-e1580133589167.png","width":512,"height":307,"caption":"Siwalu Software GmbH"},"image":{"@id":"https:\/\/siwalusoftware.com\/zh-hans\/#logo"}},{"@type":"WebSite","@id":"https:\/\/siwalusoftware.com\/zh-hans\/#website","url":"https:\/\/siwalusoftware.com\/zh-hans\/","name":"Siwalu Software","description":"AI-based animal recognition","publisher":{"@id":"https:\/\/siwalusoftware.com\/zh-hans\/#organization"},"potentialAction":[{"@type":"SearchAction","target":{"@type":"EntryPoint","urlTemplate":"https:\/\/siwalusoftware.com\/zh-hans\/?s={search_term_string}"},"query-input":"required name=search_term_string"}],"inLanguage":"de-DE"},{"@type":"WebPage","@id":"https:\/\/siwalusoftware.com\/de\/horse-scanner\/#webpage","url":"https:\/\/siwalusoftware.com\/de\/horse-scanner\/","name":"Horse Scanner - #1 Pferderassen-Erkennung unter Android und iOS","isPartOf":{"@id":"https:\/\/siwalusoftware.com\/zh-hans\/#website"},"datePublished":"2020-01-13T16:06:52+00:00","dateModified":"2020-05-20T13:29:19+00:00","description":"Unbekannte Pferderasse? Mache einfach ein Foto und die Horse Scanner App ermittelt die Antwort automatisch! Die App unterst\u00fctzt derzeit etwa 160 Rassen.","breadcrumb":{"@id":"https:\/\/siwalusoftware.com\/de\/horse-scanner\/#breadcrumb"},"inLanguage":"de-DE","potentialAction":[{"@type":"ReadAction","target":["https:\/\/siwalusoftware.com\/de\/horse-scanner\/"]}]},{"@type":"BreadcrumbList","@id":"https:\/\/siwalusoftware.com\/de\/horse-scanner\/#breadcrumb","itemListElement":[{"@type":"ListItem","position":1,"name":"Home","item":"https:\/\/siwalusoftware.com\/de\/"},{"@type":"ListItem","position":2,"name":"Horse Scanner"}]}]}},"_links":{"self":[{"href":"https:\/\/siwalusoftware.com\/de\/wp-json\/wp\/v2\/pages\/100"}],"collection":[{"href":"https:\/\/siwalusoftware.com\/de\/wp-json\/wp\/v2\/pages"}],"about":[{"href":"https:\/\/siwalusoftware.com\/de\/wp-json\/wp\/v2\/types\/page"}],"author":[{"embeddable":true,"href":"https:\/\/siwalusoftware.com\/de\/wp-json\/wp\/v2\/users\/1"}],"replies":[{"embeddable":true,"href":"https:\/\/siwalusoftware.com\/de\/wp-json\/wp\/v2\/comments?post=100"}],"version-history":[{"count":25,"href":"https:\/\/siwalusoftware.com\/de\/wp-json\/wp\/v2\/pages\/100\/revisions"}],"predecessor-version":[{"id":1233,"href":"https:\/\/siwalusoftware.com\/de\/wp-json\/wp\/v2\/pages\/100\/revisions\/1233"}],"wp:attachment":[{"href":"https:\/\/siwalusoftware.com\/de\/wp-json\/wp\/v2\/media?parent=100"}],"curies":[{"name":"wp","href":"https:\/\/api.w.org\/{rel}","templated":true}]}}