{"id":119,"date":"2020-01-31T11:59:58","date_gmt":"2020-01-31T10:59:58","guid":{"rendered":"https:\/\/siwalusoftware.com\/?page_id=119"},"modified":"2020-02-07T20:26:18","modified_gmt":"2020-02-07T19:26:18","slug":"kontakt","status":"publish","type":"page","link":"https:\/\/siwalusoftware.com\/de\/kontakt\/","title":{"rendered":"Kontakt"},"content":{"rendered":"<div role=\"form\" class=\"wpcf7\" id=\"wpcf7-f218-o1\" lang=\"de-DE\" dir=\"ltr\">\n<div class=\"screen-reader-response\"><p role=\"status\" aria-live=\"polite\" aria-atomic=\"true\"><\/p> <ul><\/ul><\/div>\n<form action=\"\/de\/wp-json\/wp\/v2\/pages\/119#wpcf7-f218-o1\" method=\"post\" class=\"wpcf7-form init\" enctype=\"multipart\/form-data\" novalidate=\"novalidate\" data-status=\"init\">\n<div style=\"display: none;\">\n<input type=\"hidden\" name=\"_wpcf7\" value=\"218\" \/>\n<input type=\"hidden\" name=\"_wpcf7_version\" value=\"5.4.2\" \/>\n<input type=\"hidden\" name=\"_wpcf7_locale\" value=\"de_DE\" \/>\n<input type=\"hidden\" name=\"_wpcf7_unit_tag\" value=\"wpcf7-f218-o1\" \/>\n<input type=\"hidden\" name=\"_wpcf7_container_post\" value=\"0\" \/>\n<input type=\"hidden\" name=\"_wpcf7_posted_data_hash\" value=\"\" \/>\n<\/div>\n<div class=\"form-group\">\n  <label for=\"your-name\">Dein Name<\/label>\n    <span class=\"wpcf7-form-control-wrap your-name\"><input type=\"text\" name=\"your-name\" value=\"\" size=\"40\" class=\"wpcf7-form-control wpcf7-text wpcf7-validates-as-required form-control\" id=\"your-name\" aria-required=\"true\" aria-invalid=\"false\" \/><\/span>\n<small class=\"text-muted\">Wie sollen wir dich nennen?<\/small>\n<\/div>\n\n<div class=\"form-group\">\n<label for=\"your-email\">Deine Email-Adresse<\/label>\n    <span class=\"wpcf7-form-control-wrap your-email\"><input type=\"email\" name=\"your-email\" value=\"\" size=\"40\" class=\"wpcf7-form-control wpcf7-text wpcf7-email wpcf7-validates-as-required wpcf7-validates-as-email form-control\" id=\"your-email\" aria-required=\"true\" aria-invalid=\"false\" \/><\/span>\n<small class=\"text-muted\">Wie k\u00f6nnen wir dich kontaktieren?<\/small>\n<\/div>\n\n<div class=\"form-group\">\n<label for=\"your-subject\">Betreff<\/label>\n<span class=\"wpcf7-form-control-wrap your-subject\"><select name=\"your-subject\" class=\"wpcf7-form-control wpcf7-select wpcf7-validates-as-required form-control\" id=\"your-subject\" aria-required=\"true\" aria-invalid=\"false\"><option value=\"\">---<\/option><option value=\"Produkt-Feedback\">Produkt-Feedback<\/option><option value=\"Technische Probleme\">Technische Probleme<\/option><option value=\"Werbung\">Werbung<\/option><option value=\"API-Integration\">API-Integration<\/option><option value=\"Investor Relations\">Investor Relations<\/option><option value=\"Bewerbung\">Bewerbung<\/option><option value=\"Konto-L\u00f6schung\">Konto-L\u00f6schung<\/option><option value=\"Sonstiges\">Sonstiges<\/option><\/select><\/span>\n<small class=\"text-muted\">Worum geht es in deiner Anfrage?<\/small>\n<\/div>\n\n<div class=\"form-group\">\n<label for=\"your-message\">Deine Nachricht<\/label>\n    <span class=\"wpcf7-form-control-wrap your-message\"><textarea name=\"your-message\" cols=\"40\" rows=\"10\" class=\"wpcf7-form-control wpcf7-textarea wpcf7-validates-as-required form-control\" id=\"your-message\" aria-required=\"true\" aria-invalid=\"false\"><\/textarea><\/span>\n<small class=\"text-muted\">Bitte beschreibe deine Anfrage. Wir antworten so schnell wie m\u00f6glich.<\/small>\n<\/div>\n\n<div class=\"form-group\">\n<label for=\"your-attachment\">Anhang (optional)<\/label>\n<span class=\"wpcf7-form-control-wrap your-attachment\"><input type=\"file\" name=\"your-attachment\" size=\"40\" class=\"wpcf7-form-control wpcf7-file form-control\" id=\"your-attachment\" accept=\".jpg,.jpeg,.png,.gif,.pdf,.doc,.docx,.ppt,.pptx,.odt,.avi,.ogg,.m4a,.mov,.mp3,.mp4,.mpg,.wav,.wmv\" aria-invalid=\"false\" \/><\/span>\n<small class=\"text-muted\">M\u00f6chtest du beschreibende Dokumente oder Bilder anh\u00e4ngen?<\/small>\n<\/div>\n\n<div class=\"row d-flex justify-content-center mt-5\">\n<div class=\"col-12 col-sm-6 col-md-6 col-lg-4\">\n<div class=\"form-group\">\n<span class=\"wpcf7-form-control-wrap\" data-name=\"hcap-cf7\">\t\t<input\n\t\t\t\ttype=\"hidden\"\n\t\t\t\tclass=\"hcaptcha-widget-id\"\n\t\t\t\tname=\"hcaptcha-widget-id\"\n\t\t\t\tvalue=\"eyJzb3VyY2UiOlsiY29udGFjdC1mb3JtLTdcL3dwLWNvbnRhY3QtZm9ybS03LnBocCJdLCJmb3JtX2lkIjo4NH0=-b4b57f321360935337df63c185abd11a\">\n\t\t\t\t<span id=\"hcap_cf7-69de4deddcd645.92614907\" class=\"wpcf7-form-control h-captcha \"\n\t\t\t\tdata-sitekey=\"ef3b810a-644e-4727-a859-a568d8ca9fcc\"\n\t\t\t\tdata-theme=\"auto\"\n\t\t\t\tdata-size=\"normal\"\n\t\t\t\tdata-auto=\"false\"\n\t\t\t\tdata-ajax=\"false\"\n\t\t\t\tdata-force=\"true\">\n\t\t<\/span>\n\t\t<input type=\"hidden\" id=\"_wpnonce\" name=\"_wpnonce\" value=\"0af373466b\" \/><input type=\"hidden\" name=\"_wp_http_referer\" value=\"\/de\/wp-json\/wp\/v2\/pages\/119\" \/><\/span><input type=\"submit\" value=\"Senden\" class=\"wpcf7-form-control wpcf7-submit btn btn-dark btn-block\" \/>\n<\/div>\n<\/div>\n<\/div><div class=\"wpcf7-response-output\" aria-hidden=\"true\"><\/div><\/form><\/div>\n","protected":false},"excerpt":{"rendered":"","protected":false},"author":1,"featured_media":0,"parent":0,"menu_order":0,"comment_status":"closed","ping_status":"closed","template":"page-templates\/contact-form.php","meta":[],"yoast_head":"<!-- This site is optimized with the Yoast SEO plugin v16.9 - https:\/\/yoast.com\/wordpress\/plugins\/seo\/ -->\n<title>Kontaktiere uns - Feedback, Technische Probleme, B2B-Anfragen<\/title>\n<meta name=\"description\" content=\"Dies ist ein Formular f\u00fcr die Meldung von technischen Problemen und Feedback oder f\u00fcr die Kontaktaufnahme bez\u00fcglich unserer Angebote f\u00fcr Unternehmen.\" \/>\n<meta name=\"robots\" content=\"index, follow, max-snippet:-1, max-image-preview:large, max-video-preview:-1\" \/>\n<link rel=\"canonical\" href=\"https:\/\/siwalusoftware.com\/de\/kontakt\/\" \/>\n<meta property=\"og:locale\" content=\"de_DE\" \/>\n<meta property=\"og:type\" content=\"article\" \/>\n<meta property=\"og:title\" content=\"Kontaktiere uns - Feedback, Technische Probleme, B2B-Anfragen\" \/>\n<meta property=\"og:description\" content=\"Dies ist ein Formular f\u00fcr die Meldung von technischen Problemen und Feedback oder f\u00fcr die Kontaktaufnahme bez\u00fcglich unserer Angebote f\u00fcr Unternehmen.\" \/>\n<meta property=\"og:url\" content=\"https:\/\/siwalusoftware.com\/de\/kontakt\/\" \/>\n<meta property=\"og:site_name\" content=\"Siwalu Software\" \/>\n<meta property=\"article:publisher\" content=\"https:\/\/facebook.com\/DogScannerApp\" \/>\n<meta property=\"article:modified_time\" content=\"2020-02-07T19:26:18+00:00\" \/>\n<meta name=\"twitter:card\" content=\"summary_large_image\" \/>\n<meta name=\"twitter:site\" content=\"@dogscanner_app\" \/>\n<script type=\"application\/ld+json\" class=\"yoast-schema-graph\">{\"@context\":\"https:\/\/schema.org\",\"@graph\":[{\"@type\":\"Organization\",\"@id\":\"https:\/\/siwalusoftware.com\/zh-hans\/#organization\",\"name\":\"Siwalu Software GmbH\",\"url\":\"https:\/\/siwalusoftware.com\/zh-hans\/\",\"sameAs\":[\"https:\/\/facebook.com\/DogScannerApp\",\"https:\/\/instagram.com\/dogscanner_app\",\"https:\/\/www.linkedin.com\/company\/siwalu\/\",\"https:\/\/www.youtube.com\/channel\/UCexEBJ5uq8Vx0bdgg70Lr8g\",\"https:\/\/twitter.com\/dogscanner_app\"],\"logo\":{\"@type\":\"ImageObject\",\"@id\":\"https:\/\/siwalusoftware.com\/zh-hans\/#logo\",\"inLanguage\":\"de-DE\",\"url\":\"https:\/\/siwalusoftware.com\/wp-content\/uploads\/2020\/01\/siwalu-logo-negativ-background-e1580133589167.png\",\"contentUrl\":\"https:\/\/siwalusoftware.com\/wp-content\/uploads\/2020\/01\/siwalu-logo-negativ-background-e1580133589167.png\",\"width\":512,\"height\":307,\"caption\":\"Siwalu Software GmbH\"},\"image\":{\"@id\":\"https:\/\/siwalusoftware.com\/zh-hans\/#logo\"}},{\"@type\":\"WebSite\",\"@id\":\"https:\/\/siwalusoftware.com\/zh-hans\/#website\",\"url\":\"https:\/\/siwalusoftware.com\/zh-hans\/\",\"name\":\"Siwalu Software\",\"description\":\"AI-based animal recognition\",\"publisher\":{\"@id\":\"https:\/\/siwalusoftware.com\/zh-hans\/#organization\"},\"potentialAction\":[{\"@type\":\"SearchAction\",\"target\":{\"@type\":\"EntryPoint\",\"urlTemplate\":\"https:\/\/siwalusoftware.com\/zh-hans\/?s={search_term_string}\"},\"query-input\":\"required name=search_term_string\"}],\"inLanguage\":\"de-DE\"},{\"@type\":\"WebPage\",\"@id\":\"https:\/\/siwalusoftware.com\/de\/kontakt\/#webpage\",\"url\":\"https:\/\/siwalusoftware.com\/de\/kontakt\/\",\"name\":\"Kontaktiere uns - Feedback, Technische Probleme, B2B-Anfragen\",\"isPartOf\":{\"@id\":\"https:\/\/siwalusoftware.com\/zh-hans\/#website\"},\"datePublished\":\"2020-01-31T10:59:58+00:00\",\"dateModified\":\"2020-02-07T19:26:18+00:00\",\"description\":\"Dies ist ein Formular f\\u00fcr die Meldung von technischen Problemen und Feedback oder f\\u00fcr die Kontaktaufnahme bez\\u00fcglich unserer Angebote f\\u00fcr Unternehmen.\",\"breadcrumb\":{\"@id\":\"https:\/\/siwalusoftware.com\/de\/kontakt\/#breadcrumb\"},\"inLanguage\":\"de-DE\",\"potentialAction\":[{\"@type\":\"ReadAction\",\"target\":[\"https:\/\/siwalusoftware.com\/de\/kontakt\/\"]}]},{\"@type\":\"BreadcrumbList\",\"@id\":\"https:\/\/siwalusoftware.com\/de\/kontakt\/#breadcrumb\",\"itemListElement\":[{\"@type\":\"ListItem\",\"position\":1,\"name\":\"Home\",\"item\":\"https:\/\/siwalusoftware.com\/de\/\"},{\"@type\":\"ListItem\",\"position\":2,\"name\":\"Kontakt\"}]}]}<\/script>\n<!-- \/ Yoast SEO plugin. -->","yoast_head_json":{"title":"Kontaktiere uns - Feedback, Technische Probleme, B2B-Anfragen","description":"Dies ist ein Formular f\u00fcr die Meldung von technischen Problemen und Feedback oder f\u00fcr die Kontaktaufnahme bez\u00fcglich unserer Angebote f\u00fcr Unternehmen.","robots":{"index":"index","follow":"follow","max-snippet":"max-snippet:-1","max-image-preview":"max-image-preview:large","max-video-preview":"max-video-preview:-1"},"canonical":"https:\/\/siwalusoftware.com\/de\/kontakt\/","og_locale":"de_DE","og_type":"article","og_title":"Kontaktiere uns - Feedback, Technische Probleme, B2B-Anfragen","og_description":"Dies ist ein Formular f\u00fcr die Meldung von technischen Problemen und Feedback oder f\u00fcr die Kontaktaufnahme bez\u00fcglich unserer Angebote f\u00fcr Unternehmen.","og_url":"https:\/\/siwalusoftware.com\/de\/kontakt\/","og_site_name":"Siwalu Software","article_publisher":"https:\/\/facebook.com\/DogScannerApp","article_modified_time":"2020-02-07T19:26:18+00:00","twitter_card":"summary_large_image","twitter_site":"@dogscanner_app","schema":{"@context":"https:\/\/schema.org","@graph":[{"@type":"Organization","@id":"https:\/\/siwalusoftware.com\/zh-hans\/#organization","name":"Siwalu Software GmbH","url":"https:\/\/siwalusoftware.com\/zh-hans\/","sameAs":["https:\/\/facebook.com\/DogScannerApp","https:\/\/instagram.com\/dogscanner_app","https:\/\/www.linkedin.com\/company\/siwalu\/","https:\/\/www.youtube.com\/channel\/UCexEBJ5uq8Vx0bdgg70Lr8g","https:\/\/twitter.com\/dogscanner_app"],"logo":{"@type":"ImageObject","@id":"https:\/\/siwalusoftware.com\/zh-hans\/#logo","inLanguage":"de-DE","url":"https:\/\/siwalusoftware.com\/wp-content\/uploads\/2020\/01\/siwalu-logo-negativ-background-e1580133589167.png","contentUrl":"https:\/\/siwalusoftware.com\/wp-content\/uploads\/2020\/01\/siwalu-logo-negativ-background-e1580133589167.png","width":512,"height":307,"caption":"Siwalu Software GmbH"},"image":{"@id":"https:\/\/siwalusoftware.com\/zh-hans\/#logo"}},{"@type":"WebSite","@id":"https:\/\/siwalusoftware.com\/zh-hans\/#website","url":"https:\/\/siwalusoftware.com\/zh-hans\/","name":"Siwalu Software","description":"AI-based animal recognition","publisher":{"@id":"https:\/\/siwalusoftware.com\/zh-hans\/#organization"},"potentialAction":[{"@type":"SearchAction","target":{"@type":"EntryPoint","urlTemplate":"https:\/\/siwalusoftware.com\/zh-hans\/?s={search_term_string}"},"query-input":"required name=search_term_string"}],"inLanguage":"de-DE"},{"@type":"WebPage","@id":"https:\/\/siwalusoftware.com\/de\/kontakt\/#webpage","url":"https:\/\/siwalusoftware.com\/de\/kontakt\/","name":"Kontaktiere uns - Feedback, Technische Probleme, B2B-Anfragen","isPartOf":{"@id":"https:\/\/siwalusoftware.com\/zh-hans\/#website"},"datePublished":"2020-01-31T10:59:58+00:00","dateModified":"2020-02-07T19:26:18+00:00","description":"Dies ist ein Formular f\u00fcr die Meldung von technischen Problemen und Feedback oder f\u00fcr die Kontaktaufnahme bez\u00fcglich unserer Angebote f\u00fcr Unternehmen.","breadcrumb":{"@id":"https:\/\/siwalusoftware.com\/de\/kontakt\/#breadcrumb"},"inLanguage":"de-DE","potentialAction":[{"@type":"ReadAction","target":["https:\/\/siwalusoftware.com\/de\/kontakt\/"]}]},{"@type":"BreadcrumbList","@id":"https:\/\/siwalusoftware.com\/de\/kontakt\/#breadcrumb","itemListElement":[{"@type":"ListItem","position":1,"name":"Home","item":"https:\/\/siwalusoftware.com\/de\/"},{"@type":"ListItem","position":2,"name":"Kontakt"}]}]}},"_links":{"self":[{"href":"https:\/\/siwalusoftware.com\/de\/wp-json\/wp\/v2\/pages\/119"}],"collection":[{"href":"https:\/\/siwalusoftware.com\/de\/wp-json\/wp\/v2\/pages"}],"about":[{"href":"https:\/\/siwalusoftware.com\/de\/wp-json\/wp\/v2\/types\/page"}],"author":[{"embeddable":true,"href":"https:\/\/siwalusoftware.com\/de\/wp-json\/wp\/v2\/users\/1"}],"replies":[{"embeddable":true,"href":"https:\/\/siwalusoftware.com\/de\/wp-json\/wp\/v2\/comments?post=119"}],"version-history":[{"count":1,"href":"https:\/\/siwalusoftware.com\/de\/wp-json\/wp\/v2\/pages\/119\/revisions"}],"predecessor-version":[{"id":120,"href":"https:\/\/siwalusoftware.com\/de\/wp-json\/wp\/v2\/pages\/119\/revisions\/120"}],"wp:attachment":[{"href":"https:\/\/siwalusoftware.com\/de\/wp-json\/wp\/v2\/media?parent=119"}],"curies":[{"name":"wp","href":"https:\/\/api.w.org\/{rel}","templated":true}]}}