{"id":96,"date":"2020-01-13T16:37:09","date_gmt":"2020-01-13T15:37:09","guid":{"rendered":"https:\/\/siwalusoftware.com\/dog-scanner\/"},"modified":"2020-05-19T17:25:45","modified_gmt":"2020-05-19T15:25:45","slug":"dog-scanner","status":"publish","type":"page","link":"https:\/\/siwalusoftware.com\/de\/dog-scanner\/","title":{"rendered":"Dog Scanner"},"content":{"rendered":"\n<h3>Unbekannte Hunderasse?<\/h3>\n\n\n\n<p>Schie\u00dfe einfach schnell ein Foto oder drehe ein kurzes Video \u2013 mithilfe unserer Dog Scanner App kannst du die Rasse deines Hundes in wenigen Sekunden verl\u00e4sslich identifizieren! Unsere integrierte Kamera mit Pinch To Zoom und Tap to Focus macht das Scannen zum Kinderspiel!<br><br>Selbstverst\u00e4ndlich unterst\u00fctzt die Dog Scanner App auch das Hochladen von Bildern aus deiner Galerie.<\/p>\n\n\n\n<h3>Handelt es sich um einen Mischling?<\/h3>\n\n\n\n<p>Kein Problem, unsere App erkennt auch Mischlinge und versorgt dich mit interessanten Daten zu den einzelnen Rassen.<\/p>\n\n\n\n<h3>Alle Hunderassen in einer App!<\/h3>\n\n\n\n<p>Die Dog Scanner App unterscheidet derzeit zwischen mehr als 370 verschiedenen Hunderassen. Unsere <u><a href=\"https:\/\/siwalusoftware.com\/de\/dog-scanner\/dog-breeds\/\" target=\"_blank\" rel=\"noreferrer noopener\" aria-label=\" (opens in a new tab)\">Datenbank<\/a><\/u> beinhaltet alle offiziell von der <u><a rel=\"noreferrer noopener\" aria-label=\" (opens in a new tab)\" href=\"http:\/\/fci.be\/de\/\" target=\"_blank\">F\u00e9d\u00e9ration Cynologique Internationale (FCI)<\/a><\/u> anerkannten Rassen sowie einige mehr! Auch der <u><a rel=\"noreferrer noopener\" aria-label=\"Verband f\u00fcr das Deutsche Hundewesen (VDH) (opens in a new tab)\" href=\"https:\/\/vdh.de\" target=\"_blank\">Verband f\u00fcr das Deutsche Hundewesen (VDH)<\/a><\/u> ist Teil der FCI und benutzt somit denselben Rassestandard.<br><br>Selbstverst\u00e4ndlich kann unsere umfassende Datenbank mit Informationen und Bildern aller Hunderassen (inklusive der inoffiziellen) auch so jederzeit abgerufen werden. Ganz ohne Scannen!<\/p>\n\n\n\n<h3>Kein Hund in Sicht?<\/h3>\n\n\n\n<p>Macht nichts! Scanne ganz einfach dich selbst, deine Freunde, deine Familie oder Menschen aus deinem Umfeld und finde heraus, mit welchen Hunden ihr am meisten \u00c4hnlichkeit habt!<br><br>Klingt zwar komisch, geht aber wirklich: Die Hundeerkennung funktioniert auch bei Menschen. Mach einfach ein Selfie und finde heraus, was f\u00fcr ein Hund du selber bist!<\/p>\n\n\n\n<h3>Werde Teil unserer Dog Scanner Community!<\/h3>\n\n\n\n<p>Teile deine Ergebnisse und vergleiche sie mit denen aus der Hunde-Community! Lade Bilder von deinem liebsten Vierbeiner in unseren Social Feed und tausche dich mit anderen Hundeliebhabern aus! Schau dir die Profile und Fotos anderer Nutzer an, like und kommentiere Beitr\u00e4ge aus unserer Hunde-Community und filtere sie nach Aktualit\u00e4t oder Beliebtheit!<br><br>Zus\u00e4tzlich kannst du problemlos deine Posts mit deinen Freunden teilen, indem du ein Bild ganz einfach direkt aus der Dog Scanner App verschickst.<\/p>\n\n\n\n<h3>Sammle alle Hunderassen und werde zum Experten!<\/h3>\n\n\n\n<p>Sammle alle Rassen genau wie in Pok\u00e9mon Go. Eine \u00dcbersicht der von dir gescannten Hunderassen findest du jederzeit in der App. Meistere die Herausforderungen, erspiele virtuelle Leckerlis und werde so zu einem waschechten Hundeexperten!<br><br>Messe dich mit deinen Freunden und Nutzern aus der Community und steige in unserer Rangliste bis ganz nach oben auf!<\/p>\n\n\n\n<h3>Gib uns Feedback zur Dog Scanner App!<\/h3>\n\n\n\n<p>Teile uns in der App mit, ob die Hunderasse korrekt identifiziert wurde. Falls nicht, werden dir n\u00fctzliche Tipps angezeigt, um das eigene Ergebnis zu verbessern. Wenn du zus\u00e4tzlich angibst, um welche Hunderasse es sich auf deinem Foto handelt, lernt die App automatisch, noch genauere Ergebnisse liefern zu k\u00f6nnen. Schlag uns au\u00dferdem weitere Hunderassen vor oder stimme f\u00fcr (inoffizielle) Rassen ab, die zuk\u00fcnftig in der App ber\u00fccksichtigt werden sollen!<\/p>\n\n\n\n<h3>Sichere dir dein Premium-Upgrade!<\/h3>\n\n\n\n<p>Mit unserer Premium-Version siehst du in der App keine Werbung mehr und erh\u00e4ltst deine Ergebnisse noch schneller. Weiterhin kannst du von nun an selber w\u00e4hlen, ob deine Hunderassen besonders schnell oder besonders genau erkannt werden sollen. Au\u00dferdem sind deine Scans mit der Premium-Version auch im Offline-Modus m\u00f6glich. Du ben\u00f6tigst also keine Internetverbindung mehr, um Hunderassen zu identifizieren. Mit einem freiwilligen In-App-Kauf der Premium-Version erh\u00e4ltst du nicht nur viele Vorteile, sondern unterst\u00fctzt ganz nebenbei auch diese App.<\/p>\n\n\n\n<h3>Folge uns auf Social Media!<\/h3>\n\n\n\n<p>Auf unseren Social Media Kan\u00e4len versorgen wir dich regelm\u00e4\u00dfig mit den sch\u00f6nsten Hundebildern aus der Community. Au\u00dferdem findest du hier viele interessante Fakten rund um den besten Freund des Menschen. Dar\u00fcber hinaus halten wir dich nat\u00fcrlich \u00fcber alle Neuerungen in der Dog Scanner App auf dem Laufenden.  <br><br>* <u><a rel=\"noreferrer noopener\" aria-label=\" (opens in a new tab)\" href=\"https:\/\/www.instagram.com\/dogscanner_app\" target=\"_blank\">Instagram<\/a><\/u> <br>* <u><a rel=\"noreferrer noopener\" aria-label=\" (opens in a new tab)\" href=\"https:\/\/www.facebook.com\/DogScannerApp\" target=\"_blank\">Facebook<\/a><\/u> <br>* <u><a rel=\"noreferrer noopener\" aria-label=\" (opens in a new tab)\" href=\"https:\/\/twitter.com\/dogscanner_app\" target=\"_blank\">Twitter<\/a><\/u><\/p>\n\n\n\n<h3>Probiere den Dog Scanner einfach mal aus!<\/h3>\n\n\n\n<p>Lade die Dog Scanner App jederzeit f\u00fcr Android im <u><a href=\"https:\/\/play.google.com\/store\/apps\/details?id=com.siwalusoftware.dogscanner&amp;referrer=utm_source%3Dsiwalusoftware.com\" target=\"_blank\" rel=\"noreferrer noopener\" aria-label=\" (opens in a new tab)\">Google Play Store<\/a><\/u> oder f\u00fcr iOS im <u><a href=\"https:\/\/itunes.apple.com\/app\/apple-store\/id1447489158?pt=119468156&amp;ct=siwalusoftware.com&amp;mt=8\" target=\"_blank\" rel=\"noreferrer noopener\" aria-label=\" (opens in a new tab)\">Apple App Store<\/a><\/u> kostenlos herunter!<br><br>Trotz der speicherfreundlichen App-Gr\u00f6\u00dfe erh\u00e4ltst du die volle Funktionalit\u00e4t und kannst jederzeit Hunderassen identifizieren oder auf unsere umfassende Datenbank zugreifen!<br><br>Hast du schon einmal beim Spazierengehen einen Hund gesehen und dich gefragt, was f\u00fcr ein Hund das wohl ist? Vielleicht kennst du sogar die Hunderasse, aber kommst einfach nicht auf ihren Namen? Oder du hast selber einen Hund, dessen Rasse du noch immer nicht kennst? Gut, vielleicht wei\u00dft du, dass du einen Mischling hast, aber welche Rassen stecken wirklich in deinem Vierbeiner? <br><br>Bevor du in Erw\u00e4gung ziehst, einen teuren DNA-Test in Auftrag zu geben, kann dir die Dog Scanner App bei all diesen Fragen helfen! Scanne einfach den Hund mit der App und die Hunderasse wird in wenigen Sekunden automatisch erkannt!<\/p>\n\n\n\n<h3>Disclaimer:<\/h3>\n\n\n\n<p>Diese App ist nicht in der Lage dein Smartphone in ein abgefahrenes Raumschiff zu verwandeln, das mithilfe eines magischen Lasers eine Blutprobe deines Hundes entnehmen kann. Diese App macht begr\u00fcndete Vorhersagen auf der Grundlage dessen, was sie sehen kann. Im Allgemeinen sind diese Vorhersagen bereits ziemlich treffsicher. Dennoch k\u00f6nnen die Ergebnisse nur so gut sein wie das Bild bzw. das Video, welches der App zur Verf\u00fcgung gestellt wird. Dar\u00fcber hinaus ist es unm\u00f6glich zu garantieren, dass jeder einzelne Hund korrekt erkannt wird. Leider nehmen es viele Leute pers\u00f6nlich, wenn dies ihren eigenen Familienhund betrifft. Wenn du der App zumindest eine Chance gibst, indem du mehr als nur einen Hund scannst, wirst du sehen, dass die Performance der App insgesamt \u00fcberzeugen kann. Anstatt viel Geld f\u00fcr einen teuren DNA-Test bezahlen zu m\u00fcssen, kannst du die Dog Scanner App vollkommen gratis nutzen. Viel Spa\u00df damit!<\/p>\n","protected":false},"excerpt":{"rendered":"<p>Unbekannte Hunderasse? Schie\u00dfe einfach schnell ein Foto oder drehe ein kurzes Video \u2013 mithilfe unserer Dog Scanner App kannst du die Rasse deines Hundes in [&hellip;]<\/p>\n","protected":false},"author":1,"featured_media":0,"parent":0,"menu_order":0,"comment_status":"closed","ping_status":"closed","template":"page-templates\/app-flavor-main-page.php","meta":[],"yoast_head":"<!-- This site is optimized with the Yoast SEO plugin v16.9 - https:\/\/yoast.com\/wordpress\/plugins\/seo\/ -->\n<title>Dog Scanner - #1 Hunderassen-Erkennung unter Android und iOS<\/title>\n<meta name=\"description\" content=\"Unbekannte Hunderasse? Mache einfach ein Foto und die Dog Scanner App ermittelt die Antwort automatisch! Zudem zeigt die App auch Mischlingsrassen an.\" \/>\n<meta name=\"robots\" content=\"index, follow, max-snippet:-1, max-image-preview:large, max-video-preview:-1\" \/>\n<link rel=\"canonical\" href=\"https:\/\/siwalusoftware.com\/de\/dog-scanner\/\" \/>\n<meta property=\"og:locale\" content=\"de_DE\" \/>\n<meta property=\"og:type\" content=\"article\" \/>\n<meta property=\"og:title\" content=\"Dog Scanner - #1 Hunderassen-Erkennung unter Android und iOS\" \/>\n<meta property=\"og:description\" content=\"Unbekannte Hunderasse? Mache einfach ein Foto und die Dog Scanner App ermittelt die Antwort automatisch! Zudem zeigt die App auch Mischlingsrassen an.\" \/>\n<meta property=\"og:url\" content=\"https:\/\/siwalusoftware.com\/de\/dog-scanner\/\" \/>\n<meta property=\"og:site_name\" content=\"Siwalu Software\" \/>\n<meta property=\"article:publisher\" content=\"https:\/\/facebook.com\/DogScannerApp\" \/>\n<meta property=\"article:modified_time\" content=\"2020-05-19T15:25:45+00:00\" \/>\n<meta name=\"twitter:card\" content=\"summary_large_image\" \/>\n<meta name=\"twitter:site\" content=\"@dogscanner_app\" \/>\n<meta name=\"twitter:label1\" content=\"Gesch\u00e4tzte Lesezeit\" \/>\n\t<meta name=\"twitter:data1\" content=\"5 Minuten\" \/>\n<script type=\"application\/ld+json\" class=\"yoast-schema-graph\">{\"@context\":\"https:\/\/schema.org\",\"@graph\":[{\"@type\":\"Organization\",\"@id\":\"https:\/\/siwalusoftware.com\/zh-hans\/#organization\",\"name\":\"Siwalu Software GmbH\",\"url\":\"https:\/\/siwalusoftware.com\/zh-hans\/\",\"sameAs\":[\"https:\/\/facebook.com\/DogScannerApp\",\"https:\/\/instagram.com\/dogscanner_app\",\"https:\/\/www.linkedin.com\/company\/siwalu\/\",\"https:\/\/www.youtube.com\/channel\/UCexEBJ5uq8Vx0bdgg70Lr8g\",\"https:\/\/twitter.com\/dogscanner_app\"],\"logo\":{\"@type\":\"ImageObject\",\"@id\":\"https:\/\/siwalusoftware.com\/zh-hans\/#logo\",\"inLanguage\":\"de-DE\",\"url\":\"https:\/\/siwalusoftware.com\/wp-content\/uploads\/2020\/01\/siwalu-logo-negativ-background-e1580133589167.png\",\"contentUrl\":\"https:\/\/siwalusoftware.com\/wp-content\/uploads\/2020\/01\/siwalu-logo-negativ-background-e1580133589167.png\",\"width\":512,\"height\":307,\"caption\":\"Siwalu Software GmbH\"},\"image\":{\"@id\":\"https:\/\/siwalusoftware.com\/zh-hans\/#logo\"}},{\"@type\":\"WebSite\",\"@id\":\"https:\/\/siwalusoftware.com\/zh-hans\/#website\",\"url\":\"https:\/\/siwalusoftware.com\/zh-hans\/\",\"name\":\"Siwalu Software\",\"description\":\"AI-based animal recognition\",\"publisher\":{\"@id\":\"https:\/\/siwalusoftware.com\/zh-hans\/#organization\"},\"potentialAction\":[{\"@type\":\"SearchAction\",\"target\":{\"@type\":\"EntryPoint\",\"urlTemplate\":\"https:\/\/siwalusoftware.com\/zh-hans\/?s={search_term_string}\"},\"query-input\":\"required name=search_term_string\"}],\"inLanguage\":\"de-DE\"},{\"@type\":\"WebPage\",\"@id\":\"https:\/\/siwalusoftware.com\/de\/dog-scanner\/#webpage\",\"url\":\"https:\/\/siwalusoftware.com\/de\/dog-scanner\/\",\"name\":\"Dog Scanner - #1 Hunderassen-Erkennung unter Android und iOS\",\"isPartOf\":{\"@id\":\"https:\/\/siwalusoftware.com\/zh-hans\/#website\"},\"datePublished\":\"2020-01-13T15:37:09+00:00\",\"dateModified\":\"2020-05-19T15:25:45+00:00\",\"description\":\"Unbekannte Hunderasse? Mache einfach ein Foto und die Dog Scanner App ermittelt die Antwort automatisch! Zudem zeigt die App auch Mischlingsrassen an.\",\"breadcrumb\":{\"@id\":\"https:\/\/siwalusoftware.com\/de\/dog-scanner\/#breadcrumb\"},\"inLanguage\":\"de-DE\",\"potentialAction\":[{\"@type\":\"ReadAction\",\"target\":[\"https:\/\/siwalusoftware.com\/de\/dog-scanner\/\"]}]},{\"@type\":\"BreadcrumbList\",\"@id\":\"https:\/\/siwalusoftware.com\/de\/dog-scanner\/#breadcrumb\",\"itemListElement\":[{\"@type\":\"ListItem\",\"position\":1,\"name\":\"Home\",\"item\":\"https:\/\/siwalusoftware.com\/de\/\"},{\"@type\":\"ListItem\",\"position\":2,\"name\":\"Dog Scanner\"}]}]}<\/script>\n<!-- \/ Yoast SEO plugin. -->","yoast_head_json":{"title":"Dog Scanner - #1 Hunderassen-Erkennung unter Android und iOS","description":"Unbekannte Hunderasse? Mache einfach ein Foto und die Dog Scanner App ermittelt die Antwort automatisch! Zudem zeigt die App auch Mischlingsrassen an.","robots":{"index":"index","follow":"follow","max-snippet":"max-snippet:-1","max-image-preview":"max-image-preview:large","max-video-preview":"max-video-preview:-1"},"canonical":"https:\/\/siwalusoftware.com\/de\/dog-scanner\/","og_locale":"de_DE","og_type":"article","og_title":"Dog Scanner - #1 Hunderassen-Erkennung unter Android und iOS","og_description":"Unbekannte Hunderasse? Mache einfach ein Foto und die Dog Scanner App ermittelt die Antwort automatisch! Zudem zeigt die App auch Mischlingsrassen an.","og_url":"https:\/\/siwalusoftware.com\/de\/dog-scanner\/","og_site_name":"Siwalu Software","article_publisher":"https:\/\/facebook.com\/DogScannerApp","article_modified_time":"2020-05-19T15:25:45+00:00","twitter_card":"summary_large_image","twitter_site":"@dogscanner_app","twitter_misc":{"Gesch\u00e4tzte Lesezeit":"5 Minuten"},"schema":{"@context":"https:\/\/schema.org","@graph":[{"@type":"Organization","@id":"https:\/\/siwalusoftware.com\/zh-hans\/#organization","name":"Siwalu Software GmbH","url":"https:\/\/siwalusoftware.com\/zh-hans\/","sameAs":["https:\/\/facebook.com\/DogScannerApp","https:\/\/instagram.com\/dogscanner_app","https:\/\/www.linkedin.com\/company\/siwalu\/","https:\/\/www.youtube.com\/channel\/UCexEBJ5uq8Vx0bdgg70Lr8g","https:\/\/twitter.com\/dogscanner_app"],"logo":{"@type":"ImageObject","@id":"https:\/\/siwalusoftware.com\/zh-hans\/#logo","inLanguage":"de-DE","url":"https:\/\/siwalusoftware.com\/wp-content\/uploads\/2020\/01\/siwalu-logo-negativ-background-e1580133589167.png","contentUrl":"https:\/\/siwalusoftware.com\/wp-content\/uploads\/2020\/01\/siwalu-logo-negativ-background-e1580133589167.png","width":512,"height":307,"caption":"Siwalu Software GmbH"},"image":{"@id":"https:\/\/siwalusoftware.com\/zh-hans\/#logo"}},{"@type":"WebSite","@id":"https:\/\/siwalusoftware.com\/zh-hans\/#website","url":"https:\/\/siwalusoftware.com\/zh-hans\/","name":"Siwalu Software","description":"AI-based animal recognition","publisher":{"@id":"https:\/\/siwalusoftware.com\/zh-hans\/#organization"},"potentialAction":[{"@type":"SearchAction","target":{"@type":"EntryPoint","urlTemplate":"https:\/\/siwalusoftware.com\/zh-hans\/?s={search_term_string}"},"query-input":"required name=search_term_string"}],"inLanguage":"de-DE"},{"@type":"WebPage","@id":"https:\/\/siwalusoftware.com\/de\/dog-scanner\/#webpage","url":"https:\/\/siwalusoftware.com\/de\/dog-scanner\/","name":"Dog Scanner - #1 Hunderassen-Erkennung unter Android und iOS","isPartOf":{"@id":"https:\/\/siwalusoftware.com\/zh-hans\/#website"},"datePublished":"2020-01-13T15:37:09+00:00","dateModified":"2020-05-19T15:25:45+00:00","description":"Unbekannte Hunderasse? Mache einfach ein Foto und die Dog Scanner App ermittelt die Antwort automatisch! Zudem zeigt die App auch Mischlingsrassen an.","breadcrumb":{"@id":"https:\/\/siwalusoftware.com\/de\/dog-scanner\/#breadcrumb"},"inLanguage":"de-DE","potentialAction":[{"@type":"ReadAction","target":["https:\/\/siwalusoftware.com\/de\/dog-scanner\/"]}]},{"@type":"BreadcrumbList","@id":"https:\/\/siwalusoftware.com\/de\/dog-scanner\/#breadcrumb","itemListElement":[{"@type":"ListItem","position":1,"name":"Home","item":"https:\/\/siwalusoftware.com\/de\/"},{"@type":"ListItem","position":2,"name":"Dog Scanner"}]}]}},"_links":{"self":[{"href":"https:\/\/siwalusoftware.com\/de\/wp-json\/wp\/v2\/pages\/96"}],"collection":[{"href":"https:\/\/siwalusoftware.com\/de\/wp-json\/wp\/v2\/pages"}],"about":[{"href":"https:\/\/siwalusoftware.com\/de\/wp-json\/wp\/v2\/types\/page"}],"author":[{"embeddable":true,"href":"https:\/\/siwalusoftware.com\/de\/wp-json\/wp\/v2\/users\/1"}],"replies":[{"embeddable":true,"href":"https:\/\/siwalusoftware.com\/de\/wp-json\/wp\/v2\/comments?post=96"}],"version-history":[{"count":55,"href":"https:\/\/siwalusoftware.com\/de\/wp-json\/wp\/v2\/pages\/96\/revisions"}],"predecessor-version":[{"id":1169,"href":"https:\/\/siwalusoftware.com\/de\/wp-json\/wp\/v2\/pages\/96\/revisions\/1169"}],"wp:attachment":[{"href":"https:\/\/siwalusoftware.com\/de\/wp-json\/wp\/v2\/media?parent=96"}],"curies":[{"name":"wp","href":"https:\/\/api.w.org\/{rel}","templated":true}]}}