{"id":635,"date":"2020-01-13T17:09:46","date_gmt":"2020-01-13T16:09:46","guid":{"rendered":"https:\/\/siwalusoftware.com\/contact\/"},"modified":"2020-06-04T00:12:08","modified_gmt":"2020-06-03T22:12:08","slug":"contactanos","status":"publish","type":"page","link":"https:\/\/siwalusoftware.com\/es\/contactanos\/","title":{"rendered":"Cont\u00e1ctanos"},"content":{"rendered":"<div role=\"form\" class=\"wpcf7\" id=\"wpcf7-f1290-o1\" lang=\"es-ES\" dir=\"ltr\">\n<div class=\"screen-reader-response\"><p role=\"status\" aria-live=\"polite\" aria-atomic=\"true\"><\/p> <ul><\/ul><\/div>\n<form action=\"\/es\/wp-json\/wp\/v2\/pages\/635#wpcf7-f1290-o1\" method=\"post\" class=\"wpcf7-form init\" enctype=\"multipart\/form-data\" novalidate=\"novalidate\" data-status=\"init\">\n<div style=\"display: none;\">\n<input type=\"hidden\" name=\"_wpcf7\" value=\"1290\" \/>\n<input type=\"hidden\" name=\"_wpcf7_version\" value=\"5.4.2\" \/>\n<input type=\"hidden\" name=\"_wpcf7_locale\" value=\"es_ES\" \/>\n<input type=\"hidden\" name=\"_wpcf7_unit_tag\" value=\"wpcf7-f1290-o1\" \/>\n<input type=\"hidden\" name=\"_wpcf7_container_post\" value=\"0\" \/>\n<input type=\"hidden\" name=\"_wpcf7_posted_data_hash\" value=\"\" \/>\n<\/div>\n<div class=\"form-group\">\n  <label for=\"your-name\">Tu nombre<\/label>\n    <span class=\"wpcf7-form-control-wrap your-name\"><input type=\"text\" name=\"your-name\" value=\"\" size=\"40\" class=\"wpcf7-form-control wpcf7-text wpcf7-validates-as-required form-control\" id=\"your-name\" aria-required=\"true\" aria-invalid=\"false\" \/><\/span>\n<small class=\"text-muted\">\u00bfC\u00f3mo te llamaremos?<\/small>\n<\/div>\n\n<div class=\"form-group\">\n<label for=\"your-email\">Su Email<\/label>\n    <span class=\"wpcf7-form-control-wrap your-email\"><input type=\"email\" name=\"your-email\" value=\"\" size=\"40\" class=\"wpcf7-form-control wpcf7-text wpcf7-email wpcf7-validates-as-required wpcf7-validates-as-email form-control\" id=\"your-email\" aria-required=\"true\" aria-invalid=\"false\" \/><\/span>\n<small class=\"text-muted\">\u00bfC\u00f3mo podemos contactarlo?<\/small>\n<\/div>\n\n<div class=\"form-group\">\n<label for=\"your-subject\">Asunto<\/label>\n<span class=\"wpcf7-form-control-wrap your-subject\"><select name=\"your-subject\" class=\"wpcf7-form-control wpcf7-select wpcf7-validates-as-required form-control\" id=\"your-subject\" aria-required=\"true\" aria-invalid=\"false\"><option value=\"\">---<\/option><option value=\"Comentarios sobre el producto\">Comentarios sobre el producto<\/option><option value=\"Problema t\u00e9cnico\">Problema t\u00e9cnico<\/option><option value=\"Publicidad\">Publicidad<\/option><option value=\"Integraci\u00f3n de la API\">Integraci\u00f3n de la API<\/option><option value=\"Relaciones con los inversores\">Relaciones con los inversores<\/option><option value=\"Solicitud de empleo\">Solicitud de empleo<\/option><option value=\"Eliminaci\u00f3n de cuentas\">Eliminaci\u00f3n de cuentas<\/option><option value=\"Otros\">Otros<\/option><\/select><\/span>\n<small class=\"text-muted\">\u00bfDe qu\u00e9 se trata su petici\u00f3n?<\/small>\n<\/div>\n\n<div class=\"form-group\">\n<label for=\"your-message\">Su mensaje<\/label>\n    <span class=\"wpcf7-form-control-wrap your-message\"><textarea name=\"your-message\" cols=\"40\" rows=\"10\" class=\"wpcf7-form-control wpcf7-textarea wpcf7-validates-as-required form-control\" id=\"your-message\" aria-required=\"true\" aria-invalid=\"false\"><\/textarea><\/span>\n<small class=\"text-muted\">Por favor, describa su solicitud. Nos pondremos en contacto con usted lo antes posible.<\/small>\n<\/div>\n\n<div class=\"form-group\">\n<label for=\"your-attachment\">Anexo (opcional)<\/label>\n<span class=\"wpcf7-form-control-wrap your-attachment\"><input type=\"file\" name=\"your-attachment\" size=\"40\" class=\"wpcf7-form-control wpcf7-file form-control\" id=\"your-attachment\" accept=\".jpg,.jpeg,.png,.gif,.pdf,.doc,.docx,.ppt,.pptx,.odt,.avi,.ogg,.m4a,.mov,.mp3,.mp4,.mpg,.wav,.wmv\" aria-invalid=\"false\" \/><\/span>\n<small class=\"text-muted\">\u00bfTiene alg\u00fan archivo de apoyo como documentos o im\u00e1genes?<\/small>\n<\/div>\n\n<div class=\"row d-flex justify-content-center mt-5\">\n<div class=\"col-12 col-sm-6 col-md-6 col-lg-4\">\n<div class=\"form-group\">\n<span class=\"wpcf7-form-control-wrap\" data-name=\"hcap-cf7\">\t\t<input\n\t\t\t\ttype=\"hidden\"\n\t\t\t\tclass=\"hcaptcha-widget-id\"\n\t\t\t\tname=\"hcaptcha-widget-id\"\n\t\t\t\tvalue=\"eyJzb3VyY2UiOlsiY29udGFjdC1mb3JtLTdcL3dwLWNvbnRhY3QtZm9ybS03LnBocCJdLCJmb3JtX2lkIjo4NH0=-b4b57f321360935337df63c185abd11a\">\n\t\t\t\t<span id=\"hcap_cf7-69e1e806a0a024.03014432\" class=\"wpcf7-form-control h-captcha \"\n\t\t\t\tdata-sitekey=\"ef3b810a-644e-4727-a859-a568d8ca9fcc\"\n\t\t\t\tdata-theme=\"auto\"\n\t\t\t\tdata-size=\"normal\"\n\t\t\t\tdata-auto=\"false\"\n\t\t\t\tdata-ajax=\"false\"\n\t\t\t\tdata-force=\"true\">\n\t\t<\/span>\n\t\t<input type=\"hidden\" id=\"_wpnonce\" name=\"_wpnonce\" value=\"fe6c42ccb1\" \/><input type=\"hidden\" name=\"_wp_http_referer\" value=\"\/es\/wp-json\/wp\/v2\/pages\/635\" \/><\/span><input type=\"submit\" value=\"Env\u00eda\" class=\"wpcf7-form-control wpcf7-submit btn btn-dark btn-block\" \/>\n<\/div>\n<\/div>\n<\/div><div class=\"wpcf7-response-output\" aria-hidden=\"true\"><\/div><\/form><\/div>\n","protected":false},"excerpt":{"rendered":"","protected":false},"author":1,"featured_media":0,"parent":0,"menu_order":0,"comment_status":"closed","ping_status":"closed","template":"page-templates\/contact-form.php","meta":[],"yoast_head":"<!-- This site is optimized with the Yoast SEO plugin v16.9 - https:\/\/yoast.com\/wordpress\/plugins\/seo\/ -->\n<title>Cont\u00e1ctenos - Retroalimentaci\u00f3n, Asuntos T\u00e9cnicos, Negocios<\/title>\n<meta name=\"description\" content=\"Este es un formulario para informar sobre cuestiones t\u00e9cnicas y retroalimentaci\u00f3n o ponerse en contacto con nosotros en relaci\u00f3n con nuestras oportunidades de negocio.\" \/>\n<meta name=\"robots\" content=\"index, follow, max-snippet:-1, max-image-preview:large, max-video-preview:-1\" \/>\n<link rel=\"canonical\" href=\"https:\/\/siwalusoftware.com\/es\/contactanos\/\" \/>\n<meta property=\"og:locale\" content=\"es_ES\" \/>\n<meta property=\"og:type\" content=\"article\" \/>\n<meta property=\"og:title\" content=\"Cont\u00e1ctenos - Retroalimentaci\u00f3n, Asuntos T\u00e9cnicos, Negocios\" \/>\n<meta property=\"og:description\" content=\"Este es un formulario para informar sobre cuestiones t\u00e9cnicas y retroalimentaci\u00f3n o ponerse en contacto con nosotros en relaci\u00f3n con nuestras oportunidades de negocio.\" \/>\n<meta property=\"og:url\" content=\"https:\/\/siwalusoftware.com\/es\/contactanos\/\" \/>\n<meta property=\"og:site_name\" content=\"Siwalu Software\" \/>\n<meta property=\"article:publisher\" content=\"https:\/\/facebook.com\/DogScannerApp\" \/>\n<meta property=\"article:modified_time\" content=\"2020-06-03T22:12:08+00:00\" \/>\n<meta name=\"twitter:card\" content=\"summary_large_image\" \/>\n<meta name=\"twitter:site\" content=\"@dogscanner_app\" \/>\n<script type=\"application\/ld+json\" class=\"yoast-schema-graph\">{\"@context\":\"https:\/\/schema.org\",\"@graph\":[{\"@type\":\"Organization\",\"@id\":\"https:\/\/siwalusoftware.com\/zh-hans\/#organization\",\"name\":\"Siwalu Software GmbH\",\"url\":\"https:\/\/siwalusoftware.com\/zh-hans\/\",\"sameAs\":[\"https:\/\/facebook.com\/DogScannerApp\",\"https:\/\/instagram.com\/dogscanner_app\",\"https:\/\/www.linkedin.com\/company\/siwalu\/\",\"https:\/\/www.youtube.com\/channel\/UCexEBJ5uq8Vx0bdgg70Lr8g\",\"https:\/\/twitter.com\/dogscanner_app\"],\"logo\":{\"@type\":\"ImageObject\",\"@id\":\"https:\/\/siwalusoftware.com\/zh-hans\/#logo\",\"inLanguage\":\"es\",\"url\":\"https:\/\/siwalusoftware.com\/wp-content\/uploads\/2020\/01\/siwalu-logo-negativ-background-e1580133589167.png\",\"contentUrl\":\"https:\/\/siwalusoftware.com\/wp-content\/uploads\/2020\/01\/siwalu-logo-negativ-background-e1580133589167.png\",\"width\":512,\"height\":307,\"caption\":\"Siwalu Software GmbH\"},\"image\":{\"@id\":\"https:\/\/siwalusoftware.com\/zh-hans\/#logo\"}},{\"@type\":\"WebSite\",\"@id\":\"https:\/\/siwalusoftware.com\/zh-hans\/#website\",\"url\":\"https:\/\/siwalusoftware.com\/zh-hans\/\",\"name\":\"Siwalu Software\",\"description\":\"AI-based animal recognition\",\"publisher\":{\"@id\":\"https:\/\/siwalusoftware.com\/zh-hans\/#organization\"},\"potentialAction\":[{\"@type\":\"SearchAction\",\"target\":{\"@type\":\"EntryPoint\",\"urlTemplate\":\"https:\/\/siwalusoftware.com\/zh-hans\/?s={search_term_string}\"},\"query-input\":\"required name=search_term_string\"}],\"inLanguage\":\"es\"},{\"@type\":\"WebPage\",\"@id\":\"https:\/\/siwalusoftware.com\/es\/contactanos\/#webpage\",\"url\":\"https:\/\/siwalusoftware.com\/es\/contactanos\/\",\"name\":\"Cont\\u00e1ctenos - Retroalimentaci\\u00f3n, Asuntos T\\u00e9cnicos, Negocios\",\"isPartOf\":{\"@id\":\"https:\/\/siwalusoftware.com\/zh-hans\/#website\"},\"datePublished\":\"2020-01-13T16:09:46+00:00\",\"dateModified\":\"2020-06-03T22:12:08+00:00\",\"description\":\"Este es un formulario para informar sobre cuestiones t\\u00e9cnicas y retroalimentaci\\u00f3n o ponerse en contacto con nosotros en relaci\\u00f3n con nuestras oportunidades de negocio.\",\"breadcrumb\":{\"@id\":\"https:\/\/siwalusoftware.com\/es\/contactanos\/#breadcrumb\"},\"inLanguage\":\"es\",\"potentialAction\":[{\"@type\":\"ReadAction\",\"target\":[\"https:\/\/siwalusoftware.com\/es\/contactanos\/\"]}]},{\"@type\":\"BreadcrumbList\",\"@id\":\"https:\/\/siwalusoftware.com\/es\/contactanos\/#breadcrumb\",\"itemListElement\":[{\"@type\":\"ListItem\",\"position\":1,\"name\":\"Home\",\"item\":\"https:\/\/siwalusoftware.com\/es\/\"},{\"@type\":\"ListItem\",\"position\":2,\"name\":\"Cont\\u00e1ctanos\"}]}]}<\/script>\n<!-- \/ Yoast SEO plugin. -->","yoast_head_json":{"title":"Cont\u00e1ctenos - Retroalimentaci\u00f3n, Asuntos T\u00e9cnicos, Negocios","description":"Este es un formulario para informar sobre cuestiones t\u00e9cnicas y retroalimentaci\u00f3n o ponerse en contacto con nosotros en relaci\u00f3n con nuestras oportunidades de negocio.","robots":{"index":"index","follow":"follow","max-snippet":"max-snippet:-1","max-image-preview":"max-image-preview:large","max-video-preview":"max-video-preview:-1"},"canonical":"https:\/\/siwalusoftware.com\/es\/contactanos\/","og_locale":"es_ES","og_type":"article","og_title":"Cont\u00e1ctenos - Retroalimentaci\u00f3n, Asuntos T\u00e9cnicos, Negocios","og_description":"Este es un formulario para informar sobre cuestiones t\u00e9cnicas y retroalimentaci\u00f3n o ponerse en contacto con nosotros en relaci\u00f3n con nuestras oportunidades de negocio.","og_url":"https:\/\/siwalusoftware.com\/es\/contactanos\/","og_site_name":"Siwalu Software","article_publisher":"https:\/\/facebook.com\/DogScannerApp","article_modified_time":"2020-06-03T22:12:08+00:00","twitter_card":"summary_large_image","twitter_site":"@dogscanner_app","schema":{"@context":"https:\/\/schema.org","@graph":[{"@type":"Organization","@id":"https:\/\/siwalusoftware.com\/zh-hans\/#organization","name":"Siwalu Software GmbH","url":"https:\/\/siwalusoftware.com\/zh-hans\/","sameAs":["https:\/\/facebook.com\/DogScannerApp","https:\/\/instagram.com\/dogscanner_app","https:\/\/www.linkedin.com\/company\/siwalu\/","https:\/\/www.youtube.com\/channel\/UCexEBJ5uq8Vx0bdgg70Lr8g","https:\/\/twitter.com\/dogscanner_app"],"logo":{"@type":"ImageObject","@id":"https:\/\/siwalusoftware.com\/zh-hans\/#logo","inLanguage":"es","url":"https:\/\/siwalusoftware.com\/wp-content\/uploads\/2020\/01\/siwalu-logo-negativ-background-e1580133589167.png","contentUrl":"https:\/\/siwalusoftware.com\/wp-content\/uploads\/2020\/01\/siwalu-logo-negativ-background-e1580133589167.png","width":512,"height":307,"caption":"Siwalu Software GmbH"},"image":{"@id":"https:\/\/siwalusoftware.com\/zh-hans\/#logo"}},{"@type":"WebSite","@id":"https:\/\/siwalusoftware.com\/zh-hans\/#website","url":"https:\/\/siwalusoftware.com\/zh-hans\/","name":"Siwalu Software","description":"AI-based animal recognition","publisher":{"@id":"https:\/\/siwalusoftware.com\/zh-hans\/#organization"},"potentialAction":[{"@type":"SearchAction","target":{"@type":"EntryPoint","urlTemplate":"https:\/\/siwalusoftware.com\/zh-hans\/?s={search_term_string}"},"query-input":"required name=search_term_string"}],"inLanguage":"es"},{"@type":"WebPage","@id":"https:\/\/siwalusoftware.com\/es\/contactanos\/#webpage","url":"https:\/\/siwalusoftware.com\/es\/contactanos\/","name":"Cont\u00e1ctenos - Retroalimentaci\u00f3n, Asuntos T\u00e9cnicos, Negocios","isPartOf":{"@id":"https:\/\/siwalusoftware.com\/zh-hans\/#website"},"datePublished":"2020-01-13T16:09:46+00:00","dateModified":"2020-06-03T22:12:08+00:00","description":"Este es un formulario para informar sobre cuestiones t\u00e9cnicas y retroalimentaci\u00f3n o ponerse en contacto con nosotros en relaci\u00f3n con nuestras oportunidades de negocio.","breadcrumb":{"@id":"https:\/\/siwalusoftware.com\/es\/contactanos\/#breadcrumb"},"inLanguage":"es","potentialAction":[{"@type":"ReadAction","target":["https:\/\/siwalusoftware.com\/es\/contactanos\/"]}]},{"@type":"BreadcrumbList","@id":"https:\/\/siwalusoftware.com\/es\/contactanos\/#breadcrumb","itemListElement":[{"@type":"ListItem","position":1,"name":"Home","item":"https:\/\/siwalusoftware.com\/es\/"},{"@type":"ListItem","position":2,"name":"Cont\u00e1ctanos"}]}]}},"_links":{"self":[{"href":"https:\/\/siwalusoftware.com\/es\/wp-json\/wp\/v2\/pages\/635"}],"collection":[{"href":"https:\/\/siwalusoftware.com\/es\/wp-json\/wp\/v2\/pages"}],"about":[{"href":"https:\/\/siwalusoftware.com\/es\/wp-json\/wp\/v2\/types\/page"}],"author":[{"embeddable":true,"href":"https:\/\/siwalusoftware.com\/es\/wp-json\/wp\/v2\/users\/1"}],"replies":[{"embeddable":true,"href":"https:\/\/siwalusoftware.com\/es\/wp-json\/wp\/v2\/comments?post=635"}],"version-history":[{"count":1,"href":"https:\/\/siwalusoftware.com\/es\/wp-json\/wp\/v2\/pages\/635\/revisions"}],"predecessor-version":[{"id":1053,"href":"https:\/\/siwalusoftware.com\/es\/wp-json\/wp\/v2\/pages\/635\/revisions\/1053"}],"wp:attachment":[{"href":"https:\/\/siwalusoftware.com\/es\/wp-json\/wp\/v2\/media?parent=635"}],"curies":[{"name":"wp","href":"https:\/\/api.w.org\/{rel}","templated":true}]}}