{"id":642,"date":"2020-01-13T15:39:52","date_gmt":"2020-01-13T14:39:52","guid":{"rendered":"https:\/\/siwalusoftware.com\/home\/"},"modified":"2020-05-18T13:23:40","modified_gmt":"2020-05-18T11:23:40","slug":"home","status":"publish","type":"page","link":"https:\/\/siwalusoftware.com\/es\/","title":{"rendered":"Home"},"content":{"rendered":"","protected":false},"excerpt":{"rendered":"","protected":false},"author":1,"featured_media":0,"parent":0,"menu_order":0,"comment_status":"closed","ping_status":"closed","template":"","meta":[],"yoast_head":"<!-- This site is optimized with the Yoast SEO plugin v16.9 - https:\/\/yoast.com\/wordpress\/plugins\/seo\/ -->\n<title>Siwalu - Reconocimiento de animales basado en la IA<\/title>\n<meta name=\"description\" content=\"Siwalu desarrolla el reconocimiento de im\u00e1genes basado en la IA. Nuestras aplicaciones son una soluci\u00f3n m\u00f3vil inteligente para entender mejor a los animales y aprender sobre la diversidad de la naturaleza.\" \/>\n<meta name=\"robots\" content=\"index, follow, max-snippet:-1, max-image-preview:large, max-video-preview:-1\" \/>\n<link rel=\"canonical\" href=\"https:\/\/siwalusoftware.com\/es\/\" \/>\n<meta property=\"og:locale\" content=\"es_ES\" \/>\n<meta property=\"og:type\" content=\"article\" \/>\n<meta property=\"og:title\" content=\"Siwalu - Reconocimiento de animales basado en la IA\" \/>\n<meta property=\"og:description\" content=\"Siwalu desarrolla el reconocimiento de im\u00e1genes basado en la IA. Nuestras aplicaciones son una soluci\u00f3n m\u00f3vil inteligente para entender mejor a los animales y aprender sobre la diversidad de la naturaleza.\" \/>\n<meta property=\"og:url\" content=\"https:\/\/siwalusoftware.com\/es\/\" \/>\n<meta property=\"og:site_name\" content=\"Siwalu Software\" \/>\n<meta property=\"article:publisher\" content=\"https:\/\/facebook.com\/DogScannerApp\" \/>\n<meta property=\"article:modified_time\" content=\"2020-05-18T11:23:40+00:00\" \/>\n<meta name=\"twitter:card\" content=\"summary_large_image\" \/>\n<meta name=\"twitter:site\" content=\"@dogscanner_app\" \/>\n<script type=\"application\/ld+json\" class=\"yoast-schema-graph\">{\"@context\":\"https:\/\/schema.org\",\"@graph\":[{\"@type\":\"Organization\",\"@id\":\"https:\/\/siwalusoftware.com\/zh-hans\/#organization\",\"name\":\"Siwalu Software GmbH\",\"url\":\"https:\/\/siwalusoftware.com\/zh-hans\/\",\"sameAs\":[\"https:\/\/facebook.com\/DogScannerApp\",\"https:\/\/instagram.com\/dogscanner_app\",\"https:\/\/www.linkedin.com\/company\/siwalu\/\",\"https:\/\/www.youtube.com\/channel\/UCexEBJ5uq8Vx0bdgg70Lr8g\",\"https:\/\/twitter.com\/dogscanner_app\"],\"logo\":{\"@type\":\"ImageObject\",\"@id\":\"https:\/\/siwalusoftware.com\/zh-hans\/#logo\",\"inLanguage\":\"es\",\"url\":\"https:\/\/siwalusoftware.com\/wp-content\/uploads\/2020\/01\/siwalu-logo-negativ-background-e1580133589167.png\",\"contentUrl\":\"https:\/\/siwalusoftware.com\/wp-content\/uploads\/2020\/01\/siwalu-logo-negativ-background-e1580133589167.png\",\"width\":512,\"height\":307,\"caption\":\"Siwalu Software GmbH\"},\"image\":{\"@id\":\"https:\/\/siwalusoftware.com\/zh-hans\/#logo\"}},{\"@type\":\"WebSite\",\"@id\":\"https:\/\/siwalusoftware.com\/zh-hans\/#website\",\"url\":\"https:\/\/siwalusoftware.com\/zh-hans\/\",\"name\":\"Siwalu Software\",\"description\":\"AI-based animal recognition\",\"publisher\":{\"@id\":\"https:\/\/siwalusoftware.com\/zh-hans\/#organization\"},\"potentialAction\":[{\"@type\":\"SearchAction\",\"target\":{\"@type\":\"EntryPoint\",\"urlTemplate\":\"https:\/\/siwalusoftware.com\/zh-hans\/?s={search_term_string}\"},\"query-input\":\"required name=search_term_string\"}],\"inLanguage\":\"es\"},{\"@type\":\"WebPage\",\"@id\":\"https:\/\/siwalusoftware.com\/es\/#webpage\",\"url\":\"https:\/\/siwalusoftware.com\/es\/\",\"name\":\"Siwalu - Reconocimiento de animales basado en la IA\",\"isPartOf\":{\"@id\":\"https:\/\/siwalusoftware.com\/zh-hans\/#website\"},\"datePublished\":\"2020-01-13T14:39:52+00:00\",\"dateModified\":\"2020-05-18T11:23:40+00:00\",\"description\":\"Siwalu desarrolla el reconocimiento de im\\u00e1genes basado en la IA. Nuestras aplicaciones son una soluci\\u00f3n m\\u00f3vil inteligente para entender mejor a los animales y aprender sobre la diversidad de la naturaleza.\",\"breadcrumb\":{\"@id\":\"https:\/\/siwalusoftware.com\/es\/#breadcrumb\"},\"inLanguage\":\"es\",\"potentialAction\":[{\"@type\":\"ReadAction\",\"target\":[\"https:\/\/siwalusoftware.com\/es\/\"]}]},{\"@type\":\"BreadcrumbList\",\"@id\":\"https:\/\/siwalusoftware.com\/es\/#breadcrumb\",\"itemListElement\":[{\"@type\":\"ListItem\",\"position\":1,\"name\":\"Home\",\"item\":\"https:\/\/siwalusoftware.com\/es\/\"},{\"@type\":\"ListItem\",\"position\":2,\"name\":\"Home\"}]}]}<\/script>\n<!-- \/ Yoast SEO plugin. -->","yoast_head_json":{"title":"Siwalu - Reconocimiento de animales basado en la IA","description":"Siwalu desarrolla el reconocimiento de im\u00e1genes basado en la IA. Nuestras aplicaciones son una soluci\u00f3n m\u00f3vil inteligente para entender mejor a los animales y aprender sobre la diversidad de la naturaleza.","robots":{"index":"index","follow":"follow","max-snippet":"max-snippet:-1","max-image-preview":"max-image-preview:large","max-video-preview":"max-video-preview:-1"},"canonical":"https:\/\/siwalusoftware.com\/es\/","og_locale":"es_ES","og_type":"article","og_title":"Siwalu - Reconocimiento de animales basado en la IA","og_description":"Siwalu desarrolla el reconocimiento de im\u00e1genes basado en la IA. Nuestras aplicaciones son una soluci\u00f3n m\u00f3vil inteligente para entender mejor a los animales y aprender sobre la diversidad de la naturaleza.","og_url":"https:\/\/siwalusoftware.com\/es\/","og_site_name":"Siwalu Software","article_publisher":"https:\/\/facebook.com\/DogScannerApp","article_modified_time":"2020-05-18T11:23:40+00:00","twitter_card":"summary_large_image","twitter_site":"@dogscanner_app","schema":{"@context":"https:\/\/schema.org","@graph":[{"@type":"Organization","@id":"https:\/\/siwalusoftware.com\/zh-hans\/#organization","name":"Siwalu Software GmbH","url":"https:\/\/siwalusoftware.com\/zh-hans\/","sameAs":["https:\/\/facebook.com\/DogScannerApp","https:\/\/instagram.com\/dogscanner_app","https:\/\/www.linkedin.com\/company\/siwalu\/","https:\/\/www.youtube.com\/channel\/UCexEBJ5uq8Vx0bdgg70Lr8g","https:\/\/twitter.com\/dogscanner_app"],"logo":{"@type":"ImageObject","@id":"https:\/\/siwalusoftware.com\/zh-hans\/#logo","inLanguage":"es","url":"https:\/\/siwalusoftware.com\/wp-content\/uploads\/2020\/01\/siwalu-logo-negativ-background-e1580133589167.png","contentUrl":"https:\/\/siwalusoftware.com\/wp-content\/uploads\/2020\/01\/siwalu-logo-negativ-background-e1580133589167.png","width":512,"height":307,"caption":"Siwalu Software GmbH"},"image":{"@id":"https:\/\/siwalusoftware.com\/zh-hans\/#logo"}},{"@type":"WebSite","@id":"https:\/\/siwalusoftware.com\/zh-hans\/#website","url":"https:\/\/siwalusoftware.com\/zh-hans\/","name":"Siwalu Software","description":"AI-based animal recognition","publisher":{"@id":"https:\/\/siwalusoftware.com\/zh-hans\/#organization"},"potentialAction":[{"@type":"SearchAction","target":{"@type":"EntryPoint","urlTemplate":"https:\/\/siwalusoftware.com\/zh-hans\/?s={search_term_string}"},"query-input":"required name=search_term_string"}],"inLanguage":"es"},{"@type":"WebPage","@id":"https:\/\/siwalusoftware.com\/es\/#webpage","url":"https:\/\/siwalusoftware.com\/es\/","name":"Siwalu - Reconocimiento de animales basado en la IA","isPartOf":{"@id":"https:\/\/siwalusoftware.com\/zh-hans\/#website"},"datePublished":"2020-01-13T14:39:52+00:00","dateModified":"2020-05-18T11:23:40+00:00","description":"Siwalu desarrolla el reconocimiento de im\u00e1genes basado en la IA. Nuestras aplicaciones son una soluci\u00f3n m\u00f3vil inteligente para entender mejor a los animales y aprender sobre la diversidad de la naturaleza.","breadcrumb":{"@id":"https:\/\/siwalusoftware.com\/es\/#breadcrumb"},"inLanguage":"es","potentialAction":[{"@type":"ReadAction","target":["https:\/\/siwalusoftware.com\/es\/"]}]},{"@type":"BreadcrumbList","@id":"https:\/\/siwalusoftware.com\/es\/#breadcrumb","itemListElement":[{"@type":"ListItem","position":1,"name":"Home","item":"https:\/\/siwalusoftware.com\/es\/"},{"@type":"ListItem","position":2,"name":"Home"}]}]}},"_links":{"self":[{"href":"https:\/\/siwalusoftware.com\/es\/wp-json\/wp\/v2\/pages\/642"}],"collection":[{"href":"https:\/\/siwalusoftware.com\/es\/wp-json\/wp\/v2\/pages"}],"about":[{"href":"https:\/\/siwalusoftware.com\/es\/wp-json\/wp\/v2\/types\/page"}],"author":[{"embeddable":true,"href":"https:\/\/siwalusoftware.com\/es\/wp-json\/wp\/v2\/users\/1"}],"replies":[{"embeddable":true,"href":"https:\/\/siwalusoftware.com\/es\/wp-json\/wp\/v2\/comments?post=642"}],"version-history":[{"count":1,"href":"https:\/\/siwalusoftware.com\/es\/wp-json\/wp\/v2\/pages\/642\/revisions"}],"predecessor-version":[{"id":1070,"href":"https:\/\/siwalusoftware.com\/es\/wp-json\/wp\/v2\/pages\/642\/revisions\/1070"}],"wp:attachment":[{"href":"https:\/\/siwalusoftware.com\/es\/wp-json\/wp\/v2\/media?parent=642"}],"curies":[{"name":"wp","href":"https:\/\/api.w.org\/{rel}","templated":true}]}}