{"id":654,"date":"2020-01-13T17:06:52","date_gmt":"2020-01-13T16:06:52","guid":{"rendered":"https:\/\/siwalusoftware.com\/horse-scanner\/"},"modified":"2020-05-20T15:29:09","modified_gmt":"2020-05-20T13:29:09","slug":"horse-scanner","status":"publish","type":"page","link":"https:\/\/siwalusoftware.com\/es\/horse-scanner\/","title":{"rendered":"Horse Scanner"},"content":{"rendered":"\n<h3>\u00bfVes un caballo, pero no conoces su raza?<\/h3>\n\n\n\n<p>S\u00f3lo tienes que hacer una foto o un v\u00eddeo r\u00e1pido del caballo: \u00a1con tu aplicaci\u00f3n de Horse Scanner puedes identificar la raza de un caballo de forma fiable en s\u00f3lo unos segundos! Nuestra c\u00e1mara integrada con Pinch To Zoom y Tap to Focus hace que la identificaci\u00f3n de las razas de caballos sea un paseo por el parque!<br><br>Por supuesto, la aplicaci\u00f3n Horse Scanner tambi\u00e9n permite subir im\u00e1genes de su galer\u00eda.<\/p>\n\n\n\n<h3>\u00a1Cu\u00e1ntas razas de caballos en la aplicaci\u00f3n del Horse Scanner!<\/h3>\n\n\n\n<p>La aplicaci\u00f3n Horse Scanner identifica actualmente alrededor de 160 razas de caballos diferentes. Nuestra <u><a href=\"https:\/\/siwalusoftware.com\/es\/horse-scanner\/horse-breeds\/\" target=\"_blank\" rel=\"noreferrer noopener\" aria-label=\"base de datos (opens in a new tab)\">base de datos<\/a><\/u> incluye todas las razas comunes, as\u00ed como muchas otras razas de caballos populares nacionales e internacionales.<br><br>Por cierto, nuestra amplia base de datos con informaci\u00f3n y fotos de todas las razas de caballos apoyadas (incluyendo las no oficiales) tambi\u00e9n se puede acceder completamente sin escanear!<\/p>\n\n\n\n<h3>\u00bfNo hay ning\u00fan caballo por aqu\u00ed?<\/h3>\n\n\n\n<p>\u00a1No importa! \u00a1Simplemente escan\u00e9ate a ti mismo, a tus amigos, a tu familia o a la gente que te rodea y averigua a qu\u00e9 caballos te pareces m\u00e1s!<br><br>Puede sonar un poco extra\u00f1o, pero realmente funciona: la aplicaci\u00f3n Horse Scanner tambi\u00e9n reconoce a los humanos. \u00a1S\u00f3lo tienes que hacer una r\u00e1pida selecci\u00f3n y descubrir qu\u00e9 raza de caballo eres!<\/p>\n\n\n\n<h3>\u00a1Convi\u00e9rtete en parte de nuestra comunidad de Horse Scanner! <\/h3>\n\n\n\n<p>Comparte tus resultados y comp\u00e1ralos con los resultados de la comunidad! Sube las fotos de tu caballo favorito a nuestro Social Feed y comp\u00e1rtelas con otros amantes de los caballos! Echa un vistazo a los perfiles y fotos de otros usuarios, gusta y comenta las publicaciones de la comunidad y filtra por fecha o popularidad!<br><br>Adem\u00e1s, puedes compartir f\u00e1cilmente tus mensajes con tus amigos simplemente enviando una foto directamente desde la aplicaci\u00f3n Horse Scanner.<\/p>\n\n\n\n<h3>\u00a1Coge todas las razas de caballo y convi\u00e9rtete en un experto!<\/h3>\n\n\n\n<p>Atrapa todas las razas de caballos como en Pok\u00e9mon Go. Escanea al menos un caballo de cada raza, domina los desaf\u00edos, gana premios virtuales y convi\u00e9rtete en un verdadero experto en caballos!<br><br>Compite con tus amigos o usuarios de la comunidad y sube a lo m\u00e1s alto de nuestra lista de clasificaci\u00f3n!<\/p>\n\n\n\n<h3>\u00a1Danos tu opini\u00f3n sobre la aplicaci\u00f3n del Horse Scanner!<\/h3>\n\n\n\n<p>H\u00e1ganos saber si la raza del caballo ha sido correctamente identificada. Si no es as\u00ed, obtendr\u00e1 consejos \u00fatiles para mejorar sus propios resultados. Si tambi\u00e9n indicas qu\u00e9 raza de caballo aparece en la imagen, nos ayudar\u00e1s a mejorar nuestro software, ya que la aplicaci\u00f3n aprende autom\u00e1ticamente a proporcionar resultados a\u00fan m\u00e1s precisos.<br><br>\u00a1Sugiere o vota por las razas de caballos (no oficiales) que quieres que a\u00f1adamos a la aplicaci\u00f3n en el futuro!<\/p>\n\n\n\n<h3>Consigue tu actualizaci\u00f3n premium!<\/h3>\n\n\n\n<p>Con nuestra versi\u00f3n premium, la aplicaci\u00f3n ya no mostrar\u00e1 anuncios y tus resultados estar\u00e1n disponibles m\u00e1s r\u00e1pido. Adem\u00e1s, ahora puede elegir si sus razas de caballos deben ser reconocidas m\u00e1s r\u00e1pidamente o con mayor precisi\u00f3n. Con la versi\u00f3n premium, el escaneo de caballos tambi\u00e9n es posible en modo offline, por lo que ya no es necesario tener una conexi\u00f3n a Internet activa para identificar sus razas. Con la compra opcional in-app de nuestra versi\u00f3n premium, tambi\u00e9n ayudar\u00e1 a apoyar esta aplicaci\u00f3n.<\/p>\n\n\n\n<h3>Encu\u00e9ntranos en los medios sociales!<\/h3>\n\n\n\n<p>En nuestros canales de medios sociales le proporcionamos las m\u00e1s bellas im\u00e1genes de caballos de la comunidad. Tambi\u00e9n encontrar\u00e1 muchos datos interesantes sobre su animal favorito. Adem\u00e1s, te mantendremos informado de todas las nuevas funciones que se a\u00f1adan a la aplicaci\u00f3n del Horse Scanner en el futuro.  <br><br>* <u><a rel=\"noreferrer noopener\" aria-label=\"Instagram (opens in a new tab)\" href=\"https:\/\/www.instagram.com\/horsescanner_app\" target=\"_blank\">Instagram<\/a><\/u><br>* <u><a rel=\"noreferrer noopener\" aria-label=\"Facebook (opens in a new tab)\" href=\"https:\/\/www.facebook.com\/HorseScannerApp\" target=\"_blank\">Facebook<\/a><\/u> <br>* <u><a rel=\"noreferrer noopener\" aria-label=\"Twitter (opens in a new tab)\" href=\"https:\/\/twitter.com\/HorseScannerApp\" target=\"_blank\">Twitter<\/a><\/u><\/p>\n\n\n\n<h3>\u00a1S\u00f3lo int\u00e9ntalo!<\/h3>\n\n\n\n<p>Descargue la aplicaci\u00f3n del Horse Scanner gratis. Encu\u00e9ntrala en <u><a href=\"https:\/\/play.google.com\/store\/apps\/details?id=com.siwalusoftware.horsescanner&amp;referrer=utm_source%3Dsiwalusoftware.com\" target=\"_blank\" rel=\"noreferrer noopener\" aria-label=\"Google Play (opens in a new tab)\">Google Play<\/a><\/u> para dispositivos Android o en <u><a href=\"https:\/\/itunes.apple.com\/app\/apple-store\/id1483790768?pt=119468156&amp;ct=siwalusoftware.com&amp;mt=8\" target=\"_blank\" rel=\"noreferrer noopener\" aria-label=\"Apple App Store (opens in a new tab)\">Apple App Store<\/a><\/u> si usas un iPhone o un iPad. A pesar del peque\u00f1o tama\u00f1o de la aplicaci\u00f3n, obtendr\u00e1s todas las funciones y podr\u00e1s identificar la raza de un caballo o acceder a nuestra amplia base de datos en cualquier momento!<br><br>\u00bfAlguna vez has visto un caballo y te has preguntado qu\u00e9 clase de caballo es? Tal vez incluso conozca la raza, pero no puede recordar su nombre. \u00bfO tienes tu propio caballo cuya raza a\u00fan no conoces?<br><br>\u00a1La aplicaci\u00f3n Horse Scanner puede ayudarte a responder todas estas preguntas! Simplemente escanea el caballo con la aplicaci\u00f3n y la raza del caballo se determinar\u00e1 autom\u00e1ticamente en unos pocos segundos!<\/p>\n\n\n\n<h3>Descargo de responsabilidad:<\/h3>\n\n\n\n<p>Esta aplicaci\u00f3n no puede transformar tu smartphone en una loca nave espacial capaz de extraer la sangre de tu caballo con un l\u00e1ser m\u00e1gico. La aplicaci\u00f3n da predicciones educadas basadas en lo que ve. En promedio, esas predicciones son bastante precisas. Sin embargo, es obvio que el resultado s\u00f3lo puede ser tan bueno como la imagen\/v\u00eddeo que le proporciones a la aplicaci\u00f3n. Adem\u00e1s, es imposible conseguir que cada uno de los caballos sea detectado correctamente. La gente tiende a tomarlo como algo personal, si su propio caballo querido no se predice correctamente. Si le das una oportunidad a la aplicaci\u00f3n en primer lugar, ver\u00e1s que su rendimiento general es bastante decente. En lugar de tener que pagar mucho dinero por una prueba de ADN, obtendr\u00e1s esta aplicaci\u00f3n de forma gratuita. \u00a1Disfruta!<\/p>\n","protected":false},"excerpt":{"rendered":"<p>\u00bfVes un caballo, pero no conoces su raza? S\u00f3lo tienes que hacer una foto o un v\u00eddeo r\u00e1pido del caballo: \u00a1con tu aplicaci\u00f3n de Horse [&hellip;]<\/p>\n","protected":false},"author":1,"featured_media":0,"parent":0,"menu_order":0,"comment_status":"closed","ping_status":"closed","template":"page-templates\/app-flavor-main-page.php","meta":[],"yoast_head":"<!-- This site is optimized with the Yoast SEO plugin v16.9 - https:\/\/yoast.com\/wordpress\/plugins\/seo\/ -->\n<title>Horse Scanner - Identificaci\u00f3n de la raza del caballo en Android e iOS<\/title>\n<meta name=\"description\" content=\"\u00bfVes un caballo, pero no conoces su raza? S\u00f3lo toma una foto y la aplicaci\u00f3n del Esc\u00e1ner de Caballos lo determinar\u00e1. La aplicaci\u00f3n actualmente soporta alrededor de 160 razas de caballos.\" \/>\n<meta name=\"robots\" content=\"index, follow, max-snippet:-1, max-image-preview:large, max-video-preview:-1\" \/>\n<link rel=\"canonical\" href=\"https:\/\/siwalusoftware.com\/es\/horse-scanner\/\" \/>\n<meta property=\"og:locale\" content=\"es_ES\" \/>\n<meta property=\"og:type\" content=\"article\" \/>\n<meta property=\"og:title\" content=\"Horse Scanner - Identificaci\u00f3n de la raza del caballo en Android e iOS\" \/>\n<meta property=\"og:description\" content=\"\u00bfVes un caballo, pero no conoces su raza? S\u00f3lo toma una foto y la aplicaci\u00f3n del Esc\u00e1ner de Caballos lo determinar\u00e1. La aplicaci\u00f3n actualmente soporta alrededor de 160 razas de caballos.\" \/>\n<meta property=\"og:url\" content=\"https:\/\/siwalusoftware.com\/es\/horse-scanner\/\" \/>\n<meta property=\"og:site_name\" content=\"Siwalu Software\" \/>\n<meta property=\"article:publisher\" content=\"https:\/\/facebook.com\/DogScannerApp\" \/>\n<meta property=\"article:modified_time\" content=\"2020-05-20T13:29:09+00:00\" \/>\n<meta name=\"twitter:card\" content=\"summary_large_image\" \/>\n<meta name=\"twitter:site\" content=\"@dogscanner_app\" \/>\n<meta name=\"twitter:label1\" content=\"Tiempo de lectura\" \/>\n\t<meta name=\"twitter:data1\" content=\"5 minutos\" \/>\n<script type=\"application\/ld+json\" class=\"yoast-schema-graph\">{\"@context\":\"https:\/\/schema.org\",\"@graph\":[{\"@type\":\"Organization\",\"@id\":\"https:\/\/siwalusoftware.com\/zh-hans\/#organization\",\"name\":\"Siwalu Software GmbH\",\"url\":\"https:\/\/siwalusoftware.com\/zh-hans\/\",\"sameAs\":[\"https:\/\/facebook.com\/DogScannerApp\",\"https:\/\/instagram.com\/dogscanner_app\",\"https:\/\/www.linkedin.com\/company\/siwalu\/\",\"https:\/\/www.youtube.com\/channel\/UCexEBJ5uq8Vx0bdgg70Lr8g\",\"https:\/\/twitter.com\/dogscanner_app\"],\"logo\":{\"@type\":\"ImageObject\",\"@id\":\"https:\/\/siwalusoftware.com\/zh-hans\/#logo\",\"inLanguage\":\"es\",\"url\":\"https:\/\/siwalusoftware.com\/wp-content\/uploads\/2020\/01\/siwalu-logo-negativ-background-e1580133589167.png\",\"contentUrl\":\"https:\/\/siwalusoftware.com\/wp-content\/uploads\/2020\/01\/siwalu-logo-negativ-background-e1580133589167.png\",\"width\":512,\"height\":307,\"caption\":\"Siwalu Software GmbH\"},\"image\":{\"@id\":\"https:\/\/siwalusoftware.com\/zh-hans\/#logo\"}},{\"@type\":\"WebSite\",\"@id\":\"https:\/\/siwalusoftware.com\/zh-hans\/#website\",\"url\":\"https:\/\/siwalusoftware.com\/zh-hans\/\",\"name\":\"Siwalu Software\",\"description\":\"AI-based animal recognition\",\"publisher\":{\"@id\":\"https:\/\/siwalusoftware.com\/zh-hans\/#organization\"},\"potentialAction\":[{\"@type\":\"SearchAction\",\"target\":{\"@type\":\"EntryPoint\",\"urlTemplate\":\"https:\/\/siwalusoftware.com\/zh-hans\/?s={search_term_string}\"},\"query-input\":\"required name=search_term_string\"}],\"inLanguage\":\"es\"},{\"@type\":\"WebPage\",\"@id\":\"https:\/\/siwalusoftware.com\/es\/horse-scanner\/#webpage\",\"url\":\"https:\/\/siwalusoftware.com\/es\/horse-scanner\/\",\"name\":\"Horse Scanner - Identificaci\\u00f3n de la raza del caballo en Android e iOS\",\"isPartOf\":{\"@id\":\"https:\/\/siwalusoftware.com\/zh-hans\/#website\"},\"datePublished\":\"2020-01-13T16:06:52+00:00\",\"dateModified\":\"2020-05-20T13:29:09+00:00\",\"description\":\"\\u00bfVes un caballo, pero no conoces su raza? S\\u00f3lo toma una foto y la aplicaci\\u00f3n del Esc\\u00e1ner de Caballos lo determinar\\u00e1. La aplicaci\\u00f3n actualmente soporta alrededor de 160 razas de caballos.\",\"breadcrumb\":{\"@id\":\"https:\/\/siwalusoftware.com\/es\/horse-scanner\/#breadcrumb\"},\"inLanguage\":\"es\",\"potentialAction\":[{\"@type\":\"ReadAction\",\"target\":[\"https:\/\/siwalusoftware.com\/es\/horse-scanner\/\"]}]},{\"@type\":\"BreadcrumbList\",\"@id\":\"https:\/\/siwalusoftware.com\/es\/horse-scanner\/#breadcrumb\",\"itemListElement\":[{\"@type\":\"ListItem\",\"position\":1,\"name\":\"Home\",\"item\":\"https:\/\/siwalusoftware.com\/es\/\"},{\"@type\":\"ListItem\",\"position\":2,\"name\":\"Horse Scanner\"}]}]}<\/script>\n<!-- \/ Yoast SEO plugin. -->","yoast_head_json":{"title":"Horse Scanner - Identificaci\u00f3n de la raza del caballo en Android e iOS","description":"\u00bfVes un caballo, pero no conoces su raza? S\u00f3lo toma una foto y la aplicaci\u00f3n del Esc\u00e1ner de Caballos lo determinar\u00e1. La aplicaci\u00f3n actualmente soporta alrededor de 160 razas de caballos.","robots":{"index":"index","follow":"follow","max-snippet":"max-snippet:-1","max-image-preview":"max-image-preview:large","max-video-preview":"max-video-preview:-1"},"canonical":"https:\/\/siwalusoftware.com\/es\/horse-scanner\/","og_locale":"es_ES","og_type":"article","og_title":"Horse Scanner - Identificaci\u00f3n de la raza del caballo en Android e iOS","og_description":"\u00bfVes un caballo, pero no conoces su raza? S\u00f3lo toma una foto y la aplicaci\u00f3n del Esc\u00e1ner de Caballos lo determinar\u00e1. La aplicaci\u00f3n actualmente soporta alrededor de 160 razas de caballos.","og_url":"https:\/\/siwalusoftware.com\/es\/horse-scanner\/","og_site_name":"Siwalu Software","article_publisher":"https:\/\/facebook.com\/DogScannerApp","article_modified_time":"2020-05-20T13:29:09+00:00","twitter_card":"summary_large_image","twitter_site":"@dogscanner_app","twitter_misc":{"Tiempo de lectura":"5 minutos"},"schema":{"@context":"https:\/\/schema.org","@graph":[{"@type":"Organization","@id":"https:\/\/siwalusoftware.com\/zh-hans\/#organization","name":"Siwalu Software GmbH","url":"https:\/\/siwalusoftware.com\/zh-hans\/","sameAs":["https:\/\/facebook.com\/DogScannerApp","https:\/\/instagram.com\/dogscanner_app","https:\/\/www.linkedin.com\/company\/siwalu\/","https:\/\/www.youtube.com\/channel\/UCexEBJ5uq8Vx0bdgg70Lr8g","https:\/\/twitter.com\/dogscanner_app"],"logo":{"@type":"ImageObject","@id":"https:\/\/siwalusoftware.com\/zh-hans\/#logo","inLanguage":"es","url":"https:\/\/siwalusoftware.com\/wp-content\/uploads\/2020\/01\/siwalu-logo-negativ-background-e1580133589167.png","contentUrl":"https:\/\/siwalusoftware.com\/wp-content\/uploads\/2020\/01\/siwalu-logo-negativ-background-e1580133589167.png","width":512,"height":307,"caption":"Siwalu Software GmbH"},"image":{"@id":"https:\/\/siwalusoftware.com\/zh-hans\/#logo"}},{"@type":"WebSite","@id":"https:\/\/siwalusoftware.com\/zh-hans\/#website","url":"https:\/\/siwalusoftware.com\/zh-hans\/","name":"Siwalu Software","description":"AI-based animal recognition","publisher":{"@id":"https:\/\/siwalusoftware.com\/zh-hans\/#organization"},"potentialAction":[{"@type":"SearchAction","target":{"@type":"EntryPoint","urlTemplate":"https:\/\/siwalusoftware.com\/zh-hans\/?s={search_term_string}"},"query-input":"required name=search_term_string"}],"inLanguage":"es"},{"@type":"WebPage","@id":"https:\/\/siwalusoftware.com\/es\/horse-scanner\/#webpage","url":"https:\/\/siwalusoftware.com\/es\/horse-scanner\/","name":"Horse Scanner - Identificaci\u00f3n de la raza del caballo en Android e iOS","isPartOf":{"@id":"https:\/\/siwalusoftware.com\/zh-hans\/#website"},"datePublished":"2020-01-13T16:06:52+00:00","dateModified":"2020-05-20T13:29:09+00:00","description":"\u00bfVes un caballo, pero no conoces su raza? S\u00f3lo toma una foto y la aplicaci\u00f3n del Esc\u00e1ner de Caballos lo determinar\u00e1. La aplicaci\u00f3n actualmente soporta alrededor de 160 razas de caballos.","breadcrumb":{"@id":"https:\/\/siwalusoftware.com\/es\/horse-scanner\/#breadcrumb"},"inLanguage":"es","potentialAction":[{"@type":"ReadAction","target":["https:\/\/siwalusoftware.com\/es\/horse-scanner\/"]}]},{"@type":"BreadcrumbList","@id":"https:\/\/siwalusoftware.com\/es\/horse-scanner\/#breadcrumb","itemListElement":[{"@type":"ListItem","position":1,"name":"Home","item":"https:\/\/siwalusoftware.com\/es\/"},{"@type":"ListItem","position":2,"name":"Horse Scanner"}]}]}},"_links":{"self":[{"href":"https:\/\/siwalusoftware.com\/es\/wp-json\/wp\/v2\/pages\/654"}],"collection":[{"href":"https:\/\/siwalusoftware.com\/es\/wp-json\/wp\/v2\/pages"}],"about":[{"href":"https:\/\/siwalusoftware.com\/es\/wp-json\/wp\/v2\/types\/page"}],"author":[{"embeddable":true,"href":"https:\/\/siwalusoftware.com\/es\/wp-json\/wp\/v2\/users\/1"}],"replies":[{"embeddable":true,"href":"https:\/\/siwalusoftware.com\/es\/wp-json\/wp\/v2\/comments?post=654"}],"version-history":[{"count":6,"href":"https:\/\/siwalusoftware.com\/es\/wp-json\/wp\/v2\/pages\/654\/revisions"}],"predecessor-version":[{"id":1279,"href":"https:\/\/siwalusoftware.com\/es\/wp-json\/wp\/v2\/pages\/654\/revisions\/1279"}],"wp:attachment":[{"href":"https:\/\/siwalusoftware.com\/es\/wp-json\/wp\/v2\/media?parent=654"}],"curies":[{"name":"wp","href":"https:\/\/api.w.org\/{rel}","templated":true}]}}