{"id":651,"date":"2020-01-13T17:06:52","date_gmt":"2020-01-13T16:06:52","guid":{"rendered":"https:\/\/siwalusoftware.com\/horse-scanner\/"},"modified":"2020-05-20T15:29:21","modified_gmt":"2020-05-20T13:29:21","slug":"horse-scanner","status":"publish","type":"page","link":"https:\/\/siwalusoftware.com\/fr\/horse-scanner\/","title":{"rendered":"Horse Scanner"},"content":{"rendered":"\n<h3>Vous voyez un cheval, mais vous ne connaissez pas sa race ?<\/h3>\n\n\n\n<p>Il suffit de prendre une photo ou une vid\u00e9o rapide du cheval &#8211; avec votre application Horse Scanner, vous pouvez identifier la race d&rsquo;un cheval de mani\u00e8re fiable en quelques secondes seulement ! Notre cam\u00e9ra int\u00e9gr\u00e9e avec les fonctions Pinch To Zoom et Tap to Focus vous permet d&rsquo;identifier les races de chevaux en un clin d&rsquo;\u0153il !<br><br>Bien entendu, l&rsquo;application Horse Scanner permet \u00e9galement de t\u00e9l\u00e9charger des images de votre galerie.<\/p>\n\n\n\n<h3>Tant de races de chevaux dans l&rsquo;application Horse Scanner !<\/h3>\n\n\n\n<p>L&rsquo;application Horse Scanner identifie actuellement environ 160 races de chevaux diff\u00e9rentes. Notre <u><a href=\"https:\/\/siwalusoftware.com\/fr\/horse-scanner\/horse-breeds\/\" target=\"_blank\" rel=\"noreferrer noopener\" aria-label=\"base de donn\u00e9es (opens in a new tab)\">base de donn\u00e9es<\/a><\/u> comprend toutes les races courantes, ainsi que de nombreuses autres races de chevaux populaires nationales et internationales.<br><br>Par ailleurs, notre base de donn\u00e9es compl\u00e8te contenant des informations et des photos de toutes les races de chevaux soutenues (y compris les races non officielles) peut \u00e9galement \u00eatre consult\u00e9e enti\u00e8rement sans num\u00e9risation !<\/p>\n\n\n\n<h3>Pas de cheval dans les environs ?<\/h3>\n\n\n\n<p>Peu importe ! Il vous suffit de vous scanner, de scanner vos amis, votre famille ou les personnes qui vous entourent et de d\u00e9couvrir \u00e0 quels chevaux vous ressemblez le plus !<br><br>Cela peut sembler un peu \u00e9trange, mais \u00e7a marche vraiment : l&rsquo;application Horse Scanner reconna\u00eet \u00e9galement les humains. Prenez un petit coup de pouce et d\u00e9couvrez quelle race de cheval vous \u00eates !<\/p>\n\n\n\n<h3>Devenez membre de notre communaut\u00e9 Horse Scanner ! <\/h3>\n\n\n\n<p>Partagez vos r\u00e9sultats et comparez-les aux r\u00e9sultats de la communaut\u00e9 ! T\u00e9l\u00e9chargez des photos de votre cheval pr\u00e9f\u00e9r\u00e9 sur notre Social Feed et partagez-les avec d&rsquo;autres amateurs de chevaux ! Regardez les profils et les photos des autres utilisateurs, aimez et commentez les messages de la communaut\u00e9 et filtrez-les par date ou par popularit\u00e9 !<br><br>De plus, vous pouvez facilement partager vos messages avec vos amis en envoyant simplement une photo directement depuis l&rsquo;application Horse Scanner.<\/p>\n\n\n\n<h3>Attrapez toutes les races de chevaux et devenez un expert !<\/h3>\n\n\n\n<p>Attrapez toutes les races de chevaux comme dans Pok\u00e9mon Go. Scannez au moins un cheval de chaque race, ma\u00eetrisez les d\u00e9fis, gagnez des friandises virtuelles et devenez un v\u00e9ritable expert en chevaux !<br><br>Faites concurrence \u00e0 vos amis ou aux utilisateurs de la communaut\u00e9 et montez au sommet de notre liste de classement !<\/p>\n\n\n\n<h3>Donnez-nous votre avis sur l&rsquo;application Horse Scanner !<\/h3>\n\n\n\n<p>Faites-nous savoir si la race du cheval a \u00e9t\u00e9 correctement identifi\u00e9e. Si ce n&rsquo;est pas le cas, vous recevrez des conseils utiles pour am\u00e9liorer vos propres r\u00e9sultats. Si vous indiquez \u00e9galement la race du cheval, vous nous aidez \u00e0 am\u00e9liorer notre logiciel, car l&rsquo;application apprend automatiquement comment fournir des r\u00e9sultats encore plus pr\u00e9cis.<br><br>Sugg\u00e9rez ou votez pour des races de chevaux (non officielles) que vous voulez que nous ajoutions \u00e0 l&rsquo;application dans le futur !<\/p>\n\n\n\n<h3>Obtenez votre surclassement de prime !<\/h3>\n\n\n\n<p>Avec notre version premium, l&rsquo;application ne montrera plus de publicit\u00e9 et vos r\u00e9sultats seront disponibles plus rapidement. En outre, vous pouvez d\u00e9sormais choisir si les races de vos chevaux doivent \u00eatre reconnues assez rapidement ou avec une plus grande pr\u00e9cision. Avec la version premium, le balayage des chevaux est \u00e9galement possible en mode hors ligne, de sorte que vous n&rsquo;avez plus besoin d&rsquo;une connexion Internet active pour identifier leurs races. L&rsquo;achat de la version premium dans l&rsquo;application vous permet \u00e9galement de contribuer \u00e0 la prise en charge de cette application.<\/p>\n\n\n\n<h3>Retrouvez-nous sur les m\u00e9dias sociaux !<\/h3>\n\n\n\n<p>Sur nos canaux de m\u00e9dias sociaux, nous vous fournissons les plus belles photos de chevaux de la communaut\u00e9. Vous trouverez \u00e9galement de nombreux faits int\u00e9ressants sur votre animal pr\u00e9f\u00e9r\u00e9. En outre, nous vous tiendrons au courant de toutes les nouvelles fonctionnalit\u00e9s de l&rsquo;application Horse Scanner dans le futur.  <br><br>* <u><a rel=\"noreferrer noopener\" aria-label=\"Instagram (opens in a new tab)\" href=\"https:\/\/www.instagram.com\/horsescanner_app\" target=\"_blank\">Instagram<\/a><\/u><br>* <u><a rel=\"noreferrer noopener\" aria-label=\"Facebook (opens in a new tab)\" href=\"https:\/\/www.facebook.com\/HorseScannerApp\" target=\"_blank\">Facebook<\/a><\/u> <br>* <u><a rel=\"noreferrer noopener\" aria-label=\"Twitter (opens in a new tab)\" href=\"https:\/\/twitter.com\/HorseScannerApp\" target=\"_blank\">Twitter<\/a><\/u><\/p>\n\n\n\n<h3>Essayez-le !<\/h3>\n\n\n\n<p>T\u00e9l\u00e9chargez gratuitement l&rsquo;application Horse Scanner. Trouvez-la sur <u><a href=\"https:\/\/play.google.com\/store\/apps\/details?id=com.siwalusoftware.horsescanner&amp;referrer=utm_source%3Dsiwalusoftware.com\" target=\"_blank\" rel=\"noreferrer noopener\" aria-label=\"Google Play (opens in a new tab)\">Google Play<\/a><\/u> pour les appareils Android ou sur <u><a href=\"https:\/\/itunes.apple.com\/app\/apple-store\/id1483790768?pt=119468156&amp;ct=siwalusoftware.com&amp;mt=8\" target=\"_blank\" rel=\"noreferrer noopener\" aria-label=\"l'App Store d'Apple (opens in a new tab)\">l&rsquo;App Store d&rsquo;Apple<\/a><\/u> si vous utilisez un iPhone ou un iPad ! Malgr\u00e9 la petite taille de l&rsquo;application, vous b\u00e9n\u00e9ficierez de toutes les fonctionnalit\u00e9s et pourrez identifier la race d&rsquo;un cheval ou acc\u00e9der \u00e0 notre vaste base de donn\u00e9es \u00e0 tout moment !<br><br>Avez-vous d\u00e9j\u00e0 vu un cheval et vous \u00eates-vous demand\u00e9 de quel genre de cheval il s&rsquo;agissait ? Peut-\u00eatre m\u00eame connaissez-vous la race, mais vous ne vous souvenez pas de son nom ? Ou bien avez-vous votre propre cheval dont vous ne connaissez pas encore la race ?<br><br>L&rsquo;application Horse Scanner peut vous aider \u00e0 r\u00e9pondre \u00e0 toutes ces questions ! Il suffit de scanner le cheval avec l&rsquo;application et la race du cheval sera automatiquement d\u00e9termin\u00e9e en quelques secondes !<\/p>\n\n\n\n<h3>D\u00e9charge de responsabilit\u00e9 :<\/h3>\n\n\n\n<p>Cette application ne peut pas transformer votre smartphone en un vaisseau spatial fou capable d&rsquo;extraire le sang de votre cheval avec un laser magique. L&rsquo;application donne des pr\u00e9dictions \u00e9clair\u00e9es bas\u00e9es sur ce qu&rsquo;elle voit. En moyenne, ces pr\u00e9dictions sont assez pr\u00e9cises. Cependant, il est \u00e9vident que le r\u00e9sultat ne peut \u00eatre qu&rsquo;aussi bon que l&rsquo;image\/vid\u00e9o que vous fournissez \u00e0 l&rsquo;application. En outre, il est impossible de d\u00e9tecter correctement chaque cheval. Les gens ont tendance \u00e0 prendre cela personnellement, si leur propre cheval ador\u00e9 n&rsquo;est pas correctement pr\u00e9dit. Si vous donnez une chance \u00e0 l&rsquo;application, vous verrez que ses performances globales sont plut\u00f4t satisfaisantes. Au lieu de devoir payer beaucoup d&rsquo;argent pour un test ADN, vous obtenez cette application gratuitement. Profitez-en !<\/p>\n","protected":false},"excerpt":{"rendered":"<p>Vous voyez un cheval, mais vous ne connaissez pas sa race ? Il suffit de prendre une photo ou une vid\u00e9o rapide du cheval &#8211; [&hellip;]<\/p>\n","protected":false},"author":1,"featured_media":0,"parent":0,"menu_order":0,"comment_status":"closed","ping_status":"closed","template":"page-templates\/app-flavor-main-page.php","meta":[],"yoast_head":"<!-- This site is optimized with the Yoast SEO plugin v16.9 - https:\/\/yoast.com\/wordpress\/plugins\/seo\/ -->\n<title>Horse Scanner - Identification des races de chevaux sur Android et iOS<\/title>\n<meta name=\"description\" content=\"Vous voyez un cheval, mais vous ne connaissez pas sa race ? Il suffit de prendre une photo et l&#039;application Horse Scanner le d\u00e9terminera. L&#039;application prend actuellement en charge environ 160 races de chevaux.\" \/>\n<meta name=\"robots\" content=\"index, follow, max-snippet:-1, max-image-preview:large, max-video-preview:-1\" \/>\n<link rel=\"canonical\" href=\"https:\/\/siwalusoftware.com\/fr\/horse-scanner\/\" \/>\n<meta property=\"og:locale\" content=\"fr_FR\" \/>\n<meta property=\"og:type\" content=\"article\" \/>\n<meta property=\"og:title\" content=\"Horse Scanner - Identification des races de chevaux sur Android et iOS\" \/>\n<meta property=\"og:description\" content=\"Vous voyez un cheval, mais vous ne connaissez pas sa race ? Il suffit de prendre une photo et l&#039;application Horse Scanner le d\u00e9terminera. L&#039;application prend actuellement en charge environ 160 races de chevaux.\" \/>\n<meta property=\"og:url\" content=\"https:\/\/siwalusoftware.com\/fr\/horse-scanner\/\" \/>\n<meta property=\"og:site_name\" content=\"Siwalu Software\" \/>\n<meta property=\"article:publisher\" content=\"https:\/\/facebook.com\/DogScannerApp\" \/>\n<meta property=\"article:modified_time\" content=\"2020-05-20T13:29:21+00:00\" \/>\n<meta name=\"twitter:card\" content=\"summary_large_image\" \/>\n<meta name=\"twitter:site\" content=\"@dogscanner_app\" \/>\n<meta name=\"twitter:label1\" content=\"Dur\u00e9e de lecture est.\" \/>\n\t<meta name=\"twitter:data1\" content=\"5 minutes\" \/>\n<script type=\"application\/ld+json\" class=\"yoast-schema-graph\">{\"@context\":\"https:\/\/schema.org\",\"@graph\":[{\"@type\":\"Organization\",\"@id\":\"https:\/\/siwalusoftware.com\/zh-hans\/#organization\",\"name\":\"Siwalu Software GmbH\",\"url\":\"https:\/\/siwalusoftware.com\/zh-hans\/\",\"sameAs\":[\"https:\/\/facebook.com\/DogScannerApp\",\"https:\/\/instagram.com\/dogscanner_app\",\"https:\/\/www.linkedin.com\/company\/siwalu\/\",\"https:\/\/www.youtube.com\/channel\/UCexEBJ5uq8Vx0bdgg70Lr8g\",\"https:\/\/twitter.com\/dogscanner_app\"],\"logo\":{\"@type\":\"ImageObject\",\"@id\":\"https:\/\/siwalusoftware.com\/zh-hans\/#logo\",\"inLanguage\":\"fr-FR\",\"url\":\"https:\/\/siwalusoftware.com\/wp-content\/uploads\/2020\/01\/siwalu-logo-negativ-background-e1580133589167.png\",\"contentUrl\":\"https:\/\/siwalusoftware.com\/wp-content\/uploads\/2020\/01\/siwalu-logo-negativ-background-e1580133589167.png\",\"width\":512,\"height\":307,\"caption\":\"Siwalu Software GmbH\"},\"image\":{\"@id\":\"https:\/\/siwalusoftware.com\/zh-hans\/#logo\"}},{\"@type\":\"WebSite\",\"@id\":\"https:\/\/siwalusoftware.com\/zh-hans\/#website\",\"url\":\"https:\/\/siwalusoftware.com\/zh-hans\/\",\"name\":\"Siwalu Software\",\"description\":\"AI-based animal recognition\",\"publisher\":{\"@id\":\"https:\/\/siwalusoftware.com\/zh-hans\/#organization\"},\"potentialAction\":[{\"@type\":\"SearchAction\",\"target\":{\"@type\":\"EntryPoint\",\"urlTemplate\":\"https:\/\/siwalusoftware.com\/zh-hans\/?s={search_term_string}\"},\"query-input\":\"required name=search_term_string\"}],\"inLanguage\":\"fr-FR\"},{\"@type\":\"WebPage\",\"@id\":\"https:\/\/siwalusoftware.com\/fr\/horse-scanner\/#webpage\",\"url\":\"https:\/\/siwalusoftware.com\/fr\/horse-scanner\/\",\"name\":\"Horse Scanner - Identification des races de chevaux sur Android et iOS\",\"isPartOf\":{\"@id\":\"https:\/\/siwalusoftware.com\/zh-hans\/#website\"},\"datePublished\":\"2020-01-13T16:06:52+00:00\",\"dateModified\":\"2020-05-20T13:29:21+00:00\",\"description\":\"Vous voyez un cheval, mais vous ne connaissez pas sa race ? Il suffit de prendre une photo et l'application Horse Scanner le d\\u00e9terminera. L'application prend actuellement en charge environ 160 races de chevaux.\",\"breadcrumb\":{\"@id\":\"https:\/\/siwalusoftware.com\/fr\/horse-scanner\/#breadcrumb\"},\"inLanguage\":\"fr-FR\",\"potentialAction\":[{\"@type\":\"ReadAction\",\"target\":[\"https:\/\/siwalusoftware.com\/fr\/horse-scanner\/\"]}]},{\"@type\":\"BreadcrumbList\",\"@id\":\"https:\/\/siwalusoftware.com\/fr\/horse-scanner\/#breadcrumb\",\"itemListElement\":[{\"@type\":\"ListItem\",\"position\":1,\"name\":\"Home\",\"item\":\"https:\/\/siwalusoftware.com\/fr\/\"},{\"@type\":\"ListItem\",\"position\":2,\"name\":\"Horse Scanner\"}]}]}<\/script>\n<!-- \/ Yoast SEO plugin. -->","yoast_head_json":{"title":"Horse Scanner - Identification des races de chevaux sur Android et iOS","description":"Vous voyez un cheval, mais vous ne connaissez pas sa race ? Il suffit de prendre une photo et l'application Horse Scanner le d\u00e9terminera. L'application prend actuellement en charge environ 160 races de chevaux.","robots":{"index":"index","follow":"follow","max-snippet":"max-snippet:-1","max-image-preview":"max-image-preview:large","max-video-preview":"max-video-preview:-1"},"canonical":"https:\/\/siwalusoftware.com\/fr\/horse-scanner\/","og_locale":"fr_FR","og_type":"article","og_title":"Horse Scanner - Identification des races de chevaux sur Android et iOS","og_description":"Vous voyez un cheval, mais vous ne connaissez pas sa race ? Il suffit de prendre une photo et l'application Horse Scanner le d\u00e9terminera. L'application prend actuellement en charge environ 160 races de chevaux.","og_url":"https:\/\/siwalusoftware.com\/fr\/horse-scanner\/","og_site_name":"Siwalu Software","article_publisher":"https:\/\/facebook.com\/DogScannerApp","article_modified_time":"2020-05-20T13:29:21+00:00","twitter_card":"summary_large_image","twitter_site":"@dogscanner_app","twitter_misc":{"Dur\u00e9e de lecture est.":"5 minutes"},"schema":{"@context":"https:\/\/schema.org","@graph":[{"@type":"Organization","@id":"https:\/\/siwalusoftware.com\/zh-hans\/#organization","name":"Siwalu Software GmbH","url":"https:\/\/siwalusoftware.com\/zh-hans\/","sameAs":["https:\/\/facebook.com\/DogScannerApp","https:\/\/instagram.com\/dogscanner_app","https:\/\/www.linkedin.com\/company\/siwalu\/","https:\/\/www.youtube.com\/channel\/UCexEBJ5uq8Vx0bdgg70Lr8g","https:\/\/twitter.com\/dogscanner_app"],"logo":{"@type":"ImageObject","@id":"https:\/\/siwalusoftware.com\/zh-hans\/#logo","inLanguage":"fr-FR","url":"https:\/\/siwalusoftware.com\/wp-content\/uploads\/2020\/01\/siwalu-logo-negativ-background-e1580133589167.png","contentUrl":"https:\/\/siwalusoftware.com\/wp-content\/uploads\/2020\/01\/siwalu-logo-negativ-background-e1580133589167.png","width":512,"height":307,"caption":"Siwalu Software GmbH"},"image":{"@id":"https:\/\/siwalusoftware.com\/zh-hans\/#logo"}},{"@type":"WebSite","@id":"https:\/\/siwalusoftware.com\/zh-hans\/#website","url":"https:\/\/siwalusoftware.com\/zh-hans\/","name":"Siwalu Software","description":"AI-based animal recognition","publisher":{"@id":"https:\/\/siwalusoftware.com\/zh-hans\/#organization"},"potentialAction":[{"@type":"SearchAction","target":{"@type":"EntryPoint","urlTemplate":"https:\/\/siwalusoftware.com\/zh-hans\/?s={search_term_string}"},"query-input":"required name=search_term_string"}],"inLanguage":"fr-FR"},{"@type":"WebPage","@id":"https:\/\/siwalusoftware.com\/fr\/horse-scanner\/#webpage","url":"https:\/\/siwalusoftware.com\/fr\/horse-scanner\/","name":"Horse Scanner - Identification des races de chevaux sur Android et iOS","isPartOf":{"@id":"https:\/\/siwalusoftware.com\/zh-hans\/#website"},"datePublished":"2020-01-13T16:06:52+00:00","dateModified":"2020-05-20T13:29:21+00:00","description":"Vous voyez un cheval, mais vous ne connaissez pas sa race ? Il suffit de prendre une photo et l'application Horse Scanner le d\u00e9terminera. L'application prend actuellement en charge environ 160 races de chevaux.","breadcrumb":{"@id":"https:\/\/siwalusoftware.com\/fr\/horse-scanner\/#breadcrumb"},"inLanguage":"fr-FR","potentialAction":[{"@type":"ReadAction","target":["https:\/\/siwalusoftware.com\/fr\/horse-scanner\/"]}]},{"@type":"BreadcrumbList","@id":"https:\/\/siwalusoftware.com\/fr\/horse-scanner\/#breadcrumb","itemListElement":[{"@type":"ListItem","position":1,"name":"Home","item":"https:\/\/siwalusoftware.com\/fr\/"},{"@type":"ListItem","position":2,"name":"Horse Scanner"}]}]}},"_links":{"self":[{"href":"https:\/\/siwalusoftware.com\/fr\/wp-json\/wp\/v2\/pages\/651"}],"collection":[{"href":"https:\/\/siwalusoftware.com\/fr\/wp-json\/wp\/v2\/pages"}],"about":[{"href":"https:\/\/siwalusoftware.com\/fr\/wp-json\/wp\/v2\/types\/page"}],"author":[{"embeddable":true,"href":"https:\/\/siwalusoftware.com\/fr\/wp-json\/wp\/v2\/users\/1"}],"replies":[{"embeddable":true,"href":"https:\/\/siwalusoftware.com\/fr\/wp-json\/wp\/v2\/comments?post=651"}],"version-history":[{"count":6,"href":"https:\/\/siwalusoftware.com\/fr\/wp-json\/wp\/v2\/pages\/651\/revisions"}],"predecessor-version":[{"id":1273,"href":"https:\/\/siwalusoftware.com\/fr\/wp-json\/wp\/v2\/pages\/651\/revisions\/1273"}],"wp:attachment":[{"href":"https:\/\/siwalusoftware.com\/fr\/wp-json\/wp\/v2\/media?parent=651"}],"curies":[{"name":"wp","href":"https:\/\/api.w.org\/{rel}","templated":true}]}}