{"id":629,"date":"2020-01-13T17:06:05","date_gmt":"2020-01-13T16:06:05","guid":{"rendered":"https:\/\/siwalusoftware.com\/cat-scanner\/"},"modified":"2020-05-20T12:28:32","modified_gmt":"2020-05-20T10:28:32","slug":"cat-scanner","status":"publish","type":"page","link":"https:\/\/siwalusoftware.com\/it\/cat-scanner\/","title":{"rendered":"Cat Scanner"},"content":{"rendered":"\n<h3>Vedi un gatto, ma non ne conosci la razza?<\/h3>\n\n\n\n<p>Basta scattare una rapida foto o un video di un gatto &#8211; con la vostra applicazione Cat Scanner potete identificare la razza di un gatto in modo affidabile in pochi secondi! La nostra fotocamera integrata con Pinch To Zoom e Tap to Focus rende facile l&#8217;identificazione di una razza di gatti!<br><br>Naturalmente l&#8217;applicazione Cat Scanner supporta anche il caricamento di immagini dalla vostra galleria.<\/p>\n\n\n\n<h3>Hai una razza mista?<\/h3>\n\n\n\n<p>Nessun problema, la tua app riconosce anche le razze miste! Vi forniamo dati dettagliati e fatti interessanti sulle diverse razze del vostro gatto di razza mista. <\/p>\n\n\n\n<h3>Tutte le razze di gatti nell&#8217;applicazione Cat Scanner!<\/h3>\n\n\n\n<p>L&#8217;applicazione Cat Scanner identifica attualmente circa 60 diverse razze di gatti. Il nostro <u><a href=\"https:\/\/siwalusoftware.com\/it\/cat-scanner\/cat-breeds\/\" target=\"_blank\" rel=\"noreferrer noopener\" aria-label=\" (opens in a new tab)\">database<\/a><\/u> comprende tutte le razze ufficialmente riconosciute dalla F\u00e9d\u00e9ration <u><a href=\"http:\/\/fifeweb.org\/\" target=\"_blank\" rel=\"noreferrer noopener\" aria-label=\"Internationale F\u00e9line (FIFe) (opens in a new tab)\">Internationale F\u00e9line (FIFe)<\/a><\/u> e anche alcune altre!<br><br>A proposito, la nostra banca dati completa con informazioni e immagini di tutte le razze di gatti (anche quelle non ufficiali) \u00e8 accessibile anche completamente senza scansione!<\/p>\n\n\n\n<h3>Nessun gatto in giro?<\/h3>\n\n\n\n<p>Non importa! Basta scansionare te stesso, i tuoi amici, la tua famiglia o le persone intorno a te e scoprire quali sono i gatti a cui assomigli di pi\u00f9!<br><br>Pu\u00f2 sembrare un po&#8217; strano, ma funziona davvero: l&#8217;applicazione Cat Scanner riconosce anche gli esseri umani. Basta fare un rapido selfieie e scoprire che tipo di gatto sei!<\/p>\n\n\n\n<h3>Entrate a far parte della nostra comunit\u00e0 Cat Scanner!<\/h3>\n\n\n\n<p>Condividete i vostri risultati e confrontateli con i risultati della comunit\u00e0! Carica le foto del tuo gatto preferito sul nostro Social Feed e condividile con altri amanti dei gatti! Dai un&#8217;occhiata ai profili e alle foto di altri utenti, come e commenta i post della nostra community di gatti e filtrali per data o per popolarit\u00e0!<br><br>Inoltre, potete condividere facilmente i vostri post con i vostri amici semplicemente inviando una foto direttamente dall&#8217;applicazione Cat Scanner.<\/p>\n\n\n\n<h3>Cattura tutte le razze di gatti e diventa un esperto!<\/h3>\n\n\n\n<p>Cattura tutte le razze di gatti, proprio come in Pok\u00e9mon Go. Scansiona almeno un gatto di ogni razza, gestisci le sfide, guadagnati dei dolcetti virtuali e diventa un vero esperto di gatti! <br><br>Gareggia con i tuoi amici o con gli utenti della community e sali in cima alla nostra classifica!<\/p>\n\n\n\n<h3>Dateci un feedback sull&#8217;applicazione Cat Scanner!<\/h3>\n\n\n\n<p>Fateci sapere se la razza del gatto \u00e8 stata correttamente identificata. In caso contrario, riceverete consigli utili per migliorare i vostri risultati. Se ci indicate anche quale razza di gatto \u00e8 presente nella foto, ci aiutate a migliorare il nostro software poich\u00e9 l&#8217;applicazione impara automaticamente a fornire risultati ancora pi\u00f9 precisi.<br><br>Suggerisci o vota per le razze di gatti (non ufficiali) che vuoi che aggiungiamo all&#8217;app in futuro!<\/p>\n\n\n\n<h3>Ottieni il tuo upgrade premium!<\/h3>\n\n\n\n<p>Con la nostra versione premium, l&#8217;applicazione non mostrer\u00e0 pi\u00f9 annunci e i tuoi risultati saranno disponibili pi\u00f9 velocemente. Inoltre, ora potete scegliere se le vostre razze di gatti devono essere riconosciute piuttosto rapidamente o con maggiore precisione. Con la versione premium, la scansione dei gatti \u00e8 possibile anche in modalit\u00e0 offline, quindi non avrete pi\u00f9 bisogno di una connessione internet attiva per identificare le loro razze. Con l&#8217;acquisto opzionale in-app della nostra versione premium, aiuterete anche voi a supportare questa app.<\/p>\n\n\n\n<h3>Trovateci sui social media!<\/h3>\n\n\n\n<p>Sui nostri canali di social media vi forniamo le pi\u00f9 belle immagini di gatti della comunit\u00e0. Troverete anche molte informazioni interessanti sul vostro animale preferito. Inoltre, in futuro vi terremo aggiornati su tutte le nuove funzionalit\u00e0 aggiuntive dell&#8217;applicazione Cat Scanner.  <br><br>* <u><a rel=\"noreferrer noopener\" aria-label=\"Instagram (opens in a new tab)\" href=\"https:\/\/www.instagram.com\/catscanner_app\" target=\"_blank\">Instagram<\/a><\/u> <br>* <u><a rel=\"noreferrer noopener\" aria-label=\"Facebook (opens in a new tab)\" href=\"https:\/\/www.facebook.com\/CatScanner\" target=\"_blank\">Facebook<\/a><\/u> <br>* <u><a href=\"https:\/\/twitter.com\/catscanner_app\" target=\"_blank\" rel=\"noreferrer noopener\" aria-label=\"Twitter (opens in a new tab)\">Twitter<\/a><\/u> <\/p>\n\n\n\n<h3>Provaci!<\/h3>\n\n\n\n<p>Scarica l&#8217;applicazione Cat Scanner gratuitamente. Trovatela su <u><a href=\"https:\/\/play.google.com\/store\/apps\/details?id=com.siwalusoftware.catscanner&amp;referrer=utm_source%3Dsiwalusoftware.com\" target=\"_blank\" rel=\"noreferrer noopener\" aria-label=\"Google Play (opens in a new tab)\">Google Play<\/a><\/u> per dispositivi Android o sull&#8217;<u><a href=\"https:\/\/itunes.apple.com\/app\/apple-store\/id1447491786?pt=119468156&amp;ct=siwalusoftware.com&amp;mt=8\" target=\"_blank\" rel=\"noreferrer noopener\" aria-label=\" (opens in a new tab)\">Apple App Store<\/a><\/u> se usate un iPhone o un iPad! Nonostante le dimensioni ridotte dell&#8217;app, avrete tutte le funzioni e potrete identificare la razza del vostro gatto o accedere al nostro ampio database in qualsiasi momento!<br><br>Avete mai visto un gatto e vi siete mai chiesti che tipo di gatto \u00e8? Forse ne conoscete anche la razza, ma non riuscite a ricordarne il nome? O hai un gatto di cui non conosci ancora la razza? Beh, forse sapete di avere una razza mista, ma quali razze fanno davvero parte della vostra amata?<br><br>Prima di prendere in considerazione un costoso test del DNA, l&#8217;applicazione Cat Scanner pu\u00f2 aiutarvi a rispondere a tutte queste domande! Basta scansionare il gatto con l&#8217;app e la razza del gatto sar\u00e0 determinata automaticamente in pochi secondi!<\/p>\n\n\n\n<h3>Esclusione di responsabilit\u00e0:<\/h3>\n\n\n\n<p>Questa app non pu\u00f2 trasformare il vostro smartphone in una pazza nave spaziale in grado di estrarre il sangue del vostro gatto con un laser magico. L&#8217;app fornisce previsioni educate basate su ci\u00f2 che vede. In media, queste previsioni sono abbastanza accurate. Tuttavia, \u00e8 ovvio che il risultato pu\u00f2 essere buono solo come l&#8217;immagine\/video che si fornisce alla app. Inoltre, \u00e8 impossibile far rilevare correttamente ogni singolo gatto. Le persone tendono a prenderla sul personale, se il loro amato gatto non \u00e8 previsto correttamente. Se si d\u00e0 una possibilit\u00e0 all&#8217;app in primo luogo, si vedr\u00e0 che le sue prestazioni complessive sono abbastanza decenti. Invece di dover pagare un sacco di soldi per un test del DNA, questa app \u00e8 gratuita. Buon divertimento!<\/p>\n","protected":false},"excerpt":{"rendered":"<p>Vedi un gatto, ma non ne conosci la razza? Basta scattare una rapida foto o un video di un gatto &#8211; con la vostra applicazione [&hellip;]<\/p>\n","protected":false},"author":1,"featured_media":0,"parent":0,"menu_order":0,"comment_status":"closed","ping_status":"closed","template":"page-templates\/app-flavor-main-page.php","meta":[],"yoast_head":"<!-- This site is optimized with the Yoast SEO plugin v16.9 - https:\/\/yoast.com\/wordpress\/plugins\/seo\/ -->\n<title>Cat Scanner - Identificazione della razza dei gatti su Android e iOS<\/title>\n<meta name=\"description\" content=\"Vedi un gatto, ma non ne conosci la razza? Basta scattare una foto e l&#039;applicazione Cat Scanner lo determiner\u00e0. L&#039;app vi dice anche quali razze sono state mescolate!\" \/>\n<meta name=\"robots\" content=\"index, follow, max-snippet:-1, max-image-preview:large, max-video-preview:-1\" \/>\n<link rel=\"canonical\" href=\"https:\/\/siwalusoftware.com\/it\/cat-scanner\/\" \/>\n<meta property=\"og:locale\" content=\"it_IT\" \/>\n<meta property=\"og:type\" content=\"article\" \/>\n<meta property=\"og:title\" content=\"Cat Scanner - Identificazione della razza dei gatti su Android e iOS\" \/>\n<meta property=\"og:description\" content=\"Vedi un gatto, ma non ne conosci la razza? Basta scattare una foto e l&#039;applicazione Cat Scanner lo determiner\u00e0. L&#039;app vi dice anche quali razze sono state mescolate!\" \/>\n<meta property=\"og:url\" content=\"https:\/\/siwalusoftware.com\/it\/cat-scanner\/\" \/>\n<meta property=\"og:site_name\" content=\"Siwalu Software\" \/>\n<meta property=\"article:publisher\" content=\"https:\/\/facebook.com\/DogScannerApp\" \/>\n<meta property=\"article:modified_time\" content=\"2020-05-20T10:28:32+00:00\" \/>\n<meta name=\"twitter:card\" content=\"summary_large_image\" \/>\n<meta name=\"twitter:site\" content=\"@dogscanner_app\" \/>\n<meta name=\"twitter:label1\" content=\"Tempo di lettura stimato\" \/>\n\t<meta name=\"twitter:data1\" content=\"4 minuti\" \/>\n<script type=\"application\/ld+json\" class=\"yoast-schema-graph\">{\"@context\":\"https:\/\/schema.org\",\"@graph\":[{\"@type\":\"Organization\",\"@id\":\"https:\/\/siwalusoftware.com\/zh-hans\/#organization\",\"name\":\"Siwalu Software GmbH\",\"url\":\"https:\/\/siwalusoftware.com\/zh-hans\/\",\"sameAs\":[\"https:\/\/facebook.com\/DogScannerApp\",\"https:\/\/instagram.com\/dogscanner_app\",\"https:\/\/www.linkedin.com\/company\/siwalu\/\",\"https:\/\/www.youtube.com\/channel\/UCexEBJ5uq8Vx0bdgg70Lr8g\",\"https:\/\/twitter.com\/dogscanner_app\"],\"logo\":{\"@type\":\"ImageObject\",\"@id\":\"https:\/\/siwalusoftware.com\/zh-hans\/#logo\",\"inLanguage\":\"it-IT\",\"url\":\"https:\/\/siwalusoftware.com\/wp-content\/uploads\/2020\/01\/siwalu-logo-negativ-background-e1580133589167.png\",\"contentUrl\":\"https:\/\/siwalusoftware.com\/wp-content\/uploads\/2020\/01\/siwalu-logo-negativ-background-e1580133589167.png\",\"width\":512,\"height\":307,\"caption\":\"Siwalu Software GmbH\"},\"image\":{\"@id\":\"https:\/\/siwalusoftware.com\/zh-hans\/#logo\"}},{\"@type\":\"WebSite\",\"@id\":\"https:\/\/siwalusoftware.com\/zh-hans\/#website\",\"url\":\"https:\/\/siwalusoftware.com\/zh-hans\/\",\"name\":\"Siwalu Software\",\"description\":\"AI-based animal recognition\",\"publisher\":{\"@id\":\"https:\/\/siwalusoftware.com\/zh-hans\/#organization\"},\"potentialAction\":[{\"@type\":\"SearchAction\",\"target\":{\"@type\":\"EntryPoint\",\"urlTemplate\":\"https:\/\/siwalusoftware.com\/zh-hans\/?s={search_term_string}\"},\"query-input\":\"required name=search_term_string\"}],\"inLanguage\":\"it-IT\"},{\"@type\":\"WebPage\",\"@id\":\"https:\/\/siwalusoftware.com\/it\/cat-scanner\/#webpage\",\"url\":\"https:\/\/siwalusoftware.com\/it\/cat-scanner\/\",\"name\":\"Cat Scanner - Identificazione della razza dei gatti su Android e iOS\",\"isPartOf\":{\"@id\":\"https:\/\/siwalusoftware.com\/zh-hans\/#website\"},\"datePublished\":\"2020-01-13T16:06:05+00:00\",\"dateModified\":\"2020-05-20T10:28:32+00:00\",\"description\":\"Vedi un gatto, ma non ne conosci la razza? Basta scattare una foto e l'applicazione Cat Scanner lo determiner\\u00e0. L'app vi dice anche quali razze sono state mescolate!\",\"breadcrumb\":{\"@id\":\"https:\/\/siwalusoftware.com\/it\/cat-scanner\/#breadcrumb\"},\"inLanguage\":\"it-IT\",\"potentialAction\":[{\"@type\":\"ReadAction\",\"target\":[\"https:\/\/siwalusoftware.com\/it\/cat-scanner\/\"]}]},{\"@type\":\"BreadcrumbList\",\"@id\":\"https:\/\/siwalusoftware.com\/it\/cat-scanner\/#breadcrumb\",\"itemListElement\":[{\"@type\":\"ListItem\",\"position\":1,\"name\":\"Home\",\"item\":\"https:\/\/siwalusoftware.com\/it\/\"},{\"@type\":\"ListItem\",\"position\":2,\"name\":\"Cat Scanner\"}]}]}<\/script>\n<!-- \/ Yoast SEO plugin. -->","yoast_head_json":{"title":"Cat Scanner - Identificazione della razza dei gatti su Android e iOS","description":"Vedi un gatto, ma non ne conosci la razza? Basta scattare una foto e l'applicazione Cat Scanner lo determiner\u00e0. L'app vi dice anche quali razze sono state mescolate!","robots":{"index":"index","follow":"follow","max-snippet":"max-snippet:-1","max-image-preview":"max-image-preview:large","max-video-preview":"max-video-preview:-1"},"canonical":"https:\/\/siwalusoftware.com\/it\/cat-scanner\/","og_locale":"it_IT","og_type":"article","og_title":"Cat Scanner - Identificazione della razza dei gatti su Android e iOS","og_description":"Vedi un gatto, ma non ne conosci la razza? Basta scattare una foto e l'applicazione Cat Scanner lo determiner\u00e0. L'app vi dice anche quali razze sono state mescolate!","og_url":"https:\/\/siwalusoftware.com\/it\/cat-scanner\/","og_site_name":"Siwalu Software","article_publisher":"https:\/\/facebook.com\/DogScannerApp","article_modified_time":"2020-05-20T10:28:32+00:00","twitter_card":"summary_large_image","twitter_site":"@dogscanner_app","twitter_misc":{"Tempo di lettura stimato":"4 minuti"},"schema":{"@context":"https:\/\/schema.org","@graph":[{"@type":"Organization","@id":"https:\/\/siwalusoftware.com\/zh-hans\/#organization","name":"Siwalu Software GmbH","url":"https:\/\/siwalusoftware.com\/zh-hans\/","sameAs":["https:\/\/facebook.com\/DogScannerApp","https:\/\/instagram.com\/dogscanner_app","https:\/\/www.linkedin.com\/company\/siwalu\/","https:\/\/www.youtube.com\/channel\/UCexEBJ5uq8Vx0bdgg70Lr8g","https:\/\/twitter.com\/dogscanner_app"],"logo":{"@type":"ImageObject","@id":"https:\/\/siwalusoftware.com\/zh-hans\/#logo","inLanguage":"it-IT","url":"https:\/\/siwalusoftware.com\/wp-content\/uploads\/2020\/01\/siwalu-logo-negativ-background-e1580133589167.png","contentUrl":"https:\/\/siwalusoftware.com\/wp-content\/uploads\/2020\/01\/siwalu-logo-negativ-background-e1580133589167.png","width":512,"height":307,"caption":"Siwalu Software GmbH"},"image":{"@id":"https:\/\/siwalusoftware.com\/zh-hans\/#logo"}},{"@type":"WebSite","@id":"https:\/\/siwalusoftware.com\/zh-hans\/#website","url":"https:\/\/siwalusoftware.com\/zh-hans\/","name":"Siwalu Software","description":"AI-based animal recognition","publisher":{"@id":"https:\/\/siwalusoftware.com\/zh-hans\/#organization"},"potentialAction":[{"@type":"SearchAction","target":{"@type":"EntryPoint","urlTemplate":"https:\/\/siwalusoftware.com\/zh-hans\/?s={search_term_string}"},"query-input":"required name=search_term_string"}],"inLanguage":"it-IT"},{"@type":"WebPage","@id":"https:\/\/siwalusoftware.com\/it\/cat-scanner\/#webpage","url":"https:\/\/siwalusoftware.com\/it\/cat-scanner\/","name":"Cat Scanner - Identificazione della razza dei gatti su Android e iOS","isPartOf":{"@id":"https:\/\/siwalusoftware.com\/zh-hans\/#website"},"datePublished":"2020-01-13T16:06:05+00:00","dateModified":"2020-05-20T10:28:32+00:00","description":"Vedi un gatto, ma non ne conosci la razza? Basta scattare una foto e l'applicazione Cat Scanner lo determiner\u00e0. L'app vi dice anche quali razze sono state mescolate!","breadcrumb":{"@id":"https:\/\/siwalusoftware.com\/it\/cat-scanner\/#breadcrumb"},"inLanguage":"it-IT","potentialAction":[{"@type":"ReadAction","target":["https:\/\/siwalusoftware.com\/it\/cat-scanner\/"]}]},{"@type":"BreadcrumbList","@id":"https:\/\/siwalusoftware.com\/it\/cat-scanner\/#breadcrumb","itemListElement":[{"@type":"ListItem","position":1,"name":"Home","item":"https:\/\/siwalusoftware.com\/it\/"},{"@type":"ListItem","position":2,"name":"Cat Scanner"}]}]}},"_links":{"self":[{"href":"https:\/\/siwalusoftware.com\/it\/wp-json\/wp\/v2\/pages\/629"}],"collection":[{"href":"https:\/\/siwalusoftware.com\/it\/wp-json\/wp\/v2\/pages"}],"about":[{"href":"https:\/\/siwalusoftware.com\/it\/wp-json\/wp\/v2\/types\/page"}],"author":[{"embeddable":true,"href":"https:\/\/siwalusoftware.com\/it\/wp-json\/wp\/v2\/users\/1"}],"replies":[{"embeddable":true,"href":"https:\/\/siwalusoftware.com\/it\/wp-json\/wp\/v2\/comments?post=629"}],"version-history":[{"count":6,"href":"https:\/\/siwalusoftware.com\/it\/wp-json\/wp\/v2\/pages\/629\/revisions"}],"predecessor-version":[{"id":1213,"href":"https:\/\/siwalusoftware.com\/it\/wp-json\/wp\/v2\/pages\/629\/revisions\/1213"}],"wp:attachment":[{"href":"https:\/\/siwalusoftware.com\/it\/wp-json\/wp\/v2\/media?parent=629"}],"curies":[{"name":"wp","href":"https:\/\/api.w.org\/{rel}","templated":true}]}}