{"id":636,"date":"2020-01-13T16:37:09","date_gmt":"2020-01-13T15:37:09","guid":{"rendered":"https:\/\/siwalusoftware.com\/dog-scanner\/"},"modified":"2020-05-19T17:21:48","modified_gmt":"2020-05-19T15:21:48","slug":"dog-scanner","status":"publish","type":"page","link":"https:\/\/siwalusoftware.com\/it\/dog-scanner\/","title":{"rendered":"Dog Scanner"},"content":{"rendered":"\n<h3>Vedi un cane, ma non ne conosci la razza?<\/h3>\n\n\n\n<p>Basta scattare una rapida foto o un video di un cane &#8211; con la vostra applicazione Dog Scanner potrete identificare la razza di un cane in modo affidabile in pochi secondi! La nostra fotocamera integrata con Pinch To Zoom e Tap to Focus rende l&#8217;identificazione delle razze di cani una passeggiata nel parco!<br><br>Naturalmente l&#8217;applicazione Dog Scanner supporta anche il caricamento di immagini dalla vostra galleria.<\/p>\n\n\n\n<h3>Hai una razza mista?<\/h3>\n\n\n\n<p>Nessun problema, la tua app riconosce anche le razze miste! Vi forniamo dati dettagliati e fatti interessanti sulle diverse razze del vostro cane di razza mista.<\/p>\n\n\n\n<h3>Tutte le razze di cani nell&#8217;applicazione Dog Scanner!<\/h3>\n\n\n\n<p>L&#8217;applicazione Dog Scanner identifica attualmente pi\u00f9 di 370 diverse razze di cani. Il nostro <u><a href=\"https:\/\/siwalusoftware.com\/it\/dog-scanner\/dog-breeds\/\" target=\"_blank\" rel=\"noreferrer noopener\" aria-label=\"database (opens in a new tab)\">database<\/a><\/u> comprende tutte le razze ufficialmente riconosciute dalla <u><a href=\"http:\/\/www.fci.be\/\" target=\"_blank\" rel=\"noreferrer noopener\" aria-label=\"F\u00e9d\u00e9ration Cynologique Internationale (FCI) (opens in a new tab)\">F\u00e9d\u00e9ration Cynologique Internationale (FCI)<\/a><\/u> e anche alcune altre!<br><br>A proposito, la nostra banca dati completa con informazioni e immagini di tutte le razze di cani (anche quelle non ufficiali) \u00e8 accessibile anche completamente senza scansione!<\/p>\n\n\n\n<h3>Nessun cane in giro?<\/h3>\n\n\n\n<p>Non importa! Basta scansionare te stesso, i tuoi amici, la tua famiglia o le persone che ti circondano e scoprire quali sono i cani a cui assomigli di pi\u00f9!<br><br>Pu\u00f2 sembrare un po&#8217; strano, ma funziona davvero: l&#8217;applicazione Dog Scanner riconosce anche gli esseri umani. Basta fare un rapido selfieie e scoprire che tipo di cane sei!<\/p>\n\n\n\n<h3>Diventa parte della nostra comunit\u00e0 di Dog Scanner! <\/h3>\n\n\n\n<p>Condividete i vostri risultati e confrontateli con i risultati della comunit\u00e0! Carica le foto del tuo cane preferito sul nostro Social Feed e condividile con gli altri amanti dei cani! Dai un&#8217;occhiata ai profili e alle foto degli altri utenti, condividi e commenta i post della nostra comunit\u00e0 di cani e filtrali per data o per popolarit\u00e0!<br><br>Inoltre, potete condividere facilmente i vostri post con i vostri amici semplicemente inviando una foto direttamente dall&#8217;applicazione Dog Scanner.<\/p>\n\n\n\n<h3>Cattura tutte le razze di cani e diventa un esperto!<\/h3>\n\n\n\n<p>Cattura tutte le razze di cani, proprio come in Pok\u00e9mon Go. Scansiona almeno un cane di ogni razza, padroneggia le sfide, ottieni dei dolcetti virtuali e diventa un vero esperto di cani! <br><br>Gareggia con i tuoi amici o con gli utenti della community e sali in cima alla nostra classifica!<\/p>\n\n\n\n<h3>Dateci un feedback sull&#8217;applicazione Dog Scanner!<\/h3>\n\n\n\n<p>Fateci sapere se la razza del cane \u00e8 stata correttamente identificata. In caso contrario, riceverete consigli utili per migliorare i vostri risultati. Se indicate anche la razza del cane nella foto, ci aiutate a migliorare il nostro software, poich\u00e9 l&#8217;applicazione impara automaticamente a fornire risultati ancora pi\u00f9 precisi.<br><br>Suggerisci o vota per le razze di cani (non ufficiali) che vuoi che aggiungiamo all&#8217;app in futuro!<\/p>\n\n\n\n<h3>Ottieni il tuo upgrade premium!<\/h3>\n\n\n\n<p>Con la nostra versione premium, l&#8217;applicazione non mostrer\u00e0 pi\u00f9 annunci e i tuoi risultati saranno disponibili pi\u00f9 velocemente. Inoltre, ora potete scegliere se le vostre razze di cani devono essere riconosciute piuttosto rapidamente o con maggiore precisione. Con la versione premium, la scansione dei cani \u00e8 possibile anche in modalit\u00e0 offline, quindi non \u00e8 pi\u00f9 necessario disporre di una connessione internet attiva per identificare le loro razze. Con l&#8217;acquisto opzionale in-app della nostra versione premium, potrete anche supportare questa app.<\/p>\n\n\n\n<h3>Trovateci sui social media!<\/h3>\n\n\n\n<p>Sui nostri canali di social media vi forniamo le pi\u00f9 belle immagini di cani della comunit\u00e0. Troverete anche molti fatti interessanti sul migliore amico dell&#8217;uomo. Inoltre, in futuro vi terremo aggiornati su tutte le nuove funzionalit\u00e0 aggiunte all&#8217;applicazione Dog Scanner.  <br><br>* <u><a rel=\"noreferrer noopener\" aria-label=\" (opens in a new tab)\" href=\"https:\/\/www.instagram.com\/dogscanner_app\" target=\"_blank\">Instagram<\/a><\/u> <br>* <u><a rel=\"noreferrer noopener\" aria-label=\" (opens in a new tab)\" href=\"https:\/\/www.facebook.com\/DogScannerApp\" target=\"_blank\">Facebook<\/a><\/u> <br>* <u><a rel=\"noreferrer noopener\" aria-label=\" (opens in a new tab)\" href=\"https:\/\/twitter.com\/dogscanner_app\" target=\"_blank\">Twitter<\/a><\/u><\/p>\n\n\n\n<h3>Provaci!<\/h3>\n\n\n\n<p>Scarica l&#8217;applicazione Dog Scanner gratuitamente. Trovatela su <u><a href=\"https:\/\/play.google.com\/store\/apps\/details?id=com.siwalusoftware.dogscanner&amp;referrer=utm_source%3Dsiwalusoftware.com\" target=\"_blank\" rel=\"noreferrer noopener\" aria-label=\"Google Play (opens in a new tab)\">Google Play<\/a><\/u> per dispositivi Android o sull&#8217;<u><a href=\"https:\/\/itunes.apple.com\/app\/apple-store\/id1447489158?pt=119468156&amp;ct=siwalusoftware.com&amp;mt=8\" target=\"_blank\" rel=\"noreferrer noopener\" aria-label=\"Apple App Store (opens in a new tab)\">Apple App Store<\/a><\/u> se usate un iPhone o un iPad! Nonostante le dimensioni ridotte dell&#8217;app, potrete ottenere tutte le funzioni e potrete identificare la razza del vostro cane o accedere al nostro ampio database in qualsiasi momento!<br><br>Avete mai visto un cane durante una passeggiata e vi siete mai chiesti che tipo di cane \u00e8? Forse ne conoscete anche la razza, ma non riuscite a ricordarne il nome? Oppure hai un cane di cui non conosci ancora la razza? Beh, forse sai di avere una razza mista, ma quali razze fanno davvero parte della tua amata?<br><br>Prima di prendere in considerazione un costoso test del DNA, l&#8217;applicazione Dog Scanner pu\u00f2 aiutarvi a rispondere a tutte queste domande! Basta scansionare il cane con l&#8217;app e la razza del cane sar\u00e0 determinata automaticamente in pochi secondi!<\/p>\n\n\n\n<h3>Disclaimer:<\/h3>\n\n\n\n<p>Questa app non pu\u00f2 trasformare il vostro smartphone in una pazza nave spaziale in grado di estrarre il sangue del vostro cane con un laser magico. L&#8217;app fornisce previsioni educate in base a ci\u00f2 che vede. In media, queste previsioni sono abbastanza accurate. Tuttavia, \u00e8 ovvio che il risultato pu\u00f2 essere buono solo come l&#8217;immagine\/video che si fornisce alla app. Inoltre, \u00e8 impossibile far rilevare correttamente ogni singolo cane. Le persone tendono a prenderla sul personale, se il loro amato cane non \u00e8 previsto correttamente. Se si d\u00e0 una possibilit\u00e0 all&#8217;app in primo luogo, si vedr\u00e0 che le sue prestazioni complessive sono abbastanza decenti. Invece di dover pagare un sacco di soldi per un test del DNA, questa app \u00e8 gratuita. Buon divertimento!<\/p>\n","protected":false},"excerpt":{"rendered":"<p>Vedi un cane, ma non ne conosci la razza? Basta scattare una rapida foto o un video di un cane &#8211; con la vostra applicazione [&hellip;]<\/p>\n","protected":false},"author":1,"featured_media":0,"parent":0,"menu_order":0,"comment_status":"closed","ping_status":"closed","template":"page-templates\/app-flavor-main-page.php","meta":[],"yoast_head":"<!-- This site is optimized with the Yoast SEO plugin v16.9 - https:\/\/yoast.com\/wordpress\/plugins\/seo\/ -->\n<title>Dog Scanner - #1 Dog Breed Identification su Android e iOS<\/title>\n<meta name=\"description\" content=\"Vedi un cane, ma non ne conosci la razza? Basta scattare una foto e l&#039;applicazione Dog Scanner lo determiner\u00e0. L&#039;app vi dice anche quali razze sono state mescolate!\" \/>\n<meta name=\"robots\" content=\"index, follow, max-snippet:-1, max-image-preview:large, max-video-preview:-1\" \/>\n<link rel=\"canonical\" href=\"https:\/\/siwalusoftware.com\/it\/dog-scanner\/\" \/>\n<meta property=\"og:locale\" content=\"it_IT\" \/>\n<meta property=\"og:type\" content=\"article\" \/>\n<meta property=\"og:title\" content=\"Dog Scanner - #1 Dog Breed Identification su Android e iOS\" \/>\n<meta property=\"og:description\" content=\"Vedi un cane, ma non ne conosci la razza? Basta scattare una foto e l&#039;applicazione Dog Scanner lo determiner\u00e0. L&#039;app vi dice anche quali razze sono state mescolate!\" \/>\n<meta property=\"og:url\" content=\"https:\/\/siwalusoftware.com\/it\/dog-scanner\/\" \/>\n<meta property=\"og:site_name\" content=\"Siwalu Software\" \/>\n<meta property=\"article:publisher\" content=\"https:\/\/facebook.com\/DogScannerApp\" \/>\n<meta property=\"article:modified_time\" content=\"2020-05-19T15:21:48+00:00\" \/>\n<meta name=\"twitter:card\" content=\"summary_large_image\" \/>\n<meta name=\"twitter:site\" content=\"@dogscanner_app\" \/>\n<meta name=\"twitter:label1\" content=\"Tempo di lettura stimato\" \/>\n\t<meta name=\"twitter:data1\" content=\"4 minuti\" \/>\n<script type=\"application\/ld+json\" class=\"yoast-schema-graph\">{\"@context\":\"https:\/\/schema.org\",\"@graph\":[{\"@type\":\"Organization\",\"@id\":\"https:\/\/siwalusoftware.com\/zh-hans\/#organization\",\"name\":\"Siwalu Software GmbH\",\"url\":\"https:\/\/siwalusoftware.com\/zh-hans\/\",\"sameAs\":[\"https:\/\/facebook.com\/DogScannerApp\",\"https:\/\/instagram.com\/dogscanner_app\",\"https:\/\/www.linkedin.com\/company\/siwalu\/\",\"https:\/\/www.youtube.com\/channel\/UCexEBJ5uq8Vx0bdgg70Lr8g\",\"https:\/\/twitter.com\/dogscanner_app\"],\"logo\":{\"@type\":\"ImageObject\",\"@id\":\"https:\/\/siwalusoftware.com\/zh-hans\/#logo\",\"inLanguage\":\"it-IT\",\"url\":\"https:\/\/siwalusoftware.com\/wp-content\/uploads\/2020\/01\/siwalu-logo-negativ-background-e1580133589167.png\",\"contentUrl\":\"https:\/\/siwalusoftware.com\/wp-content\/uploads\/2020\/01\/siwalu-logo-negativ-background-e1580133589167.png\",\"width\":512,\"height\":307,\"caption\":\"Siwalu Software GmbH\"},\"image\":{\"@id\":\"https:\/\/siwalusoftware.com\/zh-hans\/#logo\"}},{\"@type\":\"WebSite\",\"@id\":\"https:\/\/siwalusoftware.com\/zh-hans\/#website\",\"url\":\"https:\/\/siwalusoftware.com\/zh-hans\/\",\"name\":\"Siwalu Software\",\"description\":\"AI-based animal recognition\",\"publisher\":{\"@id\":\"https:\/\/siwalusoftware.com\/zh-hans\/#organization\"},\"potentialAction\":[{\"@type\":\"SearchAction\",\"target\":{\"@type\":\"EntryPoint\",\"urlTemplate\":\"https:\/\/siwalusoftware.com\/zh-hans\/?s={search_term_string}\"},\"query-input\":\"required name=search_term_string\"}],\"inLanguage\":\"it-IT\"},{\"@type\":\"WebPage\",\"@id\":\"https:\/\/siwalusoftware.com\/it\/dog-scanner\/#webpage\",\"url\":\"https:\/\/siwalusoftware.com\/it\/dog-scanner\/\",\"name\":\"Dog Scanner - #1 Dog Breed Identification su Android e iOS\",\"isPartOf\":{\"@id\":\"https:\/\/siwalusoftware.com\/zh-hans\/#website\"},\"datePublished\":\"2020-01-13T15:37:09+00:00\",\"dateModified\":\"2020-05-19T15:21:48+00:00\",\"description\":\"Vedi un cane, ma non ne conosci la razza? Basta scattare una foto e l'applicazione Dog Scanner lo determiner\\u00e0. L'app vi dice anche quali razze sono state mescolate!\",\"breadcrumb\":{\"@id\":\"https:\/\/siwalusoftware.com\/it\/dog-scanner\/#breadcrumb\"},\"inLanguage\":\"it-IT\",\"potentialAction\":[{\"@type\":\"ReadAction\",\"target\":[\"https:\/\/siwalusoftware.com\/it\/dog-scanner\/\"]}]},{\"@type\":\"BreadcrumbList\",\"@id\":\"https:\/\/siwalusoftware.com\/it\/dog-scanner\/#breadcrumb\",\"itemListElement\":[{\"@type\":\"ListItem\",\"position\":1,\"name\":\"Home\",\"item\":\"https:\/\/siwalusoftware.com\/it\/\"},{\"@type\":\"ListItem\",\"position\":2,\"name\":\"Dog Scanner\"}]}]}<\/script>\n<!-- \/ Yoast SEO plugin. -->","yoast_head_json":{"title":"Dog Scanner - #1 Dog Breed Identification su Android e iOS","description":"Vedi un cane, ma non ne conosci la razza? Basta scattare una foto e l'applicazione Dog Scanner lo determiner\u00e0. L'app vi dice anche quali razze sono state mescolate!","robots":{"index":"index","follow":"follow","max-snippet":"max-snippet:-1","max-image-preview":"max-image-preview:large","max-video-preview":"max-video-preview:-1"},"canonical":"https:\/\/siwalusoftware.com\/it\/dog-scanner\/","og_locale":"it_IT","og_type":"article","og_title":"Dog Scanner - #1 Dog Breed Identification su Android e iOS","og_description":"Vedi un cane, ma non ne conosci la razza? Basta scattare una foto e l'applicazione Dog Scanner lo determiner\u00e0. L'app vi dice anche quali razze sono state mescolate!","og_url":"https:\/\/siwalusoftware.com\/it\/dog-scanner\/","og_site_name":"Siwalu Software","article_publisher":"https:\/\/facebook.com\/DogScannerApp","article_modified_time":"2020-05-19T15:21:48+00:00","twitter_card":"summary_large_image","twitter_site":"@dogscanner_app","twitter_misc":{"Tempo di lettura stimato":"4 minuti"},"schema":{"@context":"https:\/\/schema.org","@graph":[{"@type":"Organization","@id":"https:\/\/siwalusoftware.com\/zh-hans\/#organization","name":"Siwalu Software GmbH","url":"https:\/\/siwalusoftware.com\/zh-hans\/","sameAs":["https:\/\/facebook.com\/DogScannerApp","https:\/\/instagram.com\/dogscanner_app","https:\/\/www.linkedin.com\/company\/siwalu\/","https:\/\/www.youtube.com\/channel\/UCexEBJ5uq8Vx0bdgg70Lr8g","https:\/\/twitter.com\/dogscanner_app"],"logo":{"@type":"ImageObject","@id":"https:\/\/siwalusoftware.com\/zh-hans\/#logo","inLanguage":"it-IT","url":"https:\/\/siwalusoftware.com\/wp-content\/uploads\/2020\/01\/siwalu-logo-negativ-background-e1580133589167.png","contentUrl":"https:\/\/siwalusoftware.com\/wp-content\/uploads\/2020\/01\/siwalu-logo-negativ-background-e1580133589167.png","width":512,"height":307,"caption":"Siwalu Software GmbH"},"image":{"@id":"https:\/\/siwalusoftware.com\/zh-hans\/#logo"}},{"@type":"WebSite","@id":"https:\/\/siwalusoftware.com\/zh-hans\/#website","url":"https:\/\/siwalusoftware.com\/zh-hans\/","name":"Siwalu Software","description":"AI-based animal recognition","publisher":{"@id":"https:\/\/siwalusoftware.com\/zh-hans\/#organization"},"potentialAction":[{"@type":"SearchAction","target":{"@type":"EntryPoint","urlTemplate":"https:\/\/siwalusoftware.com\/zh-hans\/?s={search_term_string}"},"query-input":"required name=search_term_string"}],"inLanguage":"it-IT"},{"@type":"WebPage","@id":"https:\/\/siwalusoftware.com\/it\/dog-scanner\/#webpage","url":"https:\/\/siwalusoftware.com\/it\/dog-scanner\/","name":"Dog Scanner - #1 Dog Breed Identification su Android e iOS","isPartOf":{"@id":"https:\/\/siwalusoftware.com\/zh-hans\/#website"},"datePublished":"2020-01-13T15:37:09+00:00","dateModified":"2020-05-19T15:21:48+00:00","description":"Vedi un cane, ma non ne conosci la razza? Basta scattare una foto e l'applicazione Dog Scanner lo determiner\u00e0. L'app vi dice anche quali razze sono state mescolate!","breadcrumb":{"@id":"https:\/\/siwalusoftware.com\/it\/dog-scanner\/#breadcrumb"},"inLanguage":"it-IT","potentialAction":[{"@type":"ReadAction","target":["https:\/\/siwalusoftware.com\/it\/dog-scanner\/"]}]},{"@type":"BreadcrumbList","@id":"https:\/\/siwalusoftware.com\/it\/dog-scanner\/#breadcrumb","itemListElement":[{"@type":"ListItem","position":1,"name":"Home","item":"https:\/\/siwalusoftware.com\/it\/"},{"@type":"ListItem","position":2,"name":"Dog Scanner"}]}]}},"_links":{"self":[{"href":"https:\/\/siwalusoftware.com\/it\/wp-json\/wp\/v2\/pages\/636"}],"collection":[{"href":"https:\/\/siwalusoftware.com\/it\/wp-json\/wp\/v2\/pages"}],"about":[{"href":"https:\/\/siwalusoftware.com\/it\/wp-json\/wp\/v2\/types\/page"}],"author":[{"embeddable":true,"href":"https:\/\/siwalusoftware.com\/it\/wp-json\/wp\/v2\/users\/1"}],"replies":[{"embeddable":true,"href":"https:\/\/siwalusoftware.com\/it\/wp-json\/wp\/v2\/comments?post=636"}],"version-history":[{"count":7,"href":"https:\/\/siwalusoftware.com\/it\/wp-json\/wp\/v2\/pages\/636\/revisions"}],"predecessor-version":[{"id":1184,"href":"https:\/\/siwalusoftware.com\/it\/wp-json\/wp\/v2\/pages\/636\/revisions\/1184"}],"wp:attachment":[{"href":"https:\/\/siwalusoftware.com\/it\/wp-json\/wp\/v2\/media?parent=636"}],"curies":[{"name":"wp","href":"https:\/\/api.w.org\/{rel}","templated":true}]}}