{"id":652,"date":"2020-01-13T17:06:52","date_gmt":"2020-01-13T16:06:52","guid":{"rendered":"https:\/\/siwalusoftware.com\/horse-scanner\/"},"modified":"2020-05-20T15:29:17","modified_gmt":"2020-05-20T13:29:17","slug":"horse-scanner","status":"publish","type":"page","link":"https:\/\/siwalusoftware.com\/it\/horse-scanner\/","title":{"rendered":"Horse Scanner"},"content":{"rendered":"\n<h3>Vedi un cavallo, ma non ne conosci la razza?<\/h3>\n\n\n\n<p>Basta scattare una rapida foto o un video del cavallo &#8211; con la vostra applicazione Horse Scanner potrete identificare la razza di un cavallo in modo affidabile in pochi secondi! La nostra fotocamera integrata con Pinch To Zoom e Tap to Focus rende l&#8217;identificazione delle razze di cavalli molto semplice!<br><br>Naturalmente l&#8217;applicazione Horse Scanner supporta anche il caricamento di immagini dalla vostra galleria.<\/p>\n\n\n\n<h3>Tante razze di cavalli nell&#8217;applicazione Horse Scanner!<\/h3>\n\n\n\n<p>L&#8217;applicazione Horse Scanner identifica attualmente circa 160 diverse razze di cavalli. Il nostro <u><a href=\"https:\/\/siwalusoftware.com\/it\/horse-scanner\/horse-breeds\/\" target=\"_blank\" rel=\"noreferrer noopener\" aria-label=\"database (opens in a new tab)\">database<\/a><\/u> include tutte le razze comuni, cos\u00ec come molte altre razze di cavalli popolari nazionali e internazionali.<br><br>A proposito, la nostra banca dati completa con informazioni e immagini di tutte le razze di cavalli supportate (comprese quelle non ufficiali) \u00e8 accessibile anche completamente senza scansione!<\/p>\n\n\n\n<h3>Non ci sono cavalli in giro?<\/h3>\n\n\n\n<p>Non importa! Basta scansionare te stesso, i tuoi amici, la tua famiglia o le persone intorno a te e scoprire quali sono i cavalli a cui assomigli di pi\u00f9!<br><br>Pu\u00f2 sembrare un po&#8217; strano, ma funziona davvero: l&#8217;applicazione Horse Scanner riconosce anche gli esseri umani. Basta fare un rapido selfieie e scoprire che razza di cavallo sei!<\/p>\n\n\n\n<h3>Diventa parte della nostra comunit\u00e0 Horse Scanner! <\/h3>\n\n\n\n<p>Condividete i vostri risultati e confrontateli con i risultati della comunit\u00e0! Carica le foto del tuo cavallo preferito sul nostro Social Feed e condividile con gli altri amanti dei cavalli! Dai un&#8217;occhiata ai profili e alle foto degli altri utenti e commenta i post della community e filtrali per data o per popolarit\u00e0!<br><br>Inoltre, potete condividere facilmente i vostri post con i vostri amici semplicemente inviando una foto direttamente dall&#8217;applicazione Horse Scanner.<\/p>\n\n\n\n<h3>Cattura tutte le razze di cavalli e diventa un esperto!<\/h3>\n\n\n\n<p>Cattura tutte le razze di cavalli, proprio come in Pok\u00e9mon Go. Scansiona almeno un cavallo di ogni razza, gestisci le sfide, ottieni dei vantaggi virtuali e diventa un vero esperto di cavalli!<br><br>Gareggia con i tuoi amici o con gli utenti della community e sali in cima alla nostra classifica!<\/p>\n\n\n\n<h3>Dateci un feedback sull&#8217;applicazione Horse Scanner!<\/h3>\n\n\n\n<p>Fateci sapere se la razza del cavallo \u00e8 stata correttamente identificata. In caso contrario, otterrete consigli utili per migliorare i vostri risultati. Se ci indicate anche quale razza di cavallo \u00e8 presente nella foto, ci aiutate a migliorare il nostro software poich\u00e9 l&#8217;applicazione impara automaticamente a fornire risultati ancora pi\u00f9 precisi.<br><br>Suggerisci o vota per le razze di cavalli (non ufficiali) che vuoi che aggiungiamo all&#8217;app in futuro!<\/p>\n\n\n\n<h3>Ottieni il tuo upgrade premium!<\/h3>\n\n\n\n<p>Con la nostra versione premium, l&#8217;applicazione non mostrer\u00e0 pi\u00f9 annunci e i tuoi risultati saranno disponibili pi\u00f9 velocemente. Inoltre, ora puoi scegliere se le tue razze di cavalli devono essere riconosciute piuttosto rapidamente o con maggiore precisione. Con la versione premium, la scansione dei cavalli \u00e8 possibile anche in modalit\u00e0 offline, quindi non \u00e8 pi\u00f9 necessaria una connessione internet attiva per identificare le loro razze. Con l&#8217;acquisto opzionale in-app della nostra versione premium, potrete anche supportare questa app.<\/p>\n\n\n\n<h3>Trovateci sui social media!<\/h3>\n\n\n\n<p>Sui nostri canali di social media vi forniamo le pi\u00f9 belle immagini di cavalli della comunit\u00e0. Troverete anche molti fatti interessanti sul vostro animale preferito. Inoltre, in futuro vi terremo aggiornati su tutte le nuove funzionalit\u00e0 aggiunte all&#8217;applicazione Horse Scanner.  <br><br>* <u><a rel=\"noreferrer noopener\" aria-label=\"Instagram (opens in a new tab)\" href=\"https:\/\/www.instagram.com\/horsescanner_app\" target=\"_blank\">Instagram<\/a><\/u><br>* <u><a rel=\"noreferrer noopener\" aria-label=\"Facebook (opens in a new tab)\" href=\"https:\/\/www.facebook.com\/HorseScannerApp\" target=\"_blank\">Facebook<\/a><\/u> <br>* <u><a rel=\"noreferrer noopener\" aria-label=\"Twitter (opens in a new tab)\" href=\"https:\/\/twitter.com\/HorseScannerApp\" target=\"_blank\">Twitter<\/a><\/u><\/p>\n\n\n\n<h3>Provaci!<\/h3>\n\n\n\n<p>Scarica l&#8217;applicazione Horse Scanner gratuitamente. Trovatela su <u><a href=\"https:\/\/play.google.com\/store\/apps\/details?id=com.siwalusoftware.horsescanner&amp;referrer=utm_source%3Dsiwalusoftware.com\" target=\"_blank\" rel=\"noreferrer noopener\" aria-label=\"Google Play (opens in a new tab)\">Google Play<\/a><\/u> per dispositivi Android o sull&#8217;<u><a href=\"https:\/\/itunes.apple.com\/app\/apple-store\/id1483790768?pt=119468156&amp;ct=siwalusoftware.com&amp;mt=8\" target=\"_blank\" rel=\"noreferrer noopener\" aria-label=\"Apple App Store (opens in a new tab)\">Apple App Store<\/a><\/u> se usate un iPhone o un iPad! Nonostante le dimensioni ridotte dell&#8217;app, avrete tutte le funzioni e potrete identificare la razza del vostro cavallo o accedere al nostro ampio database in qualsiasi momento!<br><br>Avete mai visto un cavallo e vi siete mai chiesti che tipo di cavallo \u00e8? Forse ne conoscete anche la razza, ma non riuscite a ricordarne il nome? O hai un cavallo di cui non conosci ancora la razza?<br><br>L&#8217;applicazione Horse Scanner pu\u00f2 aiutarvi a rispondere a tutte queste domande! Basta scansionare il cavallo con l&#8217;app e la razza del cavallo sar\u00e0 determinata automaticamente in pochi secondi!<\/p>\n\n\n\n<h3>Esclusione di responsabilit\u00e0:<\/h3>\n\n\n\n<p>Questa app non pu\u00f2 trasformare il vostro smartphone in una pazza nave spaziale in grado di estrarre il sangue del vostro cavallo con un laser magico. L&#8217;app fornisce previsioni educate basate su ci\u00f2 che vede. In media, queste previsioni sono abbastanza accurate. Tuttavia, \u00e8 ovvio che il risultato pu\u00f2 essere buono solo come l&#8217;immagine\/video che si fornisce alla app. Inoltre, \u00e8 impossibile rilevare correttamente ogni singolo cavallo. La gente tende a prenderla sul personale, se il proprio amato cavallo non \u00e8 previsto correttamente. Se si d\u00e0 una possibilit\u00e0 all&#8217;app in primo luogo, si vedr\u00e0 che le sue prestazioni complessive sono abbastanza decenti. Invece di dover pagare un sacco di soldi per un test del DNA, questa app \u00e8 gratuita. Buon divertimento!<\/p>\n","protected":false},"excerpt":{"rendered":"<p>Vedi un cavallo, ma non ne conosci la razza? Basta scattare una rapida foto o un video del cavallo &#8211; con la vostra applicazione Horse [&hellip;]<\/p>\n","protected":false},"author":1,"featured_media":0,"parent":0,"menu_order":0,"comment_status":"closed","ping_status":"closed","template":"page-templates\/app-flavor-main-page.php","meta":[],"yoast_head":"<!-- This site is optimized with the Yoast SEO plugin v16.9 - https:\/\/yoast.com\/wordpress\/plugins\/seo\/ -->\n<title>Horse Scanner - Identificazione della razza equina su Android e iOS<\/title>\n<meta name=\"description\" content=\"Vedi un cavallo, ma non ne conosci la razza? Basta scattare una foto e l&#039;applicazione Horse Scanner lo determiner\u00e0. L&#039;applicazione supporta attualmente circa 160 razze di cavalli.\" \/>\n<meta name=\"robots\" content=\"index, follow, max-snippet:-1, max-image-preview:large, max-video-preview:-1\" \/>\n<link rel=\"canonical\" href=\"https:\/\/siwalusoftware.com\/it\/horse-scanner\/\" \/>\n<meta property=\"og:locale\" content=\"it_IT\" \/>\n<meta property=\"og:type\" content=\"article\" \/>\n<meta property=\"og:title\" content=\"Horse Scanner - Identificazione della razza equina su Android e iOS\" \/>\n<meta property=\"og:description\" content=\"Vedi un cavallo, ma non ne conosci la razza? Basta scattare una foto e l&#039;applicazione Horse Scanner lo determiner\u00e0. L&#039;applicazione supporta attualmente circa 160 razze di cavalli.\" \/>\n<meta property=\"og:url\" content=\"https:\/\/siwalusoftware.com\/it\/horse-scanner\/\" \/>\n<meta property=\"og:site_name\" content=\"Siwalu Software\" \/>\n<meta property=\"article:publisher\" content=\"https:\/\/facebook.com\/DogScannerApp\" \/>\n<meta property=\"article:modified_time\" content=\"2020-05-20T13:29:17+00:00\" \/>\n<meta name=\"twitter:card\" content=\"summary_large_image\" \/>\n<meta name=\"twitter:site\" content=\"@dogscanner_app\" \/>\n<meta name=\"twitter:label1\" content=\"Tempo di lettura stimato\" \/>\n\t<meta name=\"twitter:data1\" content=\"4 minuti\" \/>\n<script type=\"application\/ld+json\" class=\"yoast-schema-graph\">{\"@context\":\"https:\/\/schema.org\",\"@graph\":[{\"@type\":\"Organization\",\"@id\":\"https:\/\/siwalusoftware.com\/zh-hans\/#organization\",\"name\":\"Siwalu Software GmbH\",\"url\":\"https:\/\/siwalusoftware.com\/zh-hans\/\",\"sameAs\":[\"https:\/\/facebook.com\/DogScannerApp\",\"https:\/\/instagram.com\/dogscanner_app\",\"https:\/\/www.linkedin.com\/company\/siwalu\/\",\"https:\/\/www.youtube.com\/channel\/UCexEBJ5uq8Vx0bdgg70Lr8g\",\"https:\/\/twitter.com\/dogscanner_app\"],\"logo\":{\"@type\":\"ImageObject\",\"@id\":\"https:\/\/siwalusoftware.com\/zh-hans\/#logo\",\"inLanguage\":\"it-IT\",\"url\":\"https:\/\/siwalusoftware.com\/wp-content\/uploads\/2020\/01\/siwalu-logo-negativ-background-e1580133589167.png\",\"contentUrl\":\"https:\/\/siwalusoftware.com\/wp-content\/uploads\/2020\/01\/siwalu-logo-negativ-background-e1580133589167.png\",\"width\":512,\"height\":307,\"caption\":\"Siwalu Software GmbH\"},\"image\":{\"@id\":\"https:\/\/siwalusoftware.com\/zh-hans\/#logo\"}},{\"@type\":\"WebSite\",\"@id\":\"https:\/\/siwalusoftware.com\/zh-hans\/#website\",\"url\":\"https:\/\/siwalusoftware.com\/zh-hans\/\",\"name\":\"Siwalu Software\",\"description\":\"AI-based animal recognition\",\"publisher\":{\"@id\":\"https:\/\/siwalusoftware.com\/zh-hans\/#organization\"},\"potentialAction\":[{\"@type\":\"SearchAction\",\"target\":{\"@type\":\"EntryPoint\",\"urlTemplate\":\"https:\/\/siwalusoftware.com\/zh-hans\/?s={search_term_string}\"},\"query-input\":\"required name=search_term_string\"}],\"inLanguage\":\"it-IT\"},{\"@type\":\"WebPage\",\"@id\":\"https:\/\/siwalusoftware.com\/it\/horse-scanner\/#webpage\",\"url\":\"https:\/\/siwalusoftware.com\/it\/horse-scanner\/\",\"name\":\"Horse Scanner - Identificazione della razza equina su Android e iOS\",\"isPartOf\":{\"@id\":\"https:\/\/siwalusoftware.com\/zh-hans\/#website\"},\"datePublished\":\"2020-01-13T16:06:52+00:00\",\"dateModified\":\"2020-05-20T13:29:17+00:00\",\"description\":\"Vedi un cavallo, ma non ne conosci la razza? Basta scattare una foto e l'applicazione Horse Scanner lo determiner\\u00e0. L'applicazione supporta attualmente circa 160 razze di cavalli.\",\"breadcrumb\":{\"@id\":\"https:\/\/siwalusoftware.com\/it\/horse-scanner\/#breadcrumb\"},\"inLanguage\":\"it-IT\",\"potentialAction\":[{\"@type\":\"ReadAction\",\"target\":[\"https:\/\/siwalusoftware.com\/it\/horse-scanner\/\"]}]},{\"@type\":\"BreadcrumbList\",\"@id\":\"https:\/\/siwalusoftware.com\/it\/horse-scanner\/#breadcrumb\",\"itemListElement\":[{\"@type\":\"ListItem\",\"position\":1,\"name\":\"Home\",\"item\":\"https:\/\/siwalusoftware.com\/it\/\"},{\"@type\":\"ListItem\",\"position\":2,\"name\":\"Horse Scanner\"}]}]}<\/script>\n<!-- \/ Yoast SEO plugin. -->","yoast_head_json":{"title":"Horse Scanner - Identificazione della razza equina su Android e iOS","description":"Vedi un cavallo, ma non ne conosci la razza? Basta scattare una foto e l'applicazione Horse Scanner lo determiner\u00e0. L'applicazione supporta attualmente circa 160 razze di cavalli.","robots":{"index":"index","follow":"follow","max-snippet":"max-snippet:-1","max-image-preview":"max-image-preview:large","max-video-preview":"max-video-preview:-1"},"canonical":"https:\/\/siwalusoftware.com\/it\/horse-scanner\/","og_locale":"it_IT","og_type":"article","og_title":"Horse Scanner - Identificazione della razza equina su Android e iOS","og_description":"Vedi un cavallo, ma non ne conosci la razza? Basta scattare una foto e l'applicazione Horse Scanner lo determiner\u00e0. L'applicazione supporta attualmente circa 160 razze di cavalli.","og_url":"https:\/\/siwalusoftware.com\/it\/horse-scanner\/","og_site_name":"Siwalu Software","article_publisher":"https:\/\/facebook.com\/DogScannerApp","article_modified_time":"2020-05-20T13:29:17+00:00","twitter_card":"summary_large_image","twitter_site":"@dogscanner_app","twitter_misc":{"Tempo di lettura stimato":"4 minuti"},"schema":{"@context":"https:\/\/schema.org","@graph":[{"@type":"Organization","@id":"https:\/\/siwalusoftware.com\/zh-hans\/#organization","name":"Siwalu Software GmbH","url":"https:\/\/siwalusoftware.com\/zh-hans\/","sameAs":["https:\/\/facebook.com\/DogScannerApp","https:\/\/instagram.com\/dogscanner_app","https:\/\/www.linkedin.com\/company\/siwalu\/","https:\/\/www.youtube.com\/channel\/UCexEBJ5uq8Vx0bdgg70Lr8g","https:\/\/twitter.com\/dogscanner_app"],"logo":{"@type":"ImageObject","@id":"https:\/\/siwalusoftware.com\/zh-hans\/#logo","inLanguage":"it-IT","url":"https:\/\/siwalusoftware.com\/wp-content\/uploads\/2020\/01\/siwalu-logo-negativ-background-e1580133589167.png","contentUrl":"https:\/\/siwalusoftware.com\/wp-content\/uploads\/2020\/01\/siwalu-logo-negativ-background-e1580133589167.png","width":512,"height":307,"caption":"Siwalu Software GmbH"},"image":{"@id":"https:\/\/siwalusoftware.com\/zh-hans\/#logo"}},{"@type":"WebSite","@id":"https:\/\/siwalusoftware.com\/zh-hans\/#website","url":"https:\/\/siwalusoftware.com\/zh-hans\/","name":"Siwalu Software","description":"AI-based animal recognition","publisher":{"@id":"https:\/\/siwalusoftware.com\/zh-hans\/#organization"},"potentialAction":[{"@type":"SearchAction","target":{"@type":"EntryPoint","urlTemplate":"https:\/\/siwalusoftware.com\/zh-hans\/?s={search_term_string}"},"query-input":"required name=search_term_string"}],"inLanguage":"it-IT"},{"@type":"WebPage","@id":"https:\/\/siwalusoftware.com\/it\/horse-scanner\/#webpage","url":"https:\/\/siwalusoftware.com\/it\/horse-scanner\/","name":"Horse Scanner - Identificazione della razza equina su Android e iOS","isPartOf":{"@id":"https:\/\/siwalusoftware.com\/zh-hans\/#website"},"datePublished":"2020-01-13T16:06:52+00:00","dateModified":"2020-05-20T13:29:17+00:00","description":"Vedi un cavallo, ma non ne conosci la razza? Basta scattare una foto e l'applicazione Horse Scanner lo determiner\u00e0. L'applicazione supporta attualmente circa 160 razze di cavalli.","breadcrumb":{"@id":"https:\/\/siwalusoftware.com\/it\/horse-scanner\/#breadcrumb"},"inLanguage":"it-IT","potentialAction":[{"@type":"ReadAction","target":["https:\/\/siwalusoftware.com\/it\/horse-scanner\/"]}]},{"@type":"BreadcrumbList","@id":"https:\/\/siwalusoftware.com\/it\/horse-scanner\/#breadcrumb","itemListElement":[{"@type":"ListItem","position":1,"name":"Home","item":"https:\/\/siwalusoftware.com\/it\/"},{"@type":"ListItem","position":2,"name":"Horse Scanner"}]}]}},"_links":{"self":[{"href":"https:\/\/siwalusoftware.com\/it\/wp-json\/wp\/v2\/pages\/652"}],"collection":[{"href":"https:\/\/siwalusoftware.com\/it\/wp-json\/wp\/v2\/pages"}],"about":[{"href":"https:\/\/siwalusoftware.com\/it\/wp-json\/wp\/v2\/types\/page"}],"author":[{"embeddable":true,"href":"https:\/\/siwalusoftware.com\/it\/wp-json\/wp\/v2\/users\/1"}],"replies":[{"embeddable":true,"href":"https:\/\/siwalusoftware.com\/it\/wp-json\/wp\/v2\/comments?post=652"}],"version-history":[{"count":6,"href":"https:\/\/siwalusoftware.com\/it\/wp-json\/wp\/v2\/pages\/652\/revisions"}],"predecessor-version":[{"id":1274,"href":"https:\/\/siwalusoftware.com\/it\/wp-json\/wp\/v2\/pages\/652\/revisions\/1274"}],"wp:attachment":[{"href":"https:\/\/siwalusoftware.com\/it\/wp-json\/wp\/v2\/media?parent=652"}],"curies":[{"name":"wp","href":"https:\/\/api.w.org\/{rel}","templated":true}]}}