{"id":801,"date":"2020-01-13T16:37:09","date_gmt":"2020-01-13T15:37:09","guid":{"rendered":"https:\/\/siwalusoftware.com\/dog-scanner\/"},"modified":"2020-05-19T17:20:20","modified_gmt":"2020-05-19T15:20:20","slug":"dog-scanner","status":"publish","type":"page","link":"https:\/\/siwalusoftware.com\/nl\/dog-scanner\/","title":{"rendered":"Dog Scanner"},"content":{"rendered":"\n<h3>Zie je een hond, maar ken je zijn ras niet?<\/h3>\n\n\n\n<p>Maak gewoon een snelle foto of video van een hond &#8211; met uw Dog Scanner-app kunt u het ras van een hond in slechts enkele seconden betrouwbaar identificeren! Onze ge\u00efntegreerde camera met Pinch To Zoom en Tap to Focus maakt het eenvoudig om hondenrassen te identificeren!<br><br>Natuurlijk ondersteunt de hondenscanner app ook het uploaden van afbeeldingen uit uw galerij.<\/p>\n\n\n\n<h3>Heb je een gemengd ras?<\/h3>\n\n\n\n<p>Geen probleem, uw app herkent ook gemengde rassen! Wij voorzien u van gedetailleerde gegevens en interessante feiten over de verschillende rassen van uw mixhond. <\/p>\n\n\n\n<h3>Alle hondenrassen in de Dog Scanner app!<\/h3>\n\n\n\n<p>De Dog Scanner app identificeert momenteel meer dan 370 verschillende hondenrassen. Onze <u><a href=\"https:\/\/siwalusoftware.com\/nl\/dog-scanner\/dog-breeds\/\" target=\"_blank\" rel=\"noreferrer noopener\" aria-label=\"database (opens in a new tab)\">database<\/a><\/u> bevat alle rassen die officieel erkend zijn door de <u><a href=\"http:\/\/www.fci.be\/\" target=\"_blank\" rel=\"noreferrer noopener\" aria-label=\"F\u00e9d\u00e9ration Cynologique Internationale (FCI) (opens in a new tab)\">F\u00e9d\u00e9ration Cynologique Internationale (FCI)<\/a><\/u> en zelfs nog enkele andere!<br><br>Overigens is onze uitgebreide database met informatie en foto&#8217;s van alle hondenrassen (ook de onoffici\u00eble) ook zonder scannen volledig toegankelijk!<\/p>\n\n\n\n<h3>Geen hond in de buurt?<\/h3>\n\n\n\n<p>Maakt niet uit! Scan jezelf, je vrienden, je familie of de mensen om je heen en zoek uit op welke honden je het meest lijkt!<br><br>Klinkt misschien een beetje vreemd, maar het werkt echt: de Dog Scanner app herkent ook mensen. Neem gewoon een snelle selfie en ontdek wat voor soort hond je bent!<\/p>\n\n\n\n<h3>Maak deel uit van onze Dog Scanner community! <\/h3>\n\n\n\n<p>Deel uw resultaten en vergelijk ze met de resultaten van de community! Upload foto&#8217;s van uw favoriete hond naar onze Social Feed en deel ze met andere hondenliefhebbers! Bekijk de profielen en foto&#8217;s van andere gebruikers en geef commentaar op berichten van onze hondengemeenschap en filter ze op datum of populariteit!<br><br>Bovendien kunt u uw berichten gemakkelijk delen met uw vrienden door eenvoudigweg een foto rechtstreeks vanuit de hondenscanner-app te sturen.<\/p>\n\n\n\n<h3>Vang alle hondenrassen op en word een expert!<\/h3>\n\n\n\n<p>Vang alle hondenrassen op, net als in Pok\u00e9mon Go. Scan ten minste \u00e9\u00e9n hond van elk ras, beheers de uitdagingen, verdien virtuele traktaties en word een echte hondenexpert! <br><br>Ga de strijd aan met je vrienden of gebruikers uit de community en klim naar de top van onze ranglijst!<\/p>\n\n\n\n<h3>Geef ons feedback op de Dog Scanner app!<\/h3>\n\n\n\n<p>Laat ons weten of het ras van de hond correct is ge\u00efdentificeerd. Zo niet, dan krijgt u nuttige tips om uw eigen resultaten te verbeteren. Als u ook aangeeft welk hondenras in beeld is, helpt u ons om onze software te verbeteren, omdat de app automatisch leert hoe u nog nauwkeurigere resultaten kunt leveren.<br><br>Suggereer of stem voor (onoffici\u00eble) hondenrassen die u in de toekomst door ons wilt laten toevoegen aan de app!<\/p>\n\n\n\n<h3>Krijg uw premium upgrade!<\/h3>\n\n\n\n<p>Met onze premium versie zal de app geen advertenties meer tonen en zullen uw resultaten sneller beschikbaar zijn. Bovendien kunt u nu kiezen of uw hondenrassen vrij snel of met een hogere nauwkeurigheid moeten worden herkend. Met de premium versie is het ook mogelijk om honden te scannen in offline modus, zodat u geen actieve internetverbinding meer nodig heeft om hun rassen te identificeren. Met de optionele in-app aankoop van onze premium versie, zult u ook helpen om deze app te ondersteunen.<\/p>\n\n\n\n<h3>Vind ons op social media!<\/h3>\n\n\n\n<p>Op onze social media kanalen voorzien wij u van de mooiste hondenfoto&#8217;s uit de community. U vindt er ook veel interessante feiten over de beste vriend van de mens. Verder houden we u in de toekomst op de hoogte van alle nieuwe features van de Dog Scanner app.  <br><br>* <u><a rel=\"noreferrer noopener\" aria-label=\" (opens in a new tab)\" href=\"https:\/\/www.instagram.com\/dogscanner_app\" target=\"_blank\">Instagram<\/a><\/u> <br>* <u><a rel=\"noreferrer noopener\" aria-label=\" (opens in a new tab)\" href=\"https:\/\/www.facebook.com\/DogScannerApp\" target=\"_blank\">Facebook<\/a><\/u> <br>* <u><a rel=\"noreferrer noopener\" aria-label=\" (opens in a new tab)\" href=\"https:\/\/twitter.com\/dogscanner_app\" target=\"_blank\">Twitter<\/a><\/u><\/p>\n\n\n\n<h3>Probeer het maar eens!<\/h3>\n\n\n\n<p>Download de Dog Scanner app gratis. Zoek hem op <u><a href=\"https:\/\/play.google.com\/store\/apps\/details?id=com.siwalusoftware.dogscanner&amp;referrer=utm_source%3Dsiwalusoftware.com\" target=\"_blank\" rel=\"noreferrer noopener\" aria-label=\"Google Play (opens in a new tab)\">Google Play<\/a><\/u> voor Android-toestellen of in de <u><a href=\"https:\/\/itunes.apple.com\/app\/apple-store\/id1447489158?pt=119468156&amp;ct=siwalusoftware.com&amp;mt=8\" target=\"_blank\" rel=\"noreferrer noopener\" aria-label=\"Apple App Store (opens in a new tab)\">Apple App Store<\/a><\/u> als u een iPhone of iPad gebruikt! Ondanks het kleine formaat van de app krijgt u alle functies en kunt u op elk gewenst moment het ras van een hond identificeren of toegang krijgen tot onze uitgebreide database!<br><br>Heb je ooit een hond gezien tijdens een wandeling en vraag je je af wat voor soort hond het is? Misschien kent u het ras wel, maar kunt u zich zijn naam niet meer herinneren? Of heeft u een eigen hond waarvan u het ras nog niet kent? Wel, misschien weet u dat u een gemengd ras heeft, maar welke rassen behoren echt tot uw geliefde?<br><br>Voordat u overweegt om een dure DNA-test te laten doen, kan de Dog Scanner app u helpen om al deze vragen te beantwoorden! U hoeft alleen maar de hond te scannen met de app en binnen enkele seconden wordt het hondenras automatisch bepaald!<\/p>\n\n\n\n<h3>Disclaimer:<\/h3>\n\n\n\n<p>Deze app kan je smartphone niet transformeren in een gek ruimteschip dat het bloed van je hond met een magische laser kan onttrekken. De app geeft goed onderbouwde voorspellingen op basis van wat hij ziet. Gemiddeld genomen zijn die voorspellingen vrij accuraat. Het is echter duidelijk dat het resultaat slechts zo goed kan zijn als de beeld\/video die u aan de app geeft. Bovendien is het onmogelijk om elke individuele hond op de juiste manier te detecteren. Mensen hebben de neiging om het persoonlijk te nemen, als hun eigen geliefde hond niet goed voorspeld wordt. Als je de app in de eerste plaats een kans geeft, zul je zien dat de app over het algemeen behoorlijk presteert. In plaats van veel geld te moeten betalen voor een DNA-test, krijg je deze app gratis. Geniet ervan!<\/p>\n","protected":false},"excerpt":{"rendered":"<p>Zie je een hond, maar ken je zijn ras niet? Maak gewoon een snelle foto of video van een hond &#8211; met uw Dog Scanner-app [&hellip;]<\/p>\n","protected":false},"author":1,"featured_media":0,"parent":0,"menu_order":0,"comment_status":"closed","ping_status":"closed","template":"page-templates\/app-flavor-main-page.php","meta":[],"yoast_head":"<!-- This site is optimized with the Yoast SEO plugin v16.9 - https:\/\/yoast.com\/wordpress\/plugins\/seo\/ -->\n<title>Dog Scanner - #1 Hondenrasidentificatie op Android en iOS<\/title>\n<meta name=\"description\" content=\"Zie je een hond, maar ken je zijn ras niet? Neem gewoon een foto en de hondenscanner app zal het bepalen. De app vertelt u ook welke rassen gemengd zijn!\" \/>\n<meta name=\"robots\" content=\"index, follow, max-snippet:-1, max-image-preview:large, max-video-preview:-1\" \/>\n<link rel=\"canonical\" href=\"https:\/\/siwalusoftware.com\/nl\/dog-scanner\/\" \/>\n<meta property=\"og:locale\" content=\"nl_NL\" \/>\n<meta property=\"og:type\" content=\"article\" \/>\n<meta property=\"og:title\" content=\"Dog Scanner - #1 Hondenrasidentificatie op Android en iOS\" \/>\n<meta property=\"og:description\" content=\"Zie je een hond, maar ken je zijn ras niet? Neem gewoon een foto en de hondenscanner app zal het bepalen. De app vertelt u ook welke rassen gemengd zijn!\" \/>\n<meta property=\"og:url\" content=\"https:\/\/siwalusoftware.com\/nl\/dog-scanner\/\" \/>\n<meta property=\"og:site_name\" content=\"Siwalu Software\" \/>\n<meta property=\"article:publisher\" content=\"https:\/\/facebook.com\/DogScannerApp\" \/>\n<meta property=\"article:modified_time\" content=\"2020-05-19T15:20:20+00:00\" \/>\n<meta name=\"twitter:card\" content=\"summary_large_image\" \/>\n<meta name=\"twitter:site\" content=\"@dogscanner_app\" \/>\n<meta name=\"twitter:label1\" content=\"Geschatte leestijd\" \/>\n\t<meta name=\"twitter:data1\" content=\"4 minuten\" \/>\n<script type=\"application\/ld+json\" class=\"yoast-schema-graph\">{\"@context\":\"https:\/\/schema.org\",\"@graph\":[{\"@type\":\"Organization\",\"@id\":\"https:\/\/siwalusoftware.com\/zh-hans\/#organization\",\"name\":\"Siwalu Software GmbH\",\"url\":\"https:\/\/siwalusoftware.com\/zh-hans\/\",\"sameAs\":[\"https:\/\/facebook.com\/DogScannerApp\",\"https:\/\/instagram.com\/dogscanner_app\",\"https:\/\/www.linkedin.com\/company\/siwalu\/\",\"https:\/\/www.youtube.com\/channel\/UCexEBJ5uq8Vx0bdgg70Lr8g\",\"https:\/\/twitter.com\/dogscanner_app\"],\"logo\":{\"@type\":\"ImageObject\",\"@id\":\"https:\/\/siwalusoftware.com\/zh-hans\/#logo\",\"inLanguage\":\"nl\",\"url\":\"https:\/\/siwalusoftware.com\/wp-content\/uploads\/2020\/01\/siwalu-logo-negativ-background-e1580133589167.png\",\"contentUrl\":\"https:\/\/siwalusoftware.com\/wp-content\/uploads\/2020\/01\/siwalu-logo-negativ-background-e1580133589167.png\",\"width\":512,\"height\":307,\"caption\":\"Siwalu Software GmbH\"},\"image\":{\"@id\":\"https:\/\/siwalusoftware.com\/zh-hans\/#logo\"}},{\"@type\":\"WebSite\",\"@id\":\"https:\/\/siwalusoftware.com\/zh-hans\/#website\",\"url\":\"https:\/\/siwalusoftware.com\/zh-hans\/\",\"name\":\"Siwalu Software\",\"description\":\"AI-based animal recognition\",\"publisher\":{\"@id\":\"https:\/\/siwalusoftware.com\/zh-hans\/#organization\"},\"potentialAction\":[{\"@type\":\"SearchAction\",\"target\":{\"@type\":\"EntryPoint\",\"urlTemplate\":\"https:\/\/siwalusoftware.com\/zh-hans\/?s={search_term_string}\"},\"query-input\":\"required name=search_term_string\"}],\"inLanguage\":\"nl\"},{\"@type\":\"WebPage\",\"@id\":\"https:\/\/siwalusoftware.com\/nl\/dog-scanner\/#webpage\",\"url\":\"https:\/\/siwalusoftware.com\/nl\/dog-scanner\/\",\"name\":\"Dog Scanner - #1 Hondenrasidentificatie op Android en iOS\",\"isPartOf\":{\"@id\":\"https:\/\/siwalusoftware.com\/zh-hans\/#website\"},\"datePublished\":\"2020-01-13T15:37:09+00:00\",\"dateModified\":\"2020-05-19T15:20:20+00:00\",\"description\":\"Zie je een hond, maar ken je zijn ras niet? Neem gewoon een foto en de hondenscanner app zal het bepalen. De app vertelt u ook welke rassen gemengd zijn!\",\"breadcrumb\":{\"@id\":\"https:\/\/siwalusoftware.com\/nl\/dog-scanner\/#breadcrumb\"},\"inLanguage\":\"nl\",\"potentialAction\":[{\"@type\":\"ReadAction\",\"target\":[\"https:\/\/siwalusoftware.com\/nl\/dog-scanner\/\"]}]},{\"@type\":\"BreadcrumbList\",\"@id\":\"https:\/\/siwalusoftware.com\/nl\/dog-scanner\/#breadcrumb\",\"itemListElement\":[{\"@type\":\"ListItem\",\"position\":1,\"name\":\"Home\",\"item\":\"https:\/\/siwalusoftware.com\/nl\/\"},{\"@type\":\"ListItem\",\"position\":2,\"name\":\"Dog Scanner\"}]}]}<\/script>\n<!-- \/ Yoast SEO plugin. -->","yoast_head_json":{"title":"Dog Scanner - #1 Hondenrasidentificatie op Android en iOS","description":"Zie je een hond, maar ken je zijn ras niet? Neem gewoon een foto en de hondenscanner app zal het bepalen. De app vertelt u ook welke rassen gemengd zijn!","robots":{"index":"index","follow":"follow","max-snippet":"max-snippet:-1","max-image-preview":"max-image-preview:large","max-video-preview":"max-video-preview:-1"},"canonical":"https:\/\/siwalusoftware.com\/nl\/dog-scanner\/","og_locale":"nl_NL","og_type":"article","og_title":"Dog Scanner - #1 Hondenrasidentificatie op Android en iOS","og_description":"Zie je een hond, maar ken je zijn ras niet? Neem gewoon een foto en de hondenscanner app zal het bepalen. De app vertelt u ook welke rassen gemengd zijn!","og_url":"https:\/\/siwalusoftware.com\/nl\/dog-scanner\/","og_site_name":"Siwalu Software","article_publisher":"https:\/\/facebook.com\/DogScannerApp","article_modified_time":"2020-05-19T15:20:20+00:00","twitter_card":"summary_large_image","twitter_site":"@dogscanner_app","twitter_misc":{"Geschatte leestijd":"4 minuten"},"schema":{"@context":"https:\/\/schema.org","@graph":[{"@type":"Organization","@id":"https:\/\/siwalusoftware.com\/zh-hans\/#organization","name":"Siwalu Software GmbH","url":"https:\/\/siwalusoftware.com\/zh-hans\/","sameAs":["https:\/\/facebook.com\/DogScannerApp","https:\/\/instagram.com\/dogscanner_app","https:\/\/www.linkedin.com\/company\/siwalu\/","https:\/\/www.youtube.com\/channel\/UCexEBJ5uq8Vx0bdgg70Lr8g","https:\/\/twitter.com\/dogscanner_app"],"logo":{"@type":"ImageObject","@id":"https:\/\/siwalusoftware.com\/zh-hans\/#logo","inLanguage":"nl","url":"https:\/\/siwalusoftware.com\/wp-content\/uploads\/2020\/01\/siwalu-logo-negativ-background-e1580133589167.png","contentUrl":"https:\/\/siwalusoftware.com\/wp-content\/uploads\/2020\/01\/siwalu-logo-negativ-background-e1580133589167.png","width":512,"height":307,"caption":"Siwalu Software GmbH"},"image":{"@id":"https:\/\/siwalusoftware.com\/zh-hans\/#logo"}},{"@type":"WebSite","@id":"https:\/\/siwalusoftware.com\/zh-hans\/#website","url":"https:\/\/siwalusoftware.com\/zh-hans\/","name":"Siwalu Software","description":"AI-based animal recognition","publisher":{"@id":"https:\/\/siwalusoftware.com\/zh-hans\/#organization"},"potentialAction":[{"@type":"SearchAction","target":{"@type":"EntryPoint","urlTemplate":"https:\/\/siwalusoftware.com\/zh-hans\/?s={search_term_string}"},"query-input":"required name=search_term_string"}],"inLanguage":"nl"},{"@type":"WebPage","@id":"https:\/\/siwalusoftware.com\/nl\/dog-scanner\/#webpage","url":"https:\/\/siwalusoftware.com\/nl\/dog-scanner\/","name":"Dog Scanner - #1 Hondenrasidentificatie op Android en iOS","isPartOf":{"@id":"https:\/\/siwalusoftware.com\/zh-hans\/#website"},"datePublished":"2020-01-13T15:37:09+00:00","dateModified":"2020-05-19T15:20:20+00:00","description":"Zie je een hond, maar ken je zijn ras niet? Neem gewoon een foto en de hondenscanner app zal het bepalen. De app vertelt u ook welke rassen gemengd zijn!","breadcrumb":{"@id":"https:\/\/siwalusoftware.com\/nl\/dog-scanner\/#breadcrumb"},"inLanguage":"nl","potentialAction":[{"@type":"ReadAction","target":["https:\/\/siwalusoftware.com\/nl\/dog-scanner\/"]}]},{"@type":"BreadcrumbList","@id":"https:\/\/siwalusoftware.com\/nl\/dog-scanner\/#breadcrumb","itemListElement":[{"@type":"ListItem","position":1,"name":"Home","item":"https:\/\/siwalusoftware.com\/nl\/"},{"@type":"ListItem","position":2,"name":"Dog Scanner"}]}]}},"_links":{"self":[{"href":"https:\/\/siwalusoftware.com\/nl\/wp-json\/wp\/v2\/pages\/801"}],"collection":[{"href":"https:\/\/siwalusoftware.com\/nl\/wp-json\/wp\/v2\/pages"}],"about":[{"href":"https:\/\/siwalusoftware.com\/nl\/wp-json\/wp\/v2\/types\/page"}],"author":[{"embeddable":true,"href":"https:\/\/siwalusoftware.com\/nl\/wp-json\/wp\/v2\/users\/1"}],"replies":[{"embeddable":true,"href":"https:\/\/siwalusoftware.com\/nl\/wp-json\/wp\/v2\/comments?post=801"}],"version-history":[{"count":9,"href":"https:\/\/siwalusoftware.com\/nl\/wp-json\/wp\/v2\/pages\/801\/revisions"}],"predecessor-version":[{"id":1182,"href":"https:\/\/siwalusoftware.com\/nl\/wp-json\/wp\/v2\/pages\/801\/revisions\/1182"}],"wp:attachment":[{"href":"https:\/\/siwalusoftware.com\/nl\/wp-json\/wp\/v2\/media?parent=801"}],"curies":[{"name":"wp","href":"https:\/\/api.w.org\/{rel}","templated":true}]}}