{"id":811,"date":"2020-01-13T17:06:52","date_gmt":"2020-01-13T16:06:52","guid":{"rendered":"https:\/\/siwalusoftware.com\/horse-scanner\/"},"modified":"2020-05-20T15:29:23","modified_gmt":"2020-05-20T13:29:23","slug":"horse-scanner","status":"publish","type":"page","link":"https:\/\/siwalusoftware.com\/nl\/horse-scanner\/","title":{"rendered":"Horse Scanner"},"content":{"rendered":"\n<h3>Zie je een paard, maar ken je zijn ras niet?<\/h3>\n\n\n\n<p>Maak gewoon een snelle foto of video van het paard &#8211; met uw Horse Scanner app kunt u het ras van een paard betrouwbaar identificeren in slechts enkele seconden! Onze ge\u00efntegreerde camera met Pinch To Zoom en Tap to Focus maakt het identificeren van paardenrassen tot een wandeling in het park!<br><br>Of course, the Horse Scanner app also supports uploading images from your gallery.<\/p>\n\n\n\n<h3>Zoveel paardenrassen in de Horse Scanner app!<\/h3>\n\n\n\n<p>De Horse Scanner app identificeert momenteel ongeveer 160 verschillende paardenrassen. Onze <u><a href=\"https:\/\/siwalusoftware.com\/nl\/horse-scanner\/horse-breeds\/\" target=\"_blank\" rel=\"noreferrer noopener\" aria-label=\"database (opens in a new tab)\">database<\/a><\/u> bevat alle gangbare rassen, evenals vele andere populaire nationale en internationale paardenrassen.<br><br>Overigens is onze uitgebreide database met informatie en foto&#8217;s van alle ondersteunde paardenrassen (ook de onoffici\u00eble) ook zonder scannen volledig toegankelijk!<\/p>\n\n\n\n<h3>Geen paard in de buurt?<\/h3>\n\n\n\n<p>Maakt niet uit! Scan jezelf, je vrienden, je familie of de mensen om je heen en ontdek welke paarden je het meest op elkaar lijken!<br><br>Klinkt misschien een beetje vreemd, maar het werkt echt: de Horse Scanner app herkent ook mensen. Neem gewoon een snelle selfie en ontdek welk paardenras je bent!<\/p>\n\n\n\n<h3>Maak deel uit van onze Horse Scanner-gemeenschap! <\/h3>\n\n\n\n<p>Deel uw resultaten en vergelijk ze met de resultaten van de community! Upload foto&#8217;s van je favoriete paard naar onze Social Feed en deel ze met andere paardenliefhebbers! Bekijk de profielen en foto&#8217;s van andere gebruikers en geef commentaar op berichten van de community en filter ze op datum of populariteit!<br><br>Bovendien kunt u uw berichten eenvoudig delen met uw vrienden door eenvoudigweg een foto rechtstreeks vanuit de Horse Scanner app te sturen.<\/p>\n\n\n\n<h3>Vang alle paardenrassen op en word een expert!<\/h3>\n\n\n\n<p>Vang alle paardenrassen op zoals in Pok\u00e9mon Go. Scan minstens \u00e9\u00e9n paard van elk ras, beheers de uitdagingen, verdien virtuele traktaties en word een echte paardenexpert!<br><br>Ga de strijd aan met je vrienden of gebruikers uit de community en klim naar de top van onze ranglijst!<\/p>\n\n\n\n<h3>Geef ons feedback op de Horse Scanner app!<\/h3>\n\n\n\n<p>Laat ons weten of het ras van het paard correct is ge\u00efdentificeerd. Zo niet, dan krijgt u nuttige tips om uw eigen resultaten te verbeteren. Als u ook aangeeft welk paardenras in beeld is, helpt u ons om onze software te verbeteren, omdat de app automatisch leert hoe u nog nauwkeurigere resultaten kunt leveren.<br><br>Suggereer of stem voor (onoffici\u00eble) paardenrassen die u in de toekomst door ons wilt laten toevoegen aan de app!<\/p>\n\n\n\n<h3>Krijg uw premium upgrade!<\/h3>\n\n\n\n<p>Met onze premium versie zal de app geen advertenties meer tonen en zullen uw resultaten sneller beschikbaar zijn. Bovendien kunt u nu kiezen of uw paardenrassen vrij snel of met een hogere nauwkeurigheid herkend moeten worden. Met de premium versie is het scannen van paarden ook mogelijk in offline modus, zodat u geen actieve internetverbinding meer nodig heeft om hun rassen te identificeren. Met de optionele in-app aankoop van onze premium versie, zult u ook helpen om deze app te ondersteunen.<\/p>\n\n\n\n<h3>Vind ons op social media!<\/h3>\n\n\n\n<p>Op onze social media kanalen voorzien wij u van de mooiste paardenfoto&#8217;s uit de community. Ook vindt u veel interessante wetenswaardigheden over uw favoriete dier. Verder houden we u in de toekomst op de hoogte van alle nieuwe functies van de Horse Scanner app.  <br><br>* <u><a rel=\"noreferrer noopener\" aria-label=\"Instagram (opens in a new tab)\" href=\"https:\/\/www.instagram.com\/horsescanner_app\" target=\"_blank\">Instagram<\/a><\/u><br>* <u><a rel=\"noreferrer noopener\" aria-label=\"Facebook (opens in a new tab)\" href=\"https:\/\/www.facebook.com\/HorseScannerApp\" target=\"_blank\">Facebook<\/a><\/u> <br>* <u><a rel=\"noreferrer noopener\" aria-label=\"Twitter (opens in a new tab)\" href=\"https:\/\/twitter.com\/HorseScannerApp\" target=\"_blank\">Twitter<\/a><\/u><\/p>\n\n\n\n<h3>Probeer het maar eens!<\/h3>\n\n\n\n<p>Download de Horse Scanner app gratis. U kunt hem vinden op <u><a href=\"https:\/\/play.google.com\/store\/apps\/details?id=com.siwalusoftware.horsescanner&amp;referrer=utm_source%3Dsiwalusoftware.com\" target=\"_blank\" rel=\"noreferrer noopener\" aria-label=\"Google Play (opens in a new tab)\">Google Play<\/a><\/u> voor Android-toestellen of in de <u><a href=\"https:\/\/itunes.apple.com\/app\/apple-store\/id1483790768?pt=119468156&amp;ct=siwalusoftware.com&amp;mt=8\" target=\"_blank\" rel=\"noreferrer noopener\" aria-label=\"Apple App Store (opens in a new tab)\">Apple App Store<\/a><\/u> als u een iPhone of iPad gebruikt! Ondanks het kleine formaat van de app krijgt u alle functies en kunt u op elk gewenst moment het ras van een paard identificeren of toegang krijgen tot onze uitgebreide database!<br><br>Heb je ooit een paard gezien en je afgevraagd wat voor paard het is? Misschien kent u het ras wel, maar kunt u zich zijn naam niet meer herinneren? Of heb je een eigen paard waarvan je het ras nog steeds niet kent?<br><br>De Horse Scanner app kan u helpen bij het beantwoorden van al deze vragen! Scan het paard met de app en het paardenras wordt binnen enkele seconden automatisch bepaald!<\/p>\n\n\n\n<h3>Disclaimer:<\/h3>\n\n\n\n<p>Deze app kan je smartphone niet transformeren in een gek ruimteschip dat het bloed van je paard met een magische laser kan onttrekken. De app geeft goed onderbouwde voorspellingen op basis van wat hij ziet. Gemiddeld genomen zijn die voorspellingen vrij accuraat. Het is echter duidelijk dat het resultaat slechts zo goed kan zijn als het beeld dat je aan de app geeft. Bovendien is het onmogelijk om elk afzonderlijk paard op de juiste manier te detecteren. Mensen hebben de neiging om het persoonlijk te nemen, als hun eigen geliefde paard niet goed voorspeld wordt. Als je de app in de eerste plaats een kans geeft, zul je zien dat de app over het algemeen behoorlijk presteert. In plaats van veel geld te moeten betalen voor een DNA-test, krijg je deze app gratis. Geniet ervan!<\/p>\n","protected":false},"excerpt":{"rendered":"<p>Zie je een paard, maar ken je zijn ras niet? Maak gewoon een snelle foto of video van het paard &#8211; met uw Horse Scanner [&hellip;]<\/p>\n","protected":false},"author":1,"featured_media":0,"parent":0,"menu_order":0,"comment_status":"closed","ping_status":"closed","template":"page-templates\/app-flavor-main-page.php","meta":[],"yoast_head":"<!-- This site is optimized with the Yoast SEO plugin v16.9 - https:\/\/yoast.com\/wordpress\/plugins\/seo\/ -->\n<title>Horse Scanner - Identificatie van het paardenras op Android en iOS<\/title>\n<meta name=\"description\" content=\"Zie je een paard, maar ken je zijn ras niet? Neem gewoon een foto en de Paardenscanner app zal het bepalen. De app ondersteunt momenteel ongeveer 160 paardenrassen.\" \/>\n<meta name=\"robots\" content=\"index, follow, max-snippet:-1, max-image-preview:large, max-video-preview:-1\" \/>\n<link rel=\"canonical\" href=\"https:\/\/siwalusoftware.com\/nl\/horse-scanner\/\" \/>\n<meta property=\"og:locale\" content=\"nl_NL\" \/>\n<meta property=\"og:type\" content=\"article\" \/>\n<meta property=\"og:title\" content=\"Horse Scanner - Identificatie van het paardenras op Android en iOS\" \/>\n<meta property=\"og:description\" content=\"Zie je een paard, maar ken je zijn ras niet? Neem gewoon een foto en de Paardenscanner app zal het bepalen. De app ondersteunt momenteel ongeveer 160 paardenrassen.\" \/>\n<meta property=\"og:url\" content=\"https:\/\/siwalusoftware.com\/nl\/horse-scanner\/\" \/>\n<meta property=\"og:site_name\" content=\"Siwalu Software\" \/>\n<meta property=\"article:publisher\" content=\"https:\/\/facebook.com\/DogScannerApp\" \/>\n<meta property=\"article:modified_time\" content=\"2020-05-20T13:29:23+00:00\" \/>\n<meta name=\"twitter:card\" content=\"summary_large_image\" \/>\n<meta name=\"twitter:site\" content=\"@dogscanner_app\" \/>\n<meta name=\"twitter:label1\" content=\"Geschatte leestijd\" \/>\n\t<meta name=\"twitter:data1\" content=\"4 minuten\" \/>\n<script type=\"application\/ld+json\" class=\"yoast-schema-graph\">{\"@context\":\"https:\/\/schema.org\",\"@graph\":[{\"@type\":\"Organization\",\"@id\":\"https:\/\/siwalusoftware.com\/zh-hans\/#organization\",\"name\":\"Siwalu Software GmbH\",\"url\":\"https:\/\/siwalusoftware.com\/zh-hans\/\",\"sameAs\":[\"https:\/\/facebook.com\/DogScannerApp\",\"https:\/\/instagram.com\/dogscanner_app\",\"https:\/\/www.linkedin.com\/company\/siwalu\/\",\"https:\/\/www.youtube.com\/channel\/UCexEBJ5uq8Vx0bdgg70Lr8g\",\"https:\/\/twitter.com\/dogscanner_app\"],\"logo\":{\"@type\":\"ImageObject\",\"@id\":\"https:\/\/siwalusoftware.com\/zh-hans\/#logo\",\"inLanguage\":\"nl\",\"url\":\"https:\/\/siwalusoftware.com\/wp-content\/uploads\/2020\/01\/siwalu-logo-negativ-background-e1580133589167.png\",\"contentUrl\":\"https:\/\/siwalusoftware.com\/wp-content\/uploads\/2020\/01\/siwalu-logo-negativ-background-e1580133589167.png\",\"width\":512,\"height\":307,\"caption\":\"Siwalu Software GmbH\"},\"image\":{\"@id\":\"https:\/\/siwalusoftware.com\/zh-hans\/#logo\"}},{\"@type\":\"WebSite\",\"@id\":\"https:\/\/siwalusoftware.com\/zh-hans\/#website\",\"url\":\"https:\/\/siwalusoftware.com\/zh-hans\/\",\"name\":\"Siwalu Software\",\"description\":\"AI-based animal recognition\",\"publisher\":{\"@id\":\"https:\/\/siwalusoftware.com\/zh-hans\/#organization\"},\"potentialAction\":[{\"@type\":\"SearchAction\",\"target\":{\"@type\":\"EntryPoint\",\"urlTemplate\":\"https:\/\/siwalusoftware.com\/zh-hans\/?s={search_term_string}\"},\"query-input\":\"required name=search_term_string\"}],\"inLanguage\":\"nl\"},{\"@type\":\"WebPage\",\"@id\":\"https:\/\/siwalusoftware.com\/nl\/horse-scanner\/#webpage\",\"url\":\"https:\/\/siwalusoftware.com\/nl\/horse-scanner\/\",\"name\":\"Horse Scanner - Identificatie van het paardenras op Android en iOS\",\"isPartOf\":{\"@id\":\"https:\/\/siwalusoftware.com\/zh-hans\/#website\"},\"datePublished\":\"2020-01-13T16:06:52+00:00\",\"dateModified\":\"2020-05-20T13:29:23+00:00\",\"description\":\"Zie je een paard, maar ken je zijn ras niet? Neem gewoon een foto en de Paardenscanner app zal het bepalen. De app ondersteunt momenteel ongeveer 160 paardenrassen.\",\"breadcrumb\":{\"@id\":\"https:\/\/siwalusoftware.com\/nl\/horse-scanner\/#breadcrumb\"},\"inLanguage\":\"nl\",\"potentialAction\":[{\"@type\":\"ReadAction\",\"target\":[\"https:\/\/siwalusoftware.com\/nl\/horse-scanner\/\"]}]},{\"@type\":\"BreadcrumbList\",\"@id\":\"https:\/\/siwalusoftware.com\/nl\/horse-scanner\/#breadcrumb\",\"itemListElement\":[{\"@type\":\"ListItem\",\"position\":1,\"name\":\"Home\",\"item\":\"https:\/\/siwalusoftware.com\/nl\/\"},{\"@type\":\"ListItem\",\"position\":2,\"name\":\"Horse Scanner\"}]}]}<\/script>\n<!-- \/ Yoast SEO plugin. -->","yoast_head_json":{"title":"Horse Scanner - Identificatie van het paardenras op Android en iOS","description":"Zie je een paard, maar ken je zijn ras niet? Neem gewoon een foto en de Paardenscanner app zal het bepalen. De app ondersteunt momenteel ongeveer 160 paardenrassen.","robots":{"index":"index","follow":"follow","max-snippet":"max-snippet:-1","max-image-preview":"max-image-preview:large","max-video-preview":"max-video-preview:-1"},"canonical":"https:\/\/siwalusoftware.com\/nl\/horse-scanner\/","og_locale":"nl_NL","og_type":"article","og_title":"Horse Scanner - Identificatie van het paardenras op Android en iOS","og_description":"Zie je een paard, maar ken je zijn ras niet? Neem gewoon een foto en de Paardenscanner app zal het bepalen. De app ondersteunt momenteel ongeveer 160 paardenrassen.","og_url":"https:\/\/siwalusoftware.com\/nl\/horse-scanner\/","og_site_name":"Siwalu Software","article_publisher":"https:\/\/facebook.com\/DogScannerApp","article_modified_time":"2020-05-20T13:29:23+00:00","twitter_card":"summary_large_image","twitter_site":"@dogscanner_app","twitter_misc":{"Geschatte leestijd":"4 minuten"},"schema":{"@context":"https:\/\/schema.org","@graph":[{"@type":"Organization","@id":"https:\/\/siwalusoftware.com\/zh-hans\/#organization","name":"Siwalu Software GmbH","url":"https:\/\/siwalusoftware.com\/zh-hans\/","sameAs":["https:\/\/facebook.com\/DogScannerApp","https:\/\/instagram.com\/dogscanner_app","https:\/\/www.linkedin.com\/company\/siwalu\/","https:\/\/www.youtube.com\/channel\/UCexEBJ5uq8Vx0bdgg70Lr8g","https:\/\/twitter.com\/dogscanner_app"],"logo":{"@type":"ImageObject","@id":"https:\/\/siwalusoftware.com\/zh-hans\/#logo","inLanguage":"nl","url":"https:\/\/siwalusoftware.com\/wp-content\/uploads\/2020\/01\/siwalu-logo-negativ-background-e1580133589167.png","contentUrl":"https:\/\/siwalusoftware.com\/wp-content\/uploads\/2020\/01\/siwalu-logo-negativ-background-e1580133589167.png","width":512,"height":307,"caption":"Siwalu Software GmbH"},"image":{"@id":"https:\/\/siwalusoftware.com\/zh-hans\/#logo"}},{"@type":"WebSite","@id":"https:\/\/siwalusoftware.com\/zh-hans\/#website","url":"https:\/\/siwalusoftware.com\/zh-hans\/","name":"Siwalu Software","description":"AI-based animal recognition","publisher":{"@id":"https:\/\/siwalusoftware.com\/zh-hans\/#organization"},"potentialAction":[{"@type":"SearchAction","target":{"@type":"EntryPoint","urlTemplate":"https:\/\/siwalusoftware.com\/zh-hans\/?s={search_term_string}"},"query-input":"required name=search_term_string"}],"inLanguage":"nl"},{"@type":"WebPage","@id":"https:\/\/siwalusoftware.com\/nl\/horse-scanner\/#webpage","url":"https:\/\/siwalusoftware.com\/nl\/horse-scanner\/","name":"Horse Scanner - Identificatie van het paardenras op Android en iOS","isPartOf":{"@id":"https:\/\/siwalusoftware.com\/zh-hans\/#website"},"datePublished":"2020-01-13T16:06:52+00:00","dateModified":"2020-05-20T13:29:23+00:00","description":"Zie je een paard, maar ken je zijn ras niet? Neem gewoon een foto en de Paardenscanner app zal het bepalen. De app ondersteunt momenteel ongeveer 160 paardenrassen.","breadcrumb":{"@id":"https:\/\/siwalusoftware.com\/nl\/horse-scanner\/#breadcrumb"},"inLanguage":"nl","potentialAction":[{"@type":"ReadAction","target":["https:\/\/siwalusoftware.com\/nl\/horse-scanner\/"]}]},{"@type":"BreadcrumbList","@id":"https:\/\/siwalusoftware.com\/nl\/horse-scanner\/#breadcrumb","itemListElement":[{"@type":"ListItem","position":1,"name":"Home","item":"https:\/\/siwalusoftware.com\/nl\/"},{"@type":"ListItem","position":2,"name":"Horse Scanner"}]}]}},"_links":{"self":[{"href":"https:\/\/siwalusoftware.com\/nl\/wp-json\/wp\/v2\/pages\/811"}],"collection":[{"href":"https:\/\/siwalusoftware.com\/nl\/wp-json\/wp\/v2\/pages"}],"about":[{"href":"https:\/\/siwalusoftware.com\/nl\/wp-json\/wp\/v2\/types\/page"}],"author":[{"embeddable":true,"href":"https:\/\/siwalusoftware.com\/nl\/wp-json\/wp\/v2\/users\/1"}],"replies":[{"embeddable":true,"href":"https:\/\/siwalusoftware.com\/nl\/wp-json\/wp\/v2\/comments?post=811"}],"version-history":[{"count":7,"href":"https:\/\/siwalusoftware.com\/nl\/wp-json\/wp\/v2\/pages\/811\/revisions"}],"predecessor-version":[{"id":1272,"href":"https:\/\/siwalusoftware.com\/nl\/wp-json\/wp\/v2\/pages\/811\/revisions\/1272"}],"wp:attachment":[{"href":"https:\/\/siwalusoftware.com\/nl\/wp-json\/wp\/v2\/media?parent=811"}],"curies":[{"name":"wp","href":"https:\/\/api.w.org\/{rel}","templated":true}]}}