{"id":783,"date":"2020-02-03T09:59:08","date_gmt":"2020-02-03T08:59:08","guid":{"rendered":"https:\/\/siwalusoftware.com\/business\/advertising\/"},"modified":"2020-06-04T00:07:59","modified_gmt":"2020-06-03T22:07:59","slug":"reklama","status":"publish","type":"page","link":"https:\/\/siwalusoftware.com\/pl\/biznes\/reklama\/","title":{"rendered":"Reklama"},"content":{"rendered":"","protected":false},"excerpt":{"rendered":"","protected":false},"author":1,"featured_media":0,"parent":778,"menu_order":0,"comment_status":"closed","ping_status":"closed","template":"page-templates\/business-advertising.php","meta":[],"yoast_head":"<!-- This site is optimized with the Yoast SEO plugin v16.9 - https:\/\/yoast.com\/wordpress\/plugins\/seo\/ -->\n<title>Reklama na naszych aplikacjach do skaner\u00f3w rasowych - Siwalu dla firm<\/title>\n<meta name=\"description\" content=\"Wykorzystaj potencja\u0142 reklamowy du\u017cej spo\u0142eczno\u015bci kochaj\u0105cych zwierz\u0119ta domowe, b\u0119d\u0105c doskona\u0142\u0105 grup\u0105 docelow\u0105 dla firm z bran\u017cy zoologicznej.\" \/>\n<meta name=\"robots\" content=\"index, follow, max-snippet:-1, max-image-preview:large, max-video-preview:-1\" \/>\n<link rel=\"canonical\" href=\"https:\/\/siwalusoftware.com\/pl\/biznes\/reklama\/\" \/>\n<meta property=\"og:locale\" content=\"pl_PL\" \/>\n<meta property=\"og:type\" content=\"article\" \/>\n<meta property=\"og:title\" content=\"Reklama na naszych aplikacjach do skaner\u00f3w rasowych - Siwalu dla firm\" \/>\n<meta property=\"og:description\" content=\"Wykorzystaj potencja\u0142 reklamowy du\u017cej spo\u0142eczno\u015bci kochaj\u0105cych zwierz\u0119ta domowe, b\u0119d\u0105c doskona\u0142\u0105 grup\u0105 docelow\u0105 dla firm z bran\u017cy zoologicznej.\" \/>\n<meta property=\"og:url\" content=\"https:\/\/siwalusoftware.com\/pl\/biznes\/reklama\/\" \/>\n<meta property=\"og:site_name\" content=\"Siwalu Software\" \/>\n<meta property=\"article:publisher\" content=\"https:\/\/facebook.com\/DogScannerApp\" \/>\n<meta property=\"article:modified_time\" content=\"2020-06-03T22:07:59+00:00\" \/>\n<meta name=\"twitter:card\" content=\"summary_large_image\" \/>\n<meta name=\"twitter:site\" content=\"@dogscanner_app\" \/>\n<script type=\"application\/ld+json\" class=\"yoast-schema-graph\">{\"@context\":\"https:\/\/schema.org\",\"@graph\":[{\"@type\":\"Organization\",\"@id\":\"https:\/\/siwalusoftware.com\/zh-hans\/#organization\",\"name\":\"Siwalu Software GmbH\",\"url\":\"https:\/\/siwalusoftware.com\/zh-hans\/\",\"sameAs\":[\"https:\/\/facebook.com\/DogScannerApp\",\"https:\/\/instagram.com\/dogscanner_app\",\"https:\/\/www.linkedin.com\/company\/siwalu\/\",\"https:\/\/www.youtube.com\/channel\/UCexEBJ5uq8Vx0bdgg70Lr8g\",\"https:\/\/twitter.com\/dogscanner_app\"],\"logo\":{\"@type\":\"ImageObject\",\"@id\":\"https:\/\/siwalusoftware.com\/zh-hans\/#logo\",\"inLanguage\":\"pl-PL\",\"url\":\"https:\/\/siwalusoftware.com\/wp-content\/uploads\/2020\/01\/siwalu-logo-negativ-background-e1580133589167.png\",\"contentUrl\":\"https:\/\/siwalusoftware.com\/wp-content\/uploads\/2020\/01\/siwalu-logo-negativ-background-e1580133589167.png\",\"width\":512,\"height\":307,\"caption\":\"Siwalu Software GmbH\"},\"image\":{\"@id\":\"https:\/\/siwalusoftware.com\/zh-hans\/#logo\"}},{\"@type\":\"WebSite\",\"@id\":\"https:\/\/siwalusoftware.com\/zh-hans\/#website\",\"url\":\"https:\/\/siwalusoftware.com\/zh-hans\/\",\"name\":\"Siwalu Software\",\"description\":\"AI-based animal recognition\",\"publisher\":{\"@id\":\"https:\/\/siwalusoftware.com\/zh-hans\/#organization\"},\"potentialAction\":[{\"@type\":\"SearchAction\",\"target\":{\"@type\":\"EntryPoint\",\"urlTemplate\":\"https:\/\/siwalusoftware.com\/zh-hans\/?s={search_term_string}\"},\"query-input\":\"required name=search_term_string\"}],\"inLanguage\":\"pl-PL\"},{\"@type\":\"WebPage\",\"@id\":\"https:\/\/siwalusoftware.com\/pl\/biznes\/reklama\/#webpage\",\"url\":\"https:\/\/siwalusoftware.com\/pl\/biznes\/reklama\/\",\"name\":\"Reklama na naszych aplikacjach do skaner\\u00f3w rasowych - Siwalu dla firm\",\"isPartOf\":{\"@id\":\"https:\/\/siwalusoftware.com\/zh-hans\/#website\"},\"datePublished\":\"2020-02-03T08:59:08+00:00\",\"dateModified\":\"2020-06-03T22:07:59+00:00\",\"description\":\"Wykorzystaj potencja\\u0142 reklamowy du\\u017cej spo\\u0142eczno\\u015bci kochaj\\u0105cych zwierz\\u0119ta domowe, b\\u0119d\\u0105c doskona\\u0142\\u0105 grup\\u0105 docelow\\u0105 dla firm z bran\\u017cy zoologicznej.\",\"breadcrumb\":{\"@id\":\"https:\/\/siwalusoftware.com\/pl\/biznes\/reklama\/#breadcrumb\"},\"inLanguage\":\"pl-PL\",\"potentialAction\":[{\"@type\":\"ReadAction\",\"target\":[\"https:\/\/siwalusoftware.com\/pl\/biznes\/reklama\/\"]}]},{\"@type\":\"BreadcrumbList\",\"@id\":\"https:\/\/siwalusoftware.com\/pl\/biznes\/reklama\/#breadcrumb\",\"itemListElement\":[{\"@type\":\"ListItem\",\"position\":1,\"name\":\"Home\",\"item\":\"https:\/\/siwalusoftware.com\/pl\/\"},{\"@type\":\"ListItem\",\"position\":2,\"name\":\"Biznes\",\"item\":\"https:\/\/siwalusoftware.com\/pl\/biznes\/\"},{\"@type\":\"ListItem\",\"position\":3,\"name\":\"Reklama\"}]}]}<\/script>\n<!-- \/ Yoast SEO plugin. -->","yoast_head_json":{"title":"Reklama na naszych aplikacjach do skaner\u00f3w rasowych - Siwalu dla firm","description":"Wykorzystaj potencja\u0142 reklamowy du\u017cej spo\u0142eczno\u015bci kochaj\u0105cych zwierz\u0119ta domowe, b\u0119d\u0105c doskona\u0142\u0105 grup\u0105 docelow\u0105 dla firm z bran\u017cy zoologicznej.","robots":{"index":"index","follow":"follow","max-snippet":"max-snippet:-1","max-image-preview":"max-image-preview:large","max-video-preview":"max-video-preview:-1"},"canonical":"https:\/\/siwalusoftware.com\/pl\/biznes\/reklama\/","og_locale":"pl_PL","og_type":"article","og_title":"Reklama na naszych aplikacjach do skaner\u00f3w rasowych - Siwalu dla firm","og_description":"Wykorzystaj potencja\u0142 reklamowy du\u017cej spo\u0142eczno\u015bci kochaj\u0105cych zwierz\u0119ta domowe, b\u0119d\u0105c doskona\u0142\u0105 grup\u0105 docelow\u0105 dla firm z bran\u017cy zoologicznej.","og_url":"https:\/\/siwalusoftware.com\/pl\/biznes\/reklama\/","og_site_name":"Siwalu Software","article_publisher":"https:\/\/facebook.com\/DogScannerApp","article_modified_time":"2020-06-03T22:07:59+00:00","twitter_card":"summary_large_image","twitter_site":"@dogscanner_app","schema":{"@context":"https:\/\/schema.org","@graph":[{"@type":"Organization","@id":"https:\/\/siwalusoftware.com\/zh-hans\/#organization","name":"Siwalu Software GmbH","url":"https:\/\/siwalusoftware.com\/zh-hans\/","sameAs":["https:\/\/facebook.com\/DogScannerApp","https:\/\/instagram.com\/dogscanner_app","https:\/\/www.linkedin.com\/company\/siwalu\/","https:\/\/www.youtube.com\/channel\/UCexEBJ5uq8Vx0bdgg70Lr8g","https:\/\/twitter.com\/dogscanner_app"],"logo":{"@type":"ImageObject","@id":"https:\/\/siwalusoftware.com\/zh-hans\/#logo","inLanguage":"pl-PL","url":"https:\/\/siwalusoftware.com\/wp-content\/uploads\/2020\/01\/siwalu-logo-negativ-background-e1580133589167.png","contentUrl":"https:\/\/siwalusoftware.com\/wp-content\/uploads\/2020\/01\/siwalu-logo-negativ-background-e1580133589167.png","width":512,"height":307,"caption":"Siwalu Software GmbH"},"image":{"@id":"https:\/\/siwalusoftware.com\/zh-hans\/#logo"}},{"@type":"WebSite","@id":"https:\/\/siwalusoftware.com\/zh-hans\/#website","url":"https:\/\/siwalusoftware.com\/zh-hans\/","name":"Siwalu Software","description":"AI-based animal recognition","publisher":{"@id":"https:\/\/siwalusoftware.com\/zh-hans\/#organization"},"potentialAction":[{"@type":"SearchAction","target":{"@type":"EntryPoint","urlTemplate":"https:\/\/siwalusoftware.com\/zh-hans\/?s={search_term_string}"},"query-input":"required name=search_term_string"}],"inLanguage":"pl-PL"},{"@type":"WebPage","@id":"https:\/\/siwalusoftware.com\/pl\/biznes\/reklama\/#webpage","url":"https:\/\/siwalusoftware.com\/pl\/biznes\/reklama\/","name":"Reklama na naszych aplikacjach do skaner\u00f3w rasowych - Siwalu dla firm","isPartOf":{"@id":"https:\/\/siwalusoftware.com\/zh-hans\/#website"},"datePublished":"2020-02-03T08:59:08+00:00","dateModified":"2020-06-03T22:07:59+00:00","description":"Wykorzystaj potencja\u0142 reklamowy du\u017cej spo\u0142eczno\u015bci kochaj\u0105cych zwierz\u0119ta domowe, b\u0119d\u0105c doskona\u0142\u0105 grup\u0105 docelow\u0105 dla firm z bran\u017cy zoologicznej.","breadcrumb":{"@id":"https:\/\/siwalusoftware.com\/pl\/biznes\/reklama\/#breadcrumb"},"inLanguage":"pl-PL","potentialAction":[{"@type":"ReadAction","target":["https:\/\/siwalusoftware.com\/pl\/biznes\/reklama\/"]}]},{"@type":"BreadcrumbList","@id":"https:\/\/siwalusoftware.com\/pl\/biznes\/reklama\/#breadcrumb","itemListElement":[{"@type":"ListItem","position":1,"name":"Home","item":"https:\/\/siwalusoftware.com\/pl\/"},{"@type":"ListItem","position":2,"name":"Biznes","item":"https:\/\/siwalusoftware.com\/pl\/biznes\/"},{"@type":"ListItem","position":3,"name":"Reklama"}]}]}},"_links":{"self":[{"href":"https:\/\/siwalusoftware.com\/pl\/wp-json\/wp\/v2\/pages\/783"}],"collection":[{"href":"https:\/\/siwalusoftware.com\/pl\/wp-json\/wp\/v2\/pages"}],"about":[{"href":"https:\/\/siwalusoftware.com\/pl\/wp-json\/wp\/v2\/types\/page"}],"author":[{"embeddable":true,"href":"https:\/\/siwalusoftware.com\/pl\/wp-json\/wp\/v2\/users\/1"}],"replies":[{"embeddable":true,"href":"https:\/\/siwalusoftware.com\/pl\/wp-json\/wp\/v2\/comments?post=783"}],"version-history":[{"count":3,"href":"https:\/\/siwalusoftware.com\/pl\/wp-json\/wp\/v2\/pages\/783\/revisions"}],"predecessor-version":[{"id":872,"href":"https:\/\/siwalusoftware.com\/pl\/wp-json\/wp\/v2\/pages\/783\/revisions\/872"}],"up":[{"embeddable":true,"href":"https:\/\/siwalusoftware.com\/pl\/wp-json\/wp\/v2\/pages\/778"}],"wp:attachment":[{"href":"https:\/\/siwalusoftware.com\/pl\/wp-json\/wp\/v2\/media?parent=783"}],"curies":[{"name":"wp","href":"https:\/\/api.w.org\/{rel}","templated":true}]}}