{"id":793,"date":"2020-01-13T17:06:05","date_gmt":"2020-01-13T16:06:05","guid":{"rendered":"https:\/\/siwalusoftware.com\/cat-scanner\/"},"modified":"2020-05-27T17:55:22","modified_gmt":"2020-05-27T15:55:22","slug":"cat-scanner","status":"publish","type":"page","link":"https:\/\/siwalusoftware.com\/pl\/cat-scanner\/","title":{"rendered":"Cat Scanner"},"content":{"rendered":"\n<h3>Widzisz kota, ale nie znasz jego rasy?<\/h3>\n\n\n\n<p>Po prostu zr\u00f3b szybkie zdj\u0119cie lub nagranie wideo kota &#8211; dzi\u0119ki aplikacji Cat Scanner mo\u017cesz w kilka sekund niezawodnie zidentyfikowa\u0107 ras\u0119 kota! Nasz zintegrowany aparat z funkcj\u0105 Pinch To Zoom i Tap to Focus u\u0142atwia identyfikacj\u0119 rasy kot\u00f3w!<br><br>Oczywi\u015bcie, aplikacja Skaner Kot\u00f3w obs\u0142uguje r\u00f3wnie\u017c przesy\u0142anie obraz\u00f3w z Twojej galerii.<\/p>\n\n\n\n<h3>Masz ras\u0119 mieszan\u0105?<\/h3>\n\n\n\n<p>Nie ma problemu, Twoja aplikacja rozpoznaje tak\u017ce rasy mieszane! Dostarczamy Ci szczeg\u00f3\u0142owe dane i ciekawostki na temat r\u00f3\u017cnych ras kot\u00f3w ras mieszanych. <\/p>\n\n\n\n<h3>Wszystkie rasy kot\u00f3w w aplikacji Cat Scanner!<\/h3>\n\n\n\n<p>Aplikacja Cat Scanner identyfikuje obecnie oko\u0142o 60 r\u00f3\u017cnych ras kot\u00f3w. Nasza baza danych zawiera wszystkie rasy oficjalnie uznane przez <u><a href=\"http:\/\/fifeweb.org\/\" target=\"_blank\" rel=\"noreferrer noopener\" aria-label=\"F\u00e9d\u00e9ration Internationale F\u00e9line (FIFe) (opens in a new tab)\">F\u00e9d\u00e9ration Internationale F\u00e9line (FIFe)<\/a><\/u>, a nawet kilka innych!<br><br>Przy okazji, nasza obszerna baza danych z informacjami i zdj\u0119ciami wszystkich ras kot\u00f3w (r\u00f3wnie\u017c tych nieoficjalnych) jest r\u00f3wnie\u017c dost\u0119pna ca\u0142kowicie bez skanowania!<\/p>\n\n\n\n<h3>Nie ma kota w pobli\u017cu?<\/h3>\n\n\n\n<p>To nie ma znaczenia! Po prostu zeskanuj siebie, swoich przyjaci\u00f3\u0142, rodzin\u0119 lub ludzi wok\u00f3\u0142 siebie i dowiedz si\u0119, kt\u00f3re koty najbardziej Ci si\u0119 podobaj\u0105!<br><br>To nie ma znaczenia! Po prostu zeskanuj siebie, swoich przyjaci\u00f3\u0142, rodzin\u0119 lub ludzi wok\u00f3\u0142 siebie i dowiedz si\u0119, kt\u00f3re koty najcz\u0119\u015bciej wygl\u0105daj\u0105 jak ty!<\/p>\n\n\n\n<h3>Zosta\u0144 cz\u0119\u015bci\u0105 naszej spo\u0142eczno\u015bci Cat Scanner! <\/h3>\n\n\n\n<p>Podziel si\u0119 swoimi wynikami i por\u00f3wnaj je z wynikami spo\u0142eczno\u015bci! Prze\u015blij zdj\u0119cia swojego ulubionego kota do naszej Karmy Spo\u0142ecznej i podziel si\u0119 nimi z innymi mi\u0142o\u015bnikami kot\u00f3w! Zapoznaj si\u0119 z profilami i zdj\u0119ciami innych u\u017cytkownik\u00f3w, polub i skomentuj posty z naszej spo\u0142eczno\u015bci kot\u00f3w i przefiltruj je wed\u0142ug daty lub popularno\u015bci!<br><br>Dodatkowo, mo\u017cesz \u0142atwo udost\u0119pnia\u0107 swoje posty swoim znajomym, po prostu wysy\u0142aj\u0105c zdj\u0119cie bezpo\u015brednio z aplikacji Cat Scanner.<\/p>\n\n\n\n<h3>Z\u0142apa\u0107 wszystkie rasy kot\u00f3w i zosta\u0107 ekspertem!<\/h3>\n\n\n\n<p>Z\u0142apa\u0107 wszystkie rasy kot\u00f3w, tak jak w Pok\u00e9mon Go. Przeskanuj co najmniej jednego kota ka\u017cdej rasy, opanuj wyzwania, zdob\u0105d\u017a wirtualne przysmaki i zosta\u0144 prawdziwym ekspertem od kot\u00f3w! <br><br>Rywalizuj z przyjaci\u00f3\u0142mi lub u\u017cytkownikami ze spo\u0142eczno\u015bci i wejd\u017a na szczyt naszej listy rankingowej!<\/p>\n\n\n\n<h3>Daj nam odpowied\u017a na temat aplikacji Cat Scanner! <\/h3>\n\n\n\n<p>Daj nam zna\u0107, czy rasa kota zosta\u0142a prawid\u0142owo zidentyfikowana. Je\u015bli nie, otrzymasz u\u017cyteczne wskaz\u00f3wki, aby poprawi\u0107 swoje w\u0142asne wyniki. Je\u015bli wska\u017cesz tak\u017ce, kt\u00f3ra rasa kot\u00f3w jest na zdj\u0119ciu, pomo\u017cesz nam udoskonali\u0107 nasze oprogramowanie, poniewa\u017c aplikacja automatycznie nauczy si\u0119, jak zapewni\u0107 jeszcze dok\u0142adniejsze wyniki.<br><br>Zaproponuj lub zag\u0142osuj na (nieoficjalne) rasy kot\u00f3w, kt\u00f3re chcesz, aby\u015bmy dodali do aplikacji w przysz\u0142o\u015bci!<\/p>\n\n\n\n<h3>Pobierz uaktualnienie premium!<\/h3>\n\n\n\n<p>Dzi\u0119ki naszej wersji Premium, aplikacja nie b\u0119dzie ju\u017c wy\u015bwietla\u0107 reklam, a Twoje wyniki b\u0119d\u0105 dost\u0119pne szybciej. Co wi\u0119cej, mo\u017cesz teraz wybra\u0107, czy Twoje rasy kot\u00f3w powinny by\u0107 rozpoznawane do\u015b\u0107 szybko, czy z wi\u0119ksz\u0105 dok\u0142adno\u015bci\u0105. W wersji premium skanowanie kot\u00f3w jest mo\u017cliwe r\u00f3wnie\u017c w trybie offline, dzi\u0119ki czemu nie musisz ju\u017c mie\u0107 aktywnego po\u0142\u0105czenia internetowego, aby rozpoznawa\u0107 ich rasy. Dzi\u0119ki opcjonalnemu zakupowi naszej wersji premium, mo\u017cesz pom\u00f3c w obs\u0142udze tej aplikacji.<\/p>\n\n\n\n<h3>Znajd\u017a nas na portalach spo\u0142eczno\u015bciowych!<\/h3>\n\n\n\n<p>Na naszych kana\u0142ach medi\u00f3w spo\u0142eczno\u015bciowych udost\u0119pniamy Pa\u0144stwu najpi\u0119kniejsze zdj\u0119cia kot\u00f3w z danej spo\u0142eczno\u015bci. Znajdziesz tam r\u00f3wnie\u017c wiele ciekawostek na temat Twojego ulubionego zwierzaka. Ponadto, b\u0119dziemy informowa\u0107 Ci\u0119 na bie\u017c\u0105co o wszystkich nowych funkcjach aplikacji Skaner Kot\u00f3w w przysz\u0142o\u015bci.<br><br>* <u><a rel=\"noreferrer noopener\" aria-label=\"Instagram (opens in a new tab)\" href=\"https:\/\/www.instagram.com\/catscanner_app\" target=\"_blank\">Instagram<\/a><\/u> <br>* <u><a rel=\"noreferrer noopener\" aria-label=\"Facebook (opens in a new tab)\" href=\"https:\/\/www.facebook.com\/CatScanner\" target=\"_blank\">Facebook<\/a><\/u> <br>* <u><a href=\"https:\/\/twitter.com\/catscanner_app\" target=\"_blank\" rel=\"noreferrer noopener\" aria-label=\"Twitter (opens in a new tab)\">Twitter<\/a><\/u> <\/p>\n\n\n\n<h3>Po prostu daj mu szans\u0119!<\/h3>\n\n\n\n<p>Pobierz aplikacj\u0119 Cat Scanner za darmo. Znajd\u017a go w <u><a href=\"https:\/\/play.google.com\/store\/apps\/details?id=com.siwalusoftware.catscanner&amp;referrer=utm_source%3Dsiwalusoftware.com\" target=\"_blank\" rel=\"noreferrer noopener\" aria-label=\"Google Play (opens in a new tab)\">Google Play<\/a><\/u> dla urz\u0105dze\u0144 z systemem Android lub w <u><a href=\"https:\/\/itunes.apple.com\/app\/apple-store\/id1447491786?pt=119468156&amp;ct=siwalusoftware.com&amp;mt=8\" target=\"_blank\" rel=\"noreferrer noopener\" aria-label=\" (opens in a new tab)\">Apple App Store<\/a><\/u>, je\u015bli korzystasz z iPhone&#8217;a lub iPada! Pomimo ma\u0142ego rozmiaru aplikacji otrzymasz wszystkie funkcje i b\u0119dziesz m\u00f3g\u0142 w ka\u017cdej chwili zidentyfikowa\u0107 ras\u0119 kota lub uzyska\u0107 dost\u0119p do naszej obszernej bazy danych!<br><br>Widzia\u0142e\u015b kiedy\u015b kota i zastanawiasz si\u0119, jaki to kot? Mo\u017ce nawet znasz t\u0119 ras\u0119, ale po prostu nie pami\u0119tasz jej imienia? A mo\u017ce masz swojego w\u0142asnego kota, kt\u00f3rego rasy nadal nie znasz? C\u00f3\u017c, mo\u017ce wiesz, \u017ce masz ras\u0119 mieszan\u0105, ale kt\u00f3re rasy s\u0105 naprawd\u0119 cz\u0119\u015bci\u0105 Twojej ukochanej?<br><br>Zanim rozwa\u017cysz uzyskanie drogiego testu DNA, aplikacja Cat Scanner pomo\u017ce Ci odpowiedzie\u0107 na wszystkie te pytania! Wystarczy zeskanowa\u0107 kota za pomoc\u0105 aplikacji, a rasa kota zostanie automatycznie ustalona w ci\u0105gu kilku sekund!<\/p>\n\n\n\n<h3>Zrzeczenie si\u0119 odpowiedzialno\u015bci<\/h3>\n\n\n\n<p>Ta aplikacja nie mo\u017ce przekszta\u0142ci\u0107 Twojego smartfona w szalony statek kosmiczny, kt\u00f3ry jest w stanie pobra\u0107 krew Twojego kota za pomoc\u0105 magicznego lasera. Aplikacja daje wyedukowane przewidywania na podstawie tego, co widzi. Przeci\u0119tnie, te przewidywania s\u0105 do\u015b\u0107 dok\u0142adne. Oczywiste jest jednak, \u017ce wynik mo\u017ce by\u0107 tylko tak dobry, jak obraz\/film, kt\u00f3ry dostarczasz do aplikacji. Co wi\u0119cej, nie jest mo\u017cliwe, aby ka\u017cdy kot zosta\u0142 prawid\u0142owo wykryty. Ludzie maj\u0105 tendencj\u0119 do brania go do siebie, je\u015bli ich w\u0142asny ukochany kot nie jest dobrze przewidzia\u0142. Je\u015bli w pierwszej kolejno\u015bci dasz szans\u0119 aplikacji, zobaczysz, \u017ce jej og\u00f3lne dzia\u0142anie jest ca\u0142kiem przyzwoite. Zamiast p\u0142aci\u0107 du\u017co pieni\u0119dzy za test DNA, dostajesz t\u0119 aplikacj\u0119 za darmo. Bawcie si\u0119 dobrze!<\/p>\n","protected":false},"excerpt":{"rendered":"<p>Widzisz kota, ale nie znasz jego rasy? Po prostu zr\u00f3b szybkie zdj\u0119cie lub nagranie wideo kota &#8211; dzi\u0119ki aplikacji Cat Scanner mo\u017cesz w kilka sekund [&hellip;]<\/p>\n","protected":false},"author":1,"featured_media":0,"parent":0,"menu_order":0,"comment_status":"closed","ping_status":"closed","template":"page-templates\/app-flavor-main-page.php","meta":[],"yoast_head":"<!-- This site is optimized with the Yoast SEO plugin v16.9 - https:\/\/yoast.com\/wordpress\/plugins\/seo\/ -->\n<title>Cat Scanner - Identyfikacja rasy kot\u00f3w na systemach Android i iOS<\/title>\n<meta name=\"description\" content=\"Widzisz kota, ale nie znasz jego rasy? Po prostu zr\u00f3b zdj\u0119cie, a aplikacja Cat Scanner go ustali. Aplikacja m\u00f3wi r\u00f3wnie\u017c, kt\u00f3re rasy zosta\u0142y zmieszane!\" \/>\n<meta name=\"robots\" content=\"index, follow, max-snippet:-1, max-image-preview:large, max-video-preview:-1\" \/>\n<link rel=\"canonical\" href=\"https:\/\/siwalusoftware.com\/pl\/cat-scanner\/\" \/>\n<meta property=\"og:locale\" content=\"pl_PL\" \/>\n<meta property=\"og:type\" content=\"article\" \/>\n<meta property=\"og:title\" content=\"Cat Scanner - Identyfikacja rasy kot\u00f3w na systemach Android i iOS\" \/>\n<meta property=\"og:description\" content=\"Widzisz kota, ale nie znasz jego rasy? Po prostu zr\u00f3b zdj\u0119cie, a aplikacja Cat Scanner go ustali. Aplikacja m\u00f3wi r\u00f3wnie\u017c, kt\u00f3re rasy zosta\u0142y zmieszane!\" \/>\n<meta property=\"og:url\" content=\"https:\/\/siwalusoftware.com\/pl\/cat-scanner\/\" \/>\n<meta property=\"og:site_name\" content=\"Siwalu Software\" \/>\n<meta property=\"article:publisher\" content=\"https:\/\/facebook.com\/DogScannerApp\" \/>\n<meta property=\"article:modified_time\" content=\"2020-05-27T15:55:22+00:00\" \/>\n<meta name=\"twitter:card\" content=\"summary_large_image\" \/>\n<meta name=\"twitter:site\" content=\"@dogscanner_app\" \/>\n<meta name=\"twitter:label1\" content=\"Szacowany czas czytania\" \/>\n\t<meta name=\"twitter:data1\" content=\"5 minut\" \/>\n<script type=\"application\/ld+json\" class=\"yoast-schema-graph\">{\"@context\":\"https:\/\/schema.org\",\"@graph\":[{\"@type\":\"Organization\",\"@id\":\"https:\/\/siwalusoftware.com\/zh-hans\/#organization\",\"name\":\"Siwalu Software GmbH\",\"url\":\"https:\/\/siwalusoftware.com\/zh-hans\/\",\"sameAs\":[\"https:\/\/facebook.com\/DogScannerApp\",\"https:\/\/instagram.com\/dogscanner_app\",\"https:\/\/www.linkedin.com\/company\/siwalu\/\",\"https:\/\/www.youtube.com\/channel\/UCexEBJ5uq8Vx0bdgg70Lr8g\",\"https:\/\/twitter.com\/dogscanner_app\"],\"logo\":{\"@type\":\"ImageObject\",\"@id\":\"https:\/\/siwalusoftware.com\/zh-hans\/#logo\",\"inLanguage\":\"pl-PL\",\"url\":\"https:\/\/siwalusoftware.com\/wp-content\/uploads\/2020\/01\/siwalu-logo-negativ-background-e1580133589167.png\",\"contentUrl\":\"https:\/\/siwalusoftware.com\/wp-content\/uploads\/2020\/01\/siwalu-logo-negativ-background-e1580133589167.png\",\"width\":512,\"height\":307,\"caption\":\"Siwalu Software GmbH\"},\"image\":{\"@id\":\"https:\/\/siwalusoftware.com\/zh-hans\/#logo\"}},{\"@type\":\"WebSite\",\"@id\":\"https:\/\/siwalusoftware.com\/zh-hans\/#website\",\"url\":\"https:\/\/siwalusoftware.com\/zh-hans\/\",\"name\":\"Siwalu Software\",\"description\":\"AI-based animal recognition\",\"publisher\":{\"@id\":\"https:\/\/siwalusoftware.com\/zh-hans\/#organization\"},\"potentialAction\":[{\"@type\":\"SearchAction\",\"target\":{\"@type\":\"EntryPoint\",\"urlTemplate\":\"https:\/\/siwalusoftware.com\/zh-hans\/?s={search_term_string}\"},\"query-input\":\"required name=search_term_string\"}],\"inLanguage\":\"pl-PL\"},{\"@type\":\"WebPage\",\"@id\":\"https:\/\/siwalusoftware.com\/pl\/cat-scanner\/#webpage\",\"url\":\"https:\/\/siwalusoftware.com\/pl\/cat-scanner\/\",\"name\":\"Cat Scanner - Identyfikacja rasy kot\\u00f3w na systemach Android i iOS\",\"isPartOf\":{\"@id\":\"https:\/\/siwalusoftware.com\/zh-hans\/#website\"},\"datePublished\":\"2020-01-13T16:06:05+00:00\",\"dateModified\":\"2020-05-27T15:55:22+00:00\",\"description\":\"Widzisz kota, ale nie znasz jego rasy? Po prostu zr\\u00f3b zdj\\u0119cie, a aplikacja Cat Scanner go ustali. Aplikacja m\\u00f3wi r\\u00f3wnie\\u017c, kt\\u00f3re rasy zosta\\u0142y zmieszane!\",\"breadcrumb\":{\"@id\":\"https:\/\/siwalusoftware.com\/pl\/cat-scanner\/#breadcrumb\"},\"inLanguage\":\"pl-PL\",\"potentialAction\":[{\"@type\":\"ReadAction\",\"target\":[\"https:\/\/siwalusoftware.com\/pl\/cat-scanner\/\"]}]},{\"@type\":\"BreadcrumbList\",\"@id\":\"https:\/\/siwalusoftware.com\/pl\/cat-scanner\/#breadcrumb\",\"itemListElement\":[{\"@type\":\"ListItem\",\"position\":1,\"name\":\"Home\",\"item\":\"https:\/\/siwalusoftware.com\/pl\/\"},{\"@type\":\"ListItem\",\"position\":2,\"name\":\"Cat Scanner\"}]}]}<\/script>\n<!-- \/ Yoast SEO plugin. -->","yoast_head_json":{"title":"Cat Scanner - Identyfikacja rasy kot\u00f3w na systemach Android i iOS","description":"Widzisz kota, ale nie znasz jego rasy? Po prostu zr\u00f3b zdj\u0119cie, a aplikacja Cat Scanner go ustali. Aplikacja m\u00f3wi r\u00f3wnie\u017c, kt\u00f3re rasy zosta\u0142y zmieszane!","robots":{"index":"index","follow":"follow","max-snippet":"max-snippet:-1","max-image-preview":"max-image-preview:large","max-video-preview":"max-video-preview:-1"},"canonical":"https:\/\/siwalusoftware.com\/pl\/cat-scanner\/","og_locale":"pl_PL","og_type":"article","og_title":"Cat Scanner - Identyfikacja rasy kot\u00f3w na systemach Android i iOS","og_description":"Widzisz kota, ale nie znasz jego rasy? Po prostu zr\u00f3b zdj\u0119cie, a aplikacja Cat Scanner go ustali. Aplikacja m\u00f3wi r\u00f3wnie\u017c, kt\u00f3re rasy zosta\u0142y zmieszane!","og_url":"https:\/\/siwalusoftware.com\/pl\/cat-scanner\/","og_site_name":"Siwalu Software","article_publisher":"https:\/\/facebook.com\/DogScannerApp","article_modified_time":"2020-05-27T15:55:22+00:00","twitter_card":"summary_large_image","twitter_site":"@dogscanner_app","twitter_misc":{"Szacowany czas czytania":"5 minut"},"schema":{"@context":"https:\/\/schema.org","@graph":[{"@type":"Organization","@id":"https:\/\/siwalusoftware.com\/zh-hans\/#organization","name":"Siwalu Software GmbH","url":"https:\/\/siwalusoftware.com\/zh-hans\/","sameAs":["https:\/\/facebook.com\/DogScannerApp","https:\/\/instagram.com\/dogscanner_app","https:\/\/www.linkedin.com\/company\/siwalu\/","https:\/\/www.youtube.com\/channel\/UCexEBJ5uq8Vx0bdgg70Lr8g","https:\/\/twitter.com\/dogscanner_app"],"logo":{"@type":"ImageObject","@id":"https:\/\/siwalusoftware.com\/zh-hans\/#logo","inLanguage":"pl-PL","url":"https:\/\/siwalusoftware.com\/wp-content\/uploads\/2020\/01\/siwalu-logo-negativ-background-e1580133589167.png","contentUrl":"https:\/\/siwalusoftware.com\/wp-content\/uploads\/2020\/01\/siwalu-logo-negativ-background-e1580133589167.png","width":512,"height":307,"caption":"Siwalu Software GmbH"},"image":{"@id":"https:\/\/siwalusoftware.com\/zh-hans\/#logo"}},{"@type":"WebSite","@id":"https:\/\/siwalusoftware.com\/zh-hans\/#website","url":"https:\/\/siwalusoftware.com\/zh-hans\/","name":"Siwalu Software","description":"AI-based animal recognition","publisher":{"@id":"https:\/\/siwalusoftware.com\/zh-hans\/#organization"},"potentialAction":[{"@type":"SearchAction","target":{"@type":"EntryPoint","urlTemplate":"https:\/\/siwalusoftware.com\/zh-hans\/?s={search_term_string}"},"query-input":"required name=search_term_string"}],"inLanguage":"pl-PL"},{"@type":"WebPage","@id":"https:\/\/siwalusoftware.com\/pl\/cat-scanner\/#webpage","url":"https:\/\/siwalusoftware.com\/pl\/cat-scanner\/","name":"Cat Scanner - Identyfikacja rasy kot\u00f3w na systemach Android i iOS","isPartOf":{"@id":"https:\/\/siwalusoftware.com\/zh-hans\/#website"},"datePublished":"2020-01-13T16:06:05+00:00","dateModified":"2020-05-27T15:55:22+00:00","description":"Widzisz kota, ale nie znasz jego rasy? Po prostu zr\u00f3b zdj\u0119cie, a aplikacja Cat Scanner go ustali. Aplikacja m\u00f3wi r\u00f3wnie\u017c, kt\u00f3re rasy zosta\u0142y zmieszane!","breadcrumb":{"@id":"https:\/\/siwalusoftware.com\/pl\/cat-scanner\/#breadcrumb"},"inLanguage":"pl-PL","potentialAction":[{"@type":"ReadAction","target":["https:\/\/siwalusoftware.com\/pl\/cat-scanner\/"]}]},{"@type":"BreadcrumbList","@id":"https:\/\/siwalusoftware.com\/pl\/cat-scanner\/#breadcrumb","itemListElement":[{"@type":"ListItem","position":1,"name":"Home","item":"https:\/\/siwalusoftware.com\/pl\/"},{"@type":"ListItem","position":2,"name":"Cat Scanner"}]}]}},"_links":{"self":[{"href":"https:\/\/siwalusoftware.com\/pl\/wp-json\/wp\/v2\/pages\/793"}],"collection":[{"href":"https:\/\/siwalusoftware.com\/pl\/wp-json\/wp\/v2\/pages"}],"about":[{"href":"https:\/\/siwalusoftware.com\/pl\/wp-json\/wp\/v2\/types\/page"}],"author":[{"embeddable":true,"href":"https:\/\/siwalusoftware.com\/pl\/wp-json\/wp\/v2\/users\/1"}],"replies":[{"embeddable":true,"href":"https:\/\/siwalusoftware.com\/pl\/wp-json\/wp\/v2\/comments?post=793"}],"version-history":[{"count":6,"href":"https:\/\/siwalusoftware.com\/pl\/wp-json\/wp\/v2\/pages\/793\/revisions"}],"predecessor-version":[{"id":1306,"href":"https:\/\/siwalusoftware.com\/pl\/wp-json\/wp\/v2\/pages\/793\/revisions\/1306"}],"wp:attachment":[{"href":"https:\/\/siwalusoftware.com\/pl\/wp-json\/wp\/v2\/media?parent=793"}],"curies":[{"name":"wp","href":"https:\/\/api.w.org\/{rel}","templated":true}]}}