{"id":803,"date":"2020-01-13T16:37:09","date_gmt":"2020-01-13T15:37:09","guid":{"rendered":"https:\/\/siwalusoftware.com\/dog-scanner\/"},"modified":"2020-05-19T17:23:28","modified_gmt":"2020-05-19T15:23:28","slug":"dog-scanner","status":"publish","type":"page","link":"https:\/\/siwalusoftware.com\/pl\/dog-scanner\/","title":{"rendered":"Dog Scanner"},"content":{"rendered":"\n<h3>Widzisz psa, ale nie znasz jego rasy?<\/h3>\n\n\n\n<p>Wystarczy zrobi\u0107 szybkie zdj\u0119cie lub nagranie wideo psa &#8211; dzi\u0119ki aplikacji Dog Scanner mo\u017cesz niezawodnie zidentyfikowa\u0107 ras\u0119 psa w zaledwie kilka sekund! Nasz zintegrowany aparat z funkcj\u0105 Pinch To Zoom i Tap to Focus u\u0142atwia identyfikacj\u0119 rasy psa!<br><br>Oczywi\u015bcie, aplikacja Dog Scanner obs\u0142uguje r\u00f3wnie\u017c przesy\u0142anie obraz\u00f3w z Twojej galerii.<\/p>\n\n\n\n<h3>Masz ras\u0119 mieszan\u0105?<\/h3>\n\n\n\n<p>Nie ma problemu, Twoja aplikacja rozpoznaje tak\u017ce rasy mieszane! Dostarczamy Ci szczeg\u00f3\u0142owych danych i ciekawostek na temat r\u00f3\u017cnych ras ps\u00f3w ras mieszanych. <\/p>\n\n\n\n<h3>Wszystkie rasy ps\u00f3w w aplikacji Dog Scanner!<\/h3>\n\n\n\n<p>The Dog Scanner app obecnie identyfikuje ponad 370 r\u00f3\u017cnych ras ps\u00f3w. Nasza baza danych zawiera wszystkie rasy oficjalnie uznane przez <u><a href=\"http:\/\/www.fci.be\/\" target=\"_blank\" rel=\"noreferrer noopener\" aria-label=\"F\u00e9d\u00e9ration Cynologique Internationale (FCI) (opens in a new tab)\">F\u00e9d\u00e9ration Cynologique Internationale (FCI)<\/a><\/u>, a nawet kilka innych!<br><br>Przy okazji, nasza obszerna baza danych z informacjami i zdj\u0119ciami wszystkich ras ps\u00f3w (r\u00f3wnie\u017c tych nieoficjalnych) jest dost\u0119pna ca\u0142kowicie bez skanowania!<\/p>\n\n\n\n<h3>Nie ma psa w pobli\u017cu?<\/h3>\n\n\n\n<p>To nie ma znaczenia! Po prostu zeskanuj siebie, swoich przyjaci\u00f3\u0142, rodzin\u0119 lub ludzi wok\u00f3\u0142 siebie i dowiedz si\u0119, kt\u00f3re psy s\u0105 dla Ciebie najbardziej podobne!<br><br>Mo\u017ce to zabrzmie\u0107 troch\u0119 dziwnie, ale naprawd\u0119 dzia\u0142a: aplikacja Dog Scanner rozpoznaje r\u00f3wnie\u017c ludzi. Wystarczy wzi\u0105\u0107 szybki selfie i dowiedzie\u0107 si\u0119, jaki jeste\u015b psem!<\/p>\n\n\n\n<h3>Zosta\u0144 cz\u0119\u015bci\u0105 naszej spo\u0142eczno\u015bci Dog Scanner! <\/h3>\n\n\n\n<p>Podziel si\u0119 swoimi wynikami i por\u00f3wnaj je z wynikami spo\u0142eczno\u015bci! Wgraj zdj\u0119cia swojego ulubionego psa do naszego Social Feed i dziel si\u0119 nimi z innymi mi\u0142o\u015bnikami ps\u00f3w! Przyjrzyj si\u0119 profilom i zdj\u0119ciom innych u\u017cytkownik\u00f3w, polub i skomentuj posty z naszej spo\u0142eczno\u015bci ps\u00f3w i przefiltruj je wed\u0142ug daty lub popularno\u015bci!<br><br>Dodatkowo, mo\u017cesz \u0142atwo udost\u0119pnia\u0107 swoje posty znajomym, po prostu wysy\u0142aj\u0105c zdj\u0119cie bezpo\u015brednio z aplikacji Dog Scanner.<\/p>\n\n\n\n<h3>Z\u0142apa\u0107 wszystkie rasy ps\u00f3w i zosta\u0107 ekspertem!<\/h3>\n\n\n\n<p>Z\u0142apa\u0107 wszystkie rasy ps\u00f3w, tak jak w Pok\u00e9mon Go. Zeskanuj co najmniej jednego psa ka\u017cdej rasy, opanuj wyzwania, zdob\u0105d\u017a wirtualne przysmaki i zosta\u0144 prawdziwym ekspertem od ps\u00f3w! <br><br>Rywalizuj z przyjaci\u00f3\u0142mi lub u\u017cytkownikami ze spo\u0142eczno\u015bci i wejd\u017a na szczyt naszej listy rankingowej!<\/p>\n\n\n\n<h3>Daj nam opini\u0119 na temat aplikacji Dog Scanner!<\/h3>\n\n\n\n<p>Daj nam zna\u0107, czy rasa psa zosta\u0142a prawid\u0142owo zidentyfikowana. Je\u015bli nie, otrzymasz u\u017cyteczne wskaz\u00f3wki, aby poprawi\u0107 swoje w\u0142asne wyniki. Je\u015bli wska\u017cesz tak\u017ce, kt\u00f3ra rasa ps\u00f3w jest na zdj\u0119ciu, pomo\u017cesz nam ulepszy\u0107 nasze oprogramowanie, poniewa\u017c aplikacja automatycznie nauczy si\u0119, jak zapewni\u0107 jeszcze dok\u0142adniejsze wyniki.<br><br>Zaproponuj lub zag\u0142osuj na (nieoficjalne) rasy ps\u00f3w, kt\u00f3re chcesz nam doda\u0107 do aplikacji w przysz\u0142o\u015bci!<\/p>\n\n\n\n<h3>Pobierz uaktualnienie premium!<\/h3>\n\n\n\n<p>Dzi\u0119ki naszej wersji Premium, aplikacja nie b\u0119dzie ju\u017c wy\u015bwietla\u0107 reklam, a Twoje wyniki b\u0119d\u0105 dost\u0119pne szybciej. Co wi\u0119cej, mo\u017cesz teraz wybra\u0107, czy Twoje rasy ps\u00f3w powinny by\u0107 rozpoznawane raczej szybko czy z wi\u0119ksz\u0105 dok\u0142adno\u015bci\u0105. Dzi\u0119ki wersji premium, skanowanie ps\u00f3w jest mo\u017cliwe r\u00f3wnie\u017c w trybie offline, wi\u0119c nie musisz ju\u017c mie\u0107 aktywnego po\u0142\u0105czenia internetowego, aby rozpoznawa\u0107 ich rasy. Dzi\u0119ki opcjonalnemu zakupowi naszej wersji premium, mo\u017cesz r\u00f3wnie\u017c pom\u00f3c w obs\u0142udze tej aplikacji.<\/p>\n\n\n\n<h3>Znajd\u017a nas na portalach spo\u0142eczno\u015bciowych!<\/h3>\n\n\n\n<p>Na naszych kana\u0142ach medi\u00f3w spo\u0142eczno\u015bciowych udost\u0119pniamy Pa\u0144stwu najpi\u0119kniejsze zdj\u0119cia ps\u00f3w z danej spo\u0142eczno\u015bci. Znajdziesz tam r\u00f3wnie\u017c wiele ciekawostek na temat najlepszego przyjaciela cz\u0142owieka. Co wi\u0119cej, b\u0119dziemy Ci\u0119 informowa\u0107 na bie\u017c\u0105co o wszystkich nowych funkcjach aplikacji Dog Scanner w przysz\u0142o\u015bci.  <br><br>* <u><a rel=\"noreferrer noopener\" aria-label=\" (opens in a new tab)\" href=\"https:\/\/www.instagram.com\/dogscanner_app\" target=\"_blank\">Instagram<\/a><\/u> <br>* <u><a rel=\"noreferrer noopener\" aria-label=\" (opens in a new tab)\" href=\"https:\/\/www.facebook.com\/DogScannerApp\" target=\"_blank\">Facebook<\/a><\/u> <br>* <u><a rel=\"noreferrer noopener\" aria-label=\" (opens in a new tab)\" href=\"https:\/\/twitter.com\/dogscanner_app\" target=\"_blank\">Twitter<\/a><\/u><\/p>\n\n\n\n<h3>Po prostu daj mu szans\u0119!<\/h3>\n\n\n\n<p>Pobierz aplikacj\u0119 Dog Scanner za darmo. Znajd\u017a go w <u><a href=\"https:\/\/play.google.com\/store\/apps\/details?id=com.siwalusoftware.dogscanner&amp;referrer=utm_source%3Dsiwalusoftware.com\" target=\"_blank\" rel=\"noreferrer noopener\" aria-label=\"Google Play (opens in a new tab)\">Google Play<\/a><\/u> dla urz\u0105dze\u0144 z systemem Android lub w <u><a href=\"https:\/\/itunes.apple.com\/app\/apple-store\/id1447489158?pt=119468156&amp;ct=siwalusoftware.com&amp;mt=8\" target=\"_blank\" rel=\"noreferrer noopener\" aria-label=\"Apple App Store (opens in a new tab)\">Apple App Store<\/a><\/u>, je\u015bli korzystasz z iPhone&#8217;a lub iPada! Pomimo ma\u0142ego rozmiaru aplikacji otrzymasz wszystkie funkcje i b\u0119dziesz m\u00f3g\u0142 w ka\u017cdej chwili zidentyfikowa\u0107 ras\u0119 psa lub uzyska\u0107 dost\u0119p do naszej obszernej bazy danych!<br><br>Czy kiedykolwiek widzia\u0142e\u015b psa na spacerze i zastanawia\u0142e\u015b si\u0119, jaki to pies? Mo\u017ce nawet znasz t\u0119 ras\u0119, ale po prostu nie pami\u0119tasz jej imienia? A mo\u017ce masz swojego w\u0142asnego psa, kt\u00f3rego rasy nadal nie znasz? C\u00f3\u017c, mo\u017ce wiesz, \u017ce masz ras\u0119 mieszan\u0105, ale kt\u00f3re rasy s\u0105 naprawd\u0119 cz\u0119\u015bci\u0105 Twojej ukochanej?<br><br>Zanim rozwa\u017cysz uzyskanie drogiego testu DNA, aplikacja Dog Scanner mo\u017ce pom\u00f3c Ci odpowiedzie\u0107 na wszystkie te pytania! Wystarczy zeskanowa\u0107 psa z aplikacj\u0105, a rasa ps\u00f3w zostanie automatycznie ustalona w ci\u0105gu kilku sekund!<\/p>\n\n\n\n<h3>Zrzeczenie si\u0119 odpowiedzialno\u015bci<\/h3>\n\n\n\n<p>Ta aplikacja nie mo\u017ce przekszta\u0142ci\u0107 Twojego smartfona w szalony statek kosmiczny, kt\u00f3ry jest w stanie pobra\u0107 krew Twojego psa za pomoc\u0105 magicznego lasera. Aplikacja daje wyedukowane przewidywania na podstawie tego, co widzi. Przeci\u0119tnie, te przewidywania s\u0105 do\u015b\u0107 dok\u0142adne. Jednak jest oczywiste, \u017ce wynik mo\u017ce by\u0107 tylko tak dobry, jak obraz \/ film, kt\u00f3ry dostarczasz do aplikacji. Ponadto, nie jest mo\u017cliwe, aby uzyska\u0107 ka\u017cdy pies wykryte poprawnie. Ludzie maj\u0105 tendencj\u0119 do brania go do siebie, je\u015bli ich w\u0142asny ukochany pies nie jest przewidziane w prawo jednak. Je\u015bli dasz szans\u0119 aplikacji w pierwszej kolejno\u015bci, zobaczysz, \u017ce jej og\u00f3lna wydajno\u015b\u0107 jest ca\u0142kiem przyzwoita. Zamiast p\u0142aci\u0107 du\u017co pieni\u0119dzy za test DNA, dostajesz t\u0119 aplikacj\u0119 za darmo. Bawcie si\u0119 dobrze!<\/p>\n","protected":false},"excerpt":{"rendered":"<p>Widzisz psa, ale nie znasz jego rasy? Wystarczy zrobi\u0107 szybkie zdj\u0119cie lub nagranie wideo psa &#8211; dzi\u0119ki aplikacji Dog Scanner mo\u017cesz niezawodnie zidentyfikowa\u0107 ras\u0119 psa [&hellip;]<\/p>\n","protected":false},"author":1,"featured_media":0,"parent":0,"menu_order":0,"comment_status":"closed","ping_status":"closed","template":"page-templates\/app-flavor-main-page.php","meta":[],"yoast_head":"<!-- This site is optimized with the Yoast SEO plugin v16.9 - https:\/\/yoast.com\/wordpress\/plugins\/seo\/ -->\n<title>Dog Scanner - #1 Dog Breed Identification na Android i iOS<\/title>\n<meta name=\"description\" content=\"Widzisz psa, ale nie znasz jego rasy? Po prostu zr\u00f3b zdj\u0119cie, a aplikacja Dog Scanner go ustali. Aplikacja m\u00f3wi r\u00f3wnie\u017c, kt\u00f3re rasy zosta\u0142y zmieszane!\" \/>\n<meta name=\"robots\" content=\"index, follow, max-snippet:-1, max-image-preview:large, max-video-preview:-1\" \/>\n<link rel=\"canonical\" href=\"https:\/\/siwalusoftware.com\/pl\/dog-scanner\/\" \/>\n<meta property=\"og:locale\" content=\"pl_PL\" \/>\n<meta property=\"og:type\" content=\"article\" \/>\n<meta property=\"og:title\" content=\"Dog Scanner - #1 Dog Breed Identification na Android i iOS\" \/>\n<meta property=\"og:description\" content=\"Widzisz psa, ale nie znasz jego rasy? Po prostu zr\u00f3b zdj\u0119cie, a aplikacja Dog Scanner go ustali. Aplikacja m\u00f3wi r\u00f3wnie\u017c, kt\u00f3re rasy zosta\u0142y zmieszane!\" \/>\n<meta property=\"og:url\" content=\"https:\/\/siwalusoftware.com\/pl\/dog-scanner\/\" \/>\n<meta property=\"og:site_name\" content=\"Siwalu Software\" \/>\n<meta property=\"article:publisher\" content=\"https:\/\/facebook.com\/DogScannerApp\" \/>\n<meta property=\"article:modified_time\" content=\"2020-05-19T15:23:28+00:00\" \/>\n<meta name=\"twitter:card\" content=\"summary_large_image\" \/>\n<meta name=\"twitter:site\" content=\"@dogscanner_app\" \/>\n<meta name=\"twitter:label1\" content=\"Szacowany czas czytania\" \/>\n\t<meta name=\"twitter:data1\" content=\"5 minut\" \/>\n<script type=\"application\/ld+json\" class=\"yoast-schema-graph\">{\"@context\":\"https:\/\/schema.org\",\"@graph\":[{\"@type\":\"Organization\",\"@id\":\"https:\/\/siwalusoftware.com\/zh-hans\/#organization\",\"name\":\"Siwalu Software GmbH\",\"url\":\"https:\/\/siwalusoftware.com\/zh-hans\/\",\"sameAs\":[\"https:\/\/facebook.com\/DogScannerApp\",\"https:\/\/instagram.com\/dogscanner_app\",\"https:\/\/www.linkedin.com\/company\/siwalu\/\",\"https:\/\/www.youtube.com\/channel\/UCexEBJ5uq8Vx0bdgg70Lr8g\",\"https:\/\/twitter.com\/dogscanner_app\"],\"logo\":{\"@type\":\"ImageObject\",\"@id\":\"https:\/\/siwalusoftware.com\/zh-hans\/#logo\",\"inLanguage\":\"pl-PL\",\"url\":\"https:\/\/siwalusoftware.com\/wp-content\/uploads\/2020\/01\/siwalu-logo-negativ-background-e1580133589167.png\",\"contentUrl\":\"https:\/\/siwalusoftware.com\/wp-content\/uploads\/2020\/01\/siwalu-logo-negativ-background-e1580133589167.png\",\"width\":512,\"height\":307,\"caption\":\"Siwalu Software GmbH\"},\"image\":{\"@id\":\"https:\/\/siwalusoftware.com\/zh-hans\/#logo\"}},{\"@type\":\"WebSite\",\"@id\":\"https:\/\/siwalusoftware.com\/zh-hans\/#website\",\"url\":\"https:\/\/siwalusoftware.com\/zh-hans\/\",\"name\":\"Siwalu Software\",\"description\":\"AI-based animal recognition\",\"publisher\":{\"@id\":\"https:\/\/siwalusoftware.com\/zh-hans\/#organization\"},\"potentialAction\":[{\"@type\":\"SearchAction\",\"target\":{\"@type\":\"EntryPoint\",\"urlTemplate\":\"https:\/\/siwalusoftware.com\/zh-hans\/?s={search_term_string}\"},\"query-input\":\"required name=search_term_string\"}],\"inLanguage\":\"pl-PL\"},{\"@type\":\"WebPage\",\"@id\":\"https:\/\/siwalusoftware.com\/pl\/dog-scanner\/#webpage\",\"url\":\"https:\/\/siwalusoftware.com\/pl\/dog-scanner\/\",\"name\":\"Dog Scanner - #1 Dog Breed Identification na Android i iOS\",\"isPartOf\":{\"@id\":\"https:\/\/siwalusoftware.com\/zh-hans\/#website\"},\"datePublished\":\"2020-01-13T15:37:09+00:00\",\"dateModified\":\"2020-05-19T15:23:28+00:00\",\"description\":\"Widzisz psa, ale nie znasz jego rasy? Po prostu zr\\u00f3b zdj\\u0119cie, a aplikacja Dog Scanner go ustali. Aplikacja m\\u00f3wi r\\u00f3wnie\\u017c, kt\\u00f3re rasy zosta\\u0142y zmieszane!\",\"breadcrumb\":{\"@id\":\"https:\/\/siwalusoftware.com\/pl\/dog-scanner\/#breadcrumb\"},\"inLanguage\":\"pl-PL\",\"potentialAction\":[{\"@type\":\"ReadAction\",\"target\":[\"https:\/\/siwalusoftware.com\/pl\/dog-scanner\/\"]}]},{\"@type\":\"BreadcrumbList\",\"@id\":\"https:\/\/siwalusoftware.com\/pl\/dog-scanner\/#breadcrumb\",\"itemListElement\":[{\"@type\":\"ListItem\",\"position\":1,\"name\":\"Home\",\"item\":\"https:\/\/siwalusoftware.com\/pl\/\"},{\"@type\":\"ListItem\",\"position\":2,\"name\":\"Dog Scanner\"}]}]}<\/script>\n<!-- \/ Yoast SEO plugin. -->","yoast_head_json":{"title":"Dog Scanner - #1 Dog Breed Identification na Android i iOS","description":"Widzisz psa, ale nie znasz jego rasy? Po prostu zr\u00f3b zdj\u0119cie, a aplikacja Dog Scanner go ustali. Aplikacja m\u00f3wi r\u00f3wnie\u017c, kt\u00f3re rasy zosta\u0142y zmieszane!","robots":{"index":"index","follow":"follow","max-snippet":"max-snippet:-1","max-image-preview":"max-image-preview:large","max-video-preview":"max-video-preview:-1"},"canonical":"https:\/\/siwalusoftware.com\/pl\/dog-scanner\/","og_locale":"pl_PL","og_type":"article","og_title":"Dog Scanner - #1 Dog Breed Identification na Android i iOS","og_description":"Widzisz psa, ale nie znasz jego rasy? Po prostu zr\u00f3b zdj\u0119cie, a aplikacja Dog Scanner go ustali. Aplikacja m\u00f3wi r\u00f3wnie\u017c, kt\u00f3re rasy zosta\u0142y zmieszane!","og_url":"https:\/\/siwalusoftware.com\/pl\/dog-scanner\/","og_site_name":"Siwalu Software","article_publisher":"https:\/\/facebook.com\/DogScannerApp","article_modified_time":"2020-05-19T15:23:28+00:00","twitter_card":"summary_large_image","twitter_site":"@dogscanner_app","twitter_misc":{"Szacowany czas czytania":"5 minut"},"schema":{"@context":"https:\/\/schema.org","@graph":[{"@type":"Organization","@id":"https:\/\/siwalusoftware.com\/zh-hans\/#organization","name":"Siwalu Software GmbH","url":"https:\/\/siwalusoftware.com\/zh-hans\/","sameAs":["https:\/\/facebook.com\/DogScannerApp","https:\/\/instagram.com\/dogscanner_app","https:\/\/www.linkedin.com\/company\/siwalu\/","https:\/\/www.youtube.com\/channel\/UCexEBJ5uq8Vx0bdgg70Lr8g","https:\/\/twitter.com\/dogscanner_app"],"logo":{"@type":"ImageObject","@id":"https:\/\/siwalusoftware.com\/zh-hans\/#logo","inLanguage":"pl-PL","url":"https:\/\/siwalusoftware.com\/wp-content\/uploads\/2020\/01\/siwalu-logo-negativ-background-e1580133589167.png","contentUrl":"https:\/\/siwalusoftware.com\/wp-content\/uploads\/2020\/01\/siwalu-logo-negativ-background-e1580133589167.png","width":512,"height":307,"caption":"Siwalu Software GmbH"},"image":{"@id":"https:\/\/siwalusoftware.com\/zh-hans\/#logo"}},{"@type":"WebSite","@id":"https:\/\/siwalusoftware.com\/zh-hans\/#website","url":"https:\/\/siwalusoftware.com\/zh-hans\/","name":"Siwalu Software","description":"AI-based animal recognition","publisher":{"@id":"https:\/\/siwalusoftware.com\/zh-hans\/#organization"},"potentialAction":[{"@type":"SearchAction","target":{"@type":"EntryPoint","urlTemplate":"https:\/\/siwalusoftware.com\/zh-hans\/?s={search_term_string}"},"query-input":"required name=search_term_string"}],"inLanguage":"pl-PL"},{"@type":"WebPage","@id":"https:\/\/siwalusoftware.com\/pl\/dog-scanner\/#webpage","url":"https:\/\/siwalusoftware.com\/pl\/dog-scanner\/","name":"Dog Scanner - #1 Dog Breed Identification na Android i iOS","isPartOf":{"@id":"https:\/\/siwalusoftware.com\/zh-hans\/#website"},"datePublished":"2020-01-13T15:37:09+00:00","dateModified":"2020-05-19T15:23:28+00:00","description":"Widzisz psa, ale nie znasz jego rasy? Po prostu zr\u00f3b zdj\u0119cie, a aplikacja Dog Scanner go ustali. Aplikacja m\u00f3wi r\u00f3wnie\u017c, kt\u00f3re rasy zosta\u0142y zmieszane!","breadcrumb":{"@id":"https:\/\/siwalusoftware.com\/pl\/dog-scanner\/#breadcrumb"},"inLanguage":"pl-PL","potentialAction":[{"@type":"ReadAction","target":["https:\/\/siwalusoftware.com\/pl\/dog-scanner\/"]}]},{"@type":"BreadcrumbList","@id":"https:\/\/siwalusoftware.com\/pl\/dog-scanner\/#breadcrumb","itemListElement":[{"@type":"ListItem","position":1,"name":"Home","item":"https:\/\/siwalusoftware.com\/pl\/"},{"@type":"ListItem","position":2,"name":"Dog Scanner"}]}]}},"_links":{"self":[{"href":"https:\/\/siwalusoftware.com\/pl\/wp-json\/wp\/v2\/pages\/803"}],"collection":[{"href":"https:\/\/siwalusoftware.com\/pl\/wp-json\/wp\/v2\/pages"}],"about":[{"href":"https:\/\/siwalusoftware.com\/pl\/wp-json\/wp\/v2\/types\/page"}],"author":[{"embeddable":true,"href":"https:\/\/siwalusoftware.com\/pl\/wp-json\/wp\/v2\/users\/1"}],"replies":[{"embeddable":true,"href":"https:\/\/siwalusoftware.com\/pl\/wp-json\/wp\/v2\/comments?post=803"}],"version-history":[{"count":7,"href":"https:\/\/siwalusoftware.com\/pl\/wp-json\/wp\/v2\/pages\/803\/revisions"}],"predecessor-version":[{"id":1186,"href":"https:\/\/siwalusoftware.com\/pl\/wp-json\/wp\/v2\/pages\/803\/revisions\/1186"}],"wp:attachment":[{"href":"https:\/\/siwalusoftware.com\/pl\/wp-json\/wp\/v2\/media?parent=803"}],"curies":[{"name":"wp","href":"https:\/\/api.w.org\/{rel}","templated":true}]}}