{"id":813,"date":"2020-01-13T17:06:52","date_gmt":"2020-01-13T16:06:52","guid":{"rendered":"https:\/\/siwalusoftware.com\/horse-scanner\/"},"modified":"2020-05-20T15:29:14","modified_gmt":"2020-05-20T13:29:14","slug":"horse-scanner","status":"publish","type":"page","link":"https:\/\/siwalusoftware.com\/pl\/horse-scanner\/","title":{"rendered":"Horse Scanner"},"content":{"rendered":"\n<h3>Widzisz konia, ale nie znasz jego rasy?<\/h3>\n\n\n\n<p>Wystarczy zrobi\u0107 szybkie zdj\u0119cie lub nagranie wideo konia &#8211; za pomoc\u0105 aplikacji Horse Scanner mo\u017cesz niezawodnie zidentyfikowa\u0107 ras\u0119 konia w zaledwie kilka sekund! Nasz zintegrowany aparat fotograficzny z funkcj\u0105 Pinch To Zoom i Tap to Focus sprawia, \u017ce identyfikacja ras koni to spacer po parku!<br><br>Oczywi\u015bcie, aplikacja Horse Scanner obs\u0142uguje r\u00f3wnie\u017c przesy\u0142anie obraz\u00f3w z Twojej galerii.<\/p>\n\n\n\n<h3>Tak wiele ras koni w aplikacji Horse Scanner!<\/h3>\n\n\n\n<p>Aplikacja Horse Scanner identyfikuje obecnie oko\u0142o 160 r\u00f3\u017cnych ras koni. Nasza baza danych zawiera wszystkie popularne rasy, jak r\u00f3wnie\u017c wiele innych popularnych krajowych i mi\u0119dzynarodowych ras koni.<br><br>Przy okazji, nasza obszerna baza danych z informacjami i zdj\u0119ciami wszystkich obs\u0142ugiwanych ras koni (r\u00f3wnie\u017c tych nieoficjalnych) jest dost\u0119pna ca\u0142kowicie bez skanowania!<\/p>\n\n\n\n<h3>Nie ma konia w pobli\u017cu?<\/h3>\n\n\n\n<p>To nie ma znaczenia! Po prostu zeskanuj siebie, swoich przyjaci\u00f3\u0142, rodzin\u0119 lub ludzi wok\u00f3\u0142 siebie i dowiedz si\u0119, kt\u00f3re konie najbardziej Ci si\u0119 podobaj\u0105!<br><br>Mo\u017ce to zabrzmie\u0107 troch\u0119 dziwnie, ale naprawd\u0119 dzia\u0142a: aplikacja Horse Scanner rozpoznaje r\u00f3wnie\u017c ludzi. Wystarczy wzi\u0105\u0107 szybki selfie i dowiedzie\u0107 si\u0119, jaka rasa koni jeste\u015b!<\/p>\n\n\n\n<h3>Zosta\u0144 cz\u0119\u015bci\u0105 naszej spo\u0142eczno\u015bci Horse Scanner! <\/h3>\n\n\n\n<p>Podziel si\u0119 swoimi wynikami i por\u00f3wnaj je z wynikami spo\u0142eczno\u015bci! Wgraj zdj\u0119cia swojego ulubionego konia do naszego Social Feed i podziel si\u0119 nimi z innymi mi\u0142o\u015bnikami koni! Przyjrzyj si\u0119 profilom i zdj\u0119ciom innych u\u017cytkownik\u00f3w, polub i skomentuj posty od spo\u0142eczno\u015bci i przefiltruj je wed\u0142ug daty lub popularno\u015bci!<br><br>Dodatkowo, mo\u017cesz \u0142atwo dzieli\u0107 si\u0119 swoimi postami z przyjaci\u00f3\u0142mi, po prostu wysy\u0142aj\u0105c zdj\u0119cie bezpo\u015brednio z aplikacji Horse Scanner.<\/p>\n\n\n\n<h3>Z\u0142apa\u0107 wszystkie rasy koni i zosta\u0107 ekspertem!<\/h3>\n\n\n\n<p>Z\u0142apa\u0107 wszystkie rasy koni, tak jak w Pok\u00e9mon Go. Zeskanuj co najmniej jednego konia ka\u017cdej rasy, opanuj wyzwania, zdob\u0105d\u017a wirtualne przysmaki i zosta\u0144 prawdziwym ekspertem od koni!<br><br>Rywalizuj z przyjaci\u00f3\u0142mi lub u\u017cytkownikami ze spo\u0142eczno\u015bci i wejd\u017a na szczyt naszej listy rankingowej!<\/p>\n\n\n\n<h3>Daj nam opini\u0119 na temat aplikacji Horse Scanner!<\/h3>\n\n\n\n<p>Daj nam zna\u0107, czy rasa konia zosta\u0142a prawid\u0142owo zidentyfikowana. Je\u015bli nie, otrzymasz u\u017cyteczne wskaz\u00f3wki, aby poprawi\u0107 swoje w\u0142asne wyniki. Je\u015bli wska\u017cesz tak\u017ce, kt\u00f3ra rasa konia jest na zdj\u0119ciu, pomo\u017cesz nam ulepszy\u0107 nasze oprogramowanie, poniewa\u017c aplikacja automatycznie nauczy si\u0119 dostarcza\u0107 jeszcze dok\u0142adniejsze wyniki.<br><br>Zaproponuj lub zag\u0142osuj na (nieoficjalne) rasy koni, kt\u00f3re chcesz, aby\u015bmy dodali do aplikacji w przysz\u0142o\u015bci!<\/p>\n\n\n\n<h3>Pobierz uaktualnienie premium!<\/h3>\n\n\n\n<p>Dzi\u0119ki naszej wersji Premium, aplikacja nie b\u0119dzie ju\u017c wy\u015bwietla\u0107 reklam, a Twoje wyniki b\u0119d\u0105 dost\u0119pne szybciej. Co wi\u0119cej, mo\u017cesz teraz wybra\u0107, czy Twoje rasy koni powinny by\u0107 rozpoznawane raczej szybko czy z wi\u0119ksz\u0105 dok\u0142adno\u015bci\u0105. Z wersj\u0105 Premium, skanowanie koni jest r\u00f3wnie\u017c mo\u017cliwe w trybie offline, wi\u0119c nie potrzebujesz ju\u017c aktywnego po\u0142\u0105czenia internetowego do rozpoznawania ich ras. Z opcjonalnym zakupem naszej wersji premium, pomo\u017cesz tak\u017ce w obs\u0142udze tej aplikacji.<\/p>\n\n\n\n<h3>Znajd\u017a nas na portalach spo\u0142eczno\u015bciowych!<\/h3>\n\n\n\n<p>Na naszych kana\u0142ach medi\u00f3w spo\u0142eczno\u015bciowych udost\u0119pniamy Pa\u0144stwu najpi\u0119kniejsze zdj\u0119cia koni z okolicy. Znajdziesz tam r\u00f3wnie\u017c wiele ciekawostek na temat swojego ulubionego zwierz\u0119cia. Ponadto, b\u0119dziemy Ci\u0119 informowa\u0107 na bie\u017c\u0105co o wszystkich nowych funkcjach aplikacji Horse Scanner w przysz\u0142o\u015bci.  <br><br>* <u><a rel=\"noreferrer noopener\" aria-label=\"Instagram (opens in a new tab)\" href=\"https:\/\/www.instagram.com\/horsescanner_app\" target=\"_blank\">Instagram<\/a><\/u><br>* <u><a rel=\"noreferrer noopener\" aria-label=\"Facebook (opens in a new tab)\" href=\"https:\/\/www.facebook.com\/HorseScannerApp\" target=\"_blank\">Facebook<\/a><\/u> <br>* <u><a rel=\"noreferrer noopener\" aria-label=\"Twitter (opens in a new tab)\" href=\"https:\/\/twitter.com\/HorseScannerApp\" target=\"_blank\">Twitter<\/a><\/u><\/p>\n\n\n\n<h3>Po prostu daj mu szans\u0119!<\/h3>\n\n\n\n<p>Pobierz aplikacj\u0119 Horse Scanner za darmo. Znajd\u017a go w <u><a href=\"https:\/\/play.google.com\/store\/apps\/details?id=com.siwalusoftware.horsescanner&amp;referrer=utm_source%3Dsiwalusoftware.com\" target=\"_blank\" rel=\"noreferrer noopener\" aria-label=\"Google Play (opens in a new tab)\">Google Play<\/a><\/u> dla urz\u0105dze\u0144 z systemem Android lub w <u><a href=\"https:\/\/itunes.apple.com\/app\/apple-store\/id1483790768?pt=119468156&amp;ct=siwalusoftware.com&amp;mt=8\" target=\"_blank\" rel=\"noreferrer noopener\" aria-label=\"Apple App Store (opens in a new tab)\">Apple App Store<\/a><\/u>, je\u015bli korzystasz z iPhone&#8217;a lub iPada! Pomimo ma\u0142ego rozmiaru aplikacji otrzymasz wszystkie funkcje i b\u0119dziesz m\u00f3g\u0142 w ka\u017cdej chwili zidentyfikowa\u0107 ras\u0119 konia lub uzyska\u0107 dost\u0119p do naszej obszernej bazy danych!<br><br>Widzia\u0142e\u015b kiedy\u015b konia i zastanawiasz si\u0119, jaki to ko\u0144? Mo\u017ce nawet znasz t\u0119 ras\u0119, ale po prostu nie pami\u0119tasz jej nazwy? A mo\u017ce masz swojego w\u0142asnego konia, kt\u00f3rego rasy nadal nie znasz?<br><br>Aplikacja Horse Scanner mo\u017ce pom\u00f3c Ci odpowiedzie\u0107 na wszystkie te pytania! Po prostu zeskanuj konia za pomoc\u0105 aplikacji, a rasa konia zostanie automatycznie ustalona w ci\u0105gu kilku sekund!<\/p>\n\n\n\n<h3>Zrzeczenie si\u0119 odpowiedzialno\u015bci<\/h3>\n\n\n\n<p>Ta aplikacja nie mo\u017ce przekszta\u0142ci\u0107 Twojego smartfona w szalony statek kosmiczny, kt\u00f3ry jest w stanie wydoby\u0107 krew z konia za pomoc\u0105 magicznego lasera. Aplikacja daje wyedukowane przewidywania na podstawie tego, co widzi. Przeci\u0119tnie, te przewidywania s\u0105 do\u015b\u0107 dok\u0142adne. Jednak\u017ce, jest oczywiste, \u017ce wynik mo\u017ce by\u0107 tylko tak dobry, jak obraz \/ film, kt\u00f3ry podajesz do aplikacji. Co wi\u0119cej, nie jest mo\u017cliwe, aby ka\u017cdy ko\u0144 zosta\u0142 prawid\u0142owo wykryty. Ludzie maj\u0105 tendencj\u0119 do brania tego do siebie osobi\u015bcie, je\u015bli ich w\u0142asny ukochany ko\u0144 nie jest jednak poprawnie przepowiedziany. Je\u015bli w pierwszej kolejno\u015bci dasz szans\u0119 aplikacji, zobaczysz, \u017ce jej og\u00f3lne wyniki s\u0105 ca\u0142kiem przyzwoite. Zamiast p\u0142aci\u0107 du\u017co pieni\u0119dzy za test DNA, dostajesz t\u0119 aplikacj\u0119 za darmo. Bawcie si\u0119 dobrze!<\/p>\n","protected":false},"excerpt":{"rendered":"<p>Widzisz konia, ale nie znasz jego rasy? Wystarczy zrobi\u0107 szybkie zdj\u0119cie lub nagranie wideo konia &#8211; za pomoc\u0105 aplikacji Horse Scanner mo\u017cesz niezawodnie zidentyfikowa\u0107 ras\u0119 [&hellip;]<\/p>\n","protected":false},"author":1,"featured_media":0,"parent":0,"menu_order":0,"comment_status":"closed","ping_status":"closed","template":"page-templates\/app-flavor-main-page.php","meta":[],"yoast_head":"<!-- This site is optimized with the Yoast SEO plugin v16.9 - https:\/\/yoast.com\/wordpress\/plugins\/seo\/ -->\n<title>Horse Scanner - Identyfikacja ras koni na systemach Android i iOS<\/title>\n<meta name=\"description\" content=\"Widzisz konia, ale nie znasz jego rasy? Po prostu zr\u00f3b zdj\u0119cie, a aplikacja Horse Scanner go ustali. Aplikacja obs\u0142uguje obecnie oko\u0142o 160 ras koni.\" \/>\n<meta name=\"robots\" content=\"index, follow, max-snippet:-1, max-image-preview:large, max-video-preview:-1\" \/>\n<link rel=\"canonical\" href=\"https:\/\/siwalusoftware.com\/pl\/horse-scanner\/\" \/>\n<meta property=\"og:locale\" content=\"pl_PL\" \/>\n<meta property=\"og:type\" content=\"article\" \/>\n<meta property=\"og:title\" content=\"Horse Scanner - Identyfikacja ras koni na systemach Android i iOS\" \/>\n<meta property=\"og:description\" content=\"Widzisz konia, ale nie znasz jego rasy? Po prostu zr\u00f3b zdj\u0119cie, a aplikacja Horse Scanner go ustali. Aplikacja obs\u0142uguje obecnie oko\u0142o 160 ras koni.\" \/>\n<meta property=\"og:url\" content=\"https:\/\/siwalusoftware.com\/pl\/horse-scanner\/\" \/>\n<meta property=\"og:site_name\" content=\"Siwalu Software\" \/>\n<meta property=\"article:publisher\" content=\"https:\/\/facebook.com\/DogScannerApp\" \/>\n<meta property=\"article:modified_time\" content=\"2020-05-20T13:29:14+00:00\" \/>\n<meta name=\"twitter:card\" content=\"summary_large_image\" \/>\n<meta name=\"twitter:site\" content=\"@dogscanner_app\" \/>\n<meta name=\"twitter:label1\" content=\"Szacowany czas czytania\" \/>\n\t<meta name=\"twitter:data1\" content=\"4 minuty\" \/>\n<script type=\"application\/ld+json\" class=\"yoast-schema-graph\">{\"@context\":\"https:\/\/schema.org\",\"@graph\":[{\"@type\":\"Organization\",\"@id\":\"https:\/\/siwalusoftware.com\/zh-hans\/#organization\",\"name\":\"Siwalu Software GmbH\",\"url\":\"https:\/\/siwalusoftware.com\/zh-hans\/\",\"sameAs\":[\"https:\/\/facebook.com\/DogScannerApp\",\"https:\/\/instagram.com\/dogscanner_app\",\"https:\/\/www.linkedin.com\/company\/siwalu\/\",\"https:\/\/www.youtube.com\/channel\/UCexEBJ5uq8Vx0bdgg70Lr8g\",\"https:\/\/twitter.com\/dogscanner_app\"],\"logo\":{\"@type\":\"ImageObject\",\"@id\":\"https:\/\/siwalusoftware.com\/zh-hans\/#logo\",\"inLanguage\":\"pl-PL\",\"url\":\"https:\/\/siwalusoftware.com\/wp-content\/uploads\/2020\/01\/siwalu-logo-negativ-background-e1580133589167.png\",\"contentUrl\":\"https:\/\/siwalusoftware.com\/wp-content\/uploads\/2020\/01\/siwalu-logo-negativ-background-e1580133589167.png\",\"width\":512,\"height\":307,\"caption\":\"Siwalu Software GmbH\"},\"image\":{\"@id\":\"https:\/\/siwalusoftware.com\/zh-hans\/#logo\"}},{\"@type\":\"WebSite\",\"@id\":\"https:\/\/siwalusoftware.com\/zh-hans\/#website\",\"url\":\"https:\/\/siwalusoftware.com\/zh-hans\/\",\"name\":\"Siwalu Software\",\"description\":\"AI-based animal recognition\",\"publisher\":{\"@id\":\"https:\/\/siwalusoftware.com\/zh-hans\/#organization\"},\"potentialAction\":[{\"@type\":\"SearchAction\",\"target\":{\"@type\":\"EntryPoint\",\"urlTemplate\":\"https:\/\/siwalusoftware.com\/zh-hans\/?s={search_term_string}\"},\"query-input\":\"required name=search_term_string\"}],\"inLanguage\":\"pl-PL\"},{\"@type\":\"WebPage\",\"@id\":\"https:\/\/siwalusoftware.com\/pl\/horse-scanner\/#webpage\",\"url\":\"https:\/\/siwalusoftware.com\/pl\/horse-scanner\/\",\"name\":\"Horse Scanner - Identyfikacja ras koni na systemach Android i iOS\",\"isPartOf\":{\"@id\":\"https:\/\/siwalusoftware.com\/zh-hans\/#website\"},\"datePublished\":\"2020-01-13T16:06:52+00:00\",\"dateModified\":\"2020-05-20T13:29:14+00:00\",\"description\":\"Widzisz konia, ale nie znasz jego rasy? Po prostu zr\\u00f3b zdj\\u0119cie, a aplikacja Horse Scanner go ustali. Aplikacja obs\\u0142uguje obecnie oko\\u0142o 160 ras koni.\",\"breadcrumb\":{\"@id\":\"https:\/\/siwalusoftware.com\/pl\/horse-scanner\/#breadcrumb\"},\"inLanguage\":\"pl-PL\",\"potentialAction\":[{\"@type\":\"ReadAction\",\"target\":[\"https:\/\/siwalusoftware.com\/pl\/horse-scanner\/\"]}]},{\"@type\":\"BreadcrumbList\",\"@id\":\"https:\/\/siwalusoftware.com\/pl\/horse-scanner\/#breadcrumb\",\"itemListElement\":[{\"@type\":\"ListItem\",\"position\":1,\"name\":\"Home\",\"item\":\"https:\/\/siwalusoftware.com\/pl\/\"},{\"@type\":\"ListItem\",\"position\":2,\"name\":\"Horse Scanner\"}]}]}<\/script>\n<!-- \/ Yoast SEO plugin. -->","yoast_head_json":{"title":"Horse Scanner - Identyfikacja ras koni na systemach Android i iOS","description":"Widzisz konia, ale nie znasz jego rasy? Po prostu zr\u00f3b zdj\u0119cie, a aplikacja Horse Scanner go ustali. Aplikacja obs\u0142uguje obecnie oko\u0142o 160 ras koni.","robots":{"index":"index","follow":"follow","max-snippet":"max-snippet:-1","max-image-preview":"max-image-preview:large","max-video-preview":"max-video-preview:-1"},"canonical":"https:\/\/siwalusoftware.com\/pl\/horse-scanner\/","og_locale":"pl_PL","og_type":"article","og_title":"Horse Scanner - Identyfikacja ras koni na systemach Android i iOS","og_description":"Widzisz konia, ale nie znasz jego rasy? Po prostu zr\u00f3b zdj\u0119cie, a aplikacja Horse Scanner go ustali. Aplikacja obs\u0142uguje obecnie oko\u0142o 160 ras koni.","og_url":"https:\/\/siwalusoftware.com\/pl\/horse-scanner\/","og_site_name":"Siwalu Software","article_publisher":"https:\/\/facebook.com\/DogScannerApp","article_modified_time":"2020-05-20T13:29:14+00:00","twitter_card":"summary_large_image","twitter_site":"@dogscanner_app","twitter_misc":{"Szacowany czas czytania":"4 minuty"},"schema":{"@context":"https:\/\/schema.org","@graph":[{"@type":"Organization","@id":"https:\/\/siwalusoftware.com\/zh-hans\/#organization","name":"Siwalu Software GmbH","url":"https:\/\/siwalusoftware.com\/zh-hans\/","sameAs":["https:\/\/facebook.com\/DogScannerApp","https:\/\/instagram.com\/dogscanner_app","https:\/\/www.linkedin.com\/company\/siwalu\/","https:\/\/www.youtube.com\/channel\/UCexEBJ5uq8Vx0bdgg70Lr8g","https:\/\/twitter.com\/dogscanner_app"],"logo":{"@type":"ImageObject","@id":"https:\/\/siwalusoftware.com\/zh-hans\/#logo","inLanguage":"pl-PL","url":"https:\/\/siwalusoftware.com\/wp-content\/uploads\/2020\/01\/siwalu-logo-negativ-background-e1580133589167.png","contentUrl":"https:\/\/siwalusoftware.com\/wp-content\/uploads\/2020\/01\/siwalu-logo-negativ-background-e1580133589167.png","width":512,"height":307,"caption":"Siwalu Software GmbH"},"image":{"@id":"https:\/\/siwalusoftware.com\/zh-hans\/#logo"}},{"@type":"WebSite","@id":"https:\/\/siwalusoftware.com\/zh-hans\/#website","url":"https:\/\/siwalusoftware.com\/zh-hans\/","name":"Siwalu Software","description":"AI-based animal recognition","publisher":{"@id":"https:\/\/siwalusoftware.com\/zh-hans\/#organization"},"potentialAction":[{"@type":"SearchAction","target":{"@type":"EntryPoint","urlTemplate":"https:\/\/siwalusoftware.com\/zh-hans\/?s={search_term_string}"},"query-input":"required name=search_term_string"}],"inLanguage":"pl-PL"},{"@type":"WebPage","@id":"https:\/\/siwalusoftware.com\/pl\/horse-scanner\/#webpage","url":"https:\/\/siwalusoftware.com\/pl\/horse-scanner\/","name":"Horse Scanner - Identyfikacja ras koni na systemach Android i iOS","isPartOf":{"@id":"https:\/\/siwalusoftware.com\/zh-hans\/#website"},"datePublished":"2020-01-13T16:06:52+00:00","dateModified":"2020-05-20T13:29:14+00:00","description":"Widzisz konia, ale nie znasz jego rasy? Po prostu zr\u00f3b zdj\u0119cie, a aplikacja Horse Scanner go ustali. Aplikacja obs\u0142uguje obecnie oko\u0142o 160 ras koni.","breadcrumb":{"@id":"https:\/\/siwalusoftware.com\/pl\/horse-scanner\/#breadcrumb"},"inLanguage":"pl-PL","potentialAction":[{"@type":"ReadAction","target":["https:\/\/siwalusoftware.com\/pl\/horse-scanner\/"]}]},{"@type":"BreadcrumbList","@id":"https:\/\/siwalusoftware.com\/pl\/horse-scanner\/#breadcrumb","itemListElement":[{"@type":"ListItem","position":1,"name":"Home","item":"https:\/\/siwalusoftware.com\/pl\/"},{"@type":"ListItem","position":2,"name":"Horse Scanner"}]}]}},"_links":{"self":[{"href":"https:\/\/siwalusoftware.com\/pl\/wp-json\/wp\/v2\/pages\/813"}],"collection":[{"href":"https:\/\/siwalusoftware.com\/pl\/wp-json\/wp\/v2\/pages"}],"about":[{"href":"https:\/\/siwalusoftware.com\/pl\/wp-json\/wp\/v2\/types\/page"}],"author":[{"embeddable":true,"href":"https:\/\/siwalusoftware.com\/pl\/wp-json\/wp\/v2\/users\/1"}],"replies":[{"embeddable":true,"href":"https:\/\/siwalusoftware.com\/pl\/wp-json\/wp\/v2\/comments?post=813"}],"version-history":[{"count":5,"href":"https:\/\/siwalusoftware.com\/pl\/wp-json\/wp\/v2\/pages\/813\/revisions"}],"predecessor-version":[{"id":1276,"href":"https:\/\/siwalusoftware.com\/pl\/wp-json\/wp\/v2\/pages\/813\/revisions\/1276"}],"wp:attachment":[{"href":"https:\/\/siwalusoftware.com\/pl\/wp-json\/wp\/v2\/media?parent=813"}],"curies":[{"name":"wp","href":"https:\/\/api.w.org\/{rel}","templated":true}]}}