{"id":627,"date":"2020-02-03T09:59:38","date_gmt":"2020-02-03T08:59:38","guid":{"rendered":"https:\/\/siwalusoftware.com\/business\/api\/"},"modified":"2020-05-17T02:32:29","modified_gmt":"2020-05-17T00:32:29","slug":"api","status":"publish","type":"page","link":"https:\/\/siwalusoftware.com\/pt-pt\/negocios\/api\/","title":{"rendered":"API"},"content":{"rendered":"","protected":false},"excerpt":{"rendered":"","protected":false},"author":1,"featured_media":0,"parent":619,"menu_order":0,"comment_status":"closed","ping_status":"closed","template":"page-templates\/business-api.php","meta":[],"yoast_head":"<!-- This site is optimized with the Yoast SEO plugin v16.9 - https:\/\/yoast.com\/wordpress\/plugins\/seo\/ -->\n<title>Integra\u00e7\u00e3o API da nossa IA de detec\u00e7\u00e3o de ra\u00e7a - Siwalu para Neg\u00f3cios<\/title>\n<meta name=\"description\" content=\"Impulsione os seus pr\u00f3prios produtos para a era da Intelig\u00eancia Artificial. Desenvolvemos uma API que lhe permite identificar ra\u00e7as de animais de estima\u00e7\u00e3o onde quiser.\" \/>\n<meta name=\"robots\" content=\"index, follow, max-snippet:-1, max-image-preview:large, max-video-preview:-1\" \/>\n<link rel=\"canonical\" href=\"https:\/\/siwalusoftware.com\/pt-pt\/negocios\/api\/\" \/>\n<meta property=\"og:locale\" content=\"pt_PT\" \/>\n<meta property=\"og:type\" content=\"article\" \/>\n<meta property=\"og:title\" content=\"Integra\u00e7\u00e3o API da nossa IA de detec\u00e7\u00e3o de ra\u00e7a - Siwalu para Neg\u00f3cios\" \/>\n<meta property=\"og:description\" content=\"Impulsione os seus pr\u00f3prios produtos para a era da Intelig\u00eancia Artificial. Desenvolvemos uma API que lhe permite identificar ra\u00e7as de animais de estima\u00e7\u00e3o onde quiser.\" \/>\n<meta property=\"og:url\" content=\"https:\/\/siwalusoftware.com\/pt-pt\/negocios\/api\/\" \/>\n<meta property=\"og:site_name\" content=\"Siwalu Software\" \/>\n<meta property=\"article:publisher\" content=\"https:\/\/facebook.com\/DogScannerApp\" \/>\n<meta property=\"article:modified_time\" content=\"2020-05-17T00:32:29+00:00\" \/>\n<meta name=\"twitter:card\" content=\"summary_large_image\" \/>\n<meta name=\"twitter:site\" content=\"@dogscanner_app\" \/>\n<script type=\"application\/ld+json\" class=\"yoast-schema-graph\">{\"@context\":\"https:\/\/schema.org\",\"@graph\":[{\"@type\":\"Organization\",\"@id\":\"https:\/\/siwalusoftware.com\/zh-hans\/#organization\",\"name\":\"Siwalu Software GmbH\",\"url\":\"https:\/\/siwalusoftware.com\/zh-hans\/\",\"sameAs\":[\"https:\/\/facebook.com\/DogScannerApp\",\"https:\/\/instagram.com\/dogscanner_app\",\"https:\/\/www.linkedin.com\/company\/siwalu\/\",\"https:\/\/www.youtube.com\/channel\/UCexEBJ5uq8Vx0bdgg70Lr8g\",\"https:\/\/twitter.com\/dogscanner_app\"],\"logo\":{\"@type\":\"ImageObject\",\"@id\":\"https:\/\/siwalusoftware.com\/zh-hans\/#logo\",\"inLanguage\":\"pt-PT\",\"url\":\"https:\/\/siwalusoftware.com\/wp-content\/uploads\/2020\/01\/siwalu-logo-negativ-background-e1580133589167.png\",\"contentUrl\":\"https:\/\/siwalusoftware.com\/wp-content\/uploads\/2020\/01\/siwalu-logo-negativ-background-e1580133589167.png\",\"width\":512,\"height\":307,\"caption\":\"Siwalu Software GmbH\"},\"image\":{\"@id\":\"https:\/\/siwalusoftware.com\/zh-hans\/#logo\"}},{\"@type\":\"WebSite\",\"@id\":\"https:\/\/siwalusoftware.com\/zh-hans\/#website\",\"url\":\"https:\/\/siwalusoftware.com\/zh-hans\/\",\"name\":\"Siwalu Software\",\"description\":\"AI-based animal recognition\",\"publisher\":{\"@id\":\"https:\/\/siwalusoftware.com\/zh-hans\/#organization\"},\"potentialAction\":[{\"@type\":\"SearchAction\",\"target\":{\"@type\":\"EntryPoint\",\"urlTemplate\":\"https:\/\/siwalusoftware.com\/zh-hans\/?s={search_term_string}\"},\"query-input\":\"required name=search_term_string\"}],\"inLanguage\":\"pt-PT\"},{\"@type\":\"WebPage\",\"@id\":\"https:\/\/siwalusoftware.com\/pt-pt\/negocios\/api\/#webpage\",\"url\":\"https:\/\/siwalusoftware.com\/pt-pt\/negocios\/api\/\",\"name\":\"Integra\\u00e7\\u00e3o API da nossa IA de detec\\u00e7\\u00e3o de ra\\u00e7a - Siwalu para Neg\\u00f3cios\",\"isPartOf\":{\"@id\":\"https:\/\/siwalusoftware.com\/zh-hans\/#website\"},\"datePublished\":\"2020-02-03T08:59:38+00:00\",\"dateModified\":\"2020-05-17T00:32:29+00:00\",\"description\":\"Impulsione os seus pr\\u00f3prios produtos para a era da Intelig\\u00eancia Artificial. Desenvolvemos uma API que lhe permite identificar ra\\u00e7as de animais de estima\\u00e7\\u00e3o onde quiser.\",\"breadcrumb\":{\"@id\":\"https:\/\/siwalusoftware.com\/pt-pt\/negocios\/api\/#breadcrumb\"},\"inLanguage\":\"pt-PT\",\"potentialAction\":[{\"@type\":\"ReadAction\",\"target\":[\"https:\/\/siwalusoftware.com\/pt-pt\/negocios\/api\/\"]}]},{\"@type\":\"BreadcrumbList\",\"@id\":\"https:\/\/siwalusoftware.com\/pt-pt\/negocios\/api\/#breadcrumb\",\"itemListElement\":[{\"@type\":\"ListItem\",\"position\":1,\"name\":\"Home\",\"item\":\"https:\/\/siwalusoftware.com\/pt-pt\/\"},{\"@type\":\"ListItem\",\"position\":2,\"name\":\"Neg\\u00f3cios\",\"item\":\"https:\/\/siwalusoftware.com\/pt-pt\/negocios\/\"},{\"@type\":\"ListItem\",\"position\":3,\"name\":\"API\"}]}]}<\/script>\n<!-- \/ Yoast SEO plugin. -->","yoast_head_json":{"title":"Integra\u00e7\u00e3o API da nossa IA de detec\u00e7\u00e3o de ra\u00e7a - Siwalu para Neg\u00f3cios","description":"Impulsione os seus pr\u00f3prios produtos para a era da Intelig\u00eancia Artificial. Desenvolvemos uma API que lhe permite identificar ra\u00e7as de animais de estima\u00e7\u00e3o onde quiser.","robots":{"index":"index","follow":"follow","max-snippet":"max-snippet:-1","max-image-preview":"max-image-preview:large","max-video-preview":"max-video-preview:-1"},"canonical":"https:\/\/siwalusoftware.com\/pt-pt\/negocios\/api\/","og_locale":"pt_PT","og_type":"article","og_title":"Integra\u00e7\u00e3o API da nossa IA de detec\u00e7\u00e3o de ra\u00e7a - Siwalu para Neg\u00f3cios","og_description":"Impulsione os seus pr\u00f3prios produtos para a era da Intelig\u00eancia Artificial. Desenvolvemos uma API que lhe permite identificar ra\u00e7as de animais de estima\u00e7\u00e3o onde quiser.","og_url":"https:\/\/siwalusoftware.com\/pt-pt\/negocios\/api\/","og_site_name":"Siwalu Software","article_publisher":"https:\/\/facebook.com\/DogScannerApp","article_modified_time":"2020-05-17T00:32:29+00:00","twitter_card":"summary_large_image","twitter_site":"@dogscanner_app","schema":{"@context":"https:\/\/schema.org","@graph":[{"@type":"Organization","@id":"https:\/\/siwalusoftware.com\/zh-hans\/#organization","name":"Siwalu Software GmbH","url":"https:\/\/siwalusoftware.com\/zh-hans\/","sameAs":["https:\/\/facebook.com\/DogScannerApp","https:\/\/instagram.com\/dogscanner_app","https:\/\/www.linkedin.com\/company\/siwalu\/","https:\/\/www.youtube.com\/channel\/UCexEBJ5uq8Vx0bdgg70Lr8g","https:\/\/twitter.com\/dogscanner_app"],"logo":{"@type":"ImageObject","@id":"https:\/\/siwalusoftware.com\/zh-hans\/#logo","inLanguage":"pt-PT","url":"https:\/\/siwalusoftware.com\/wp-content\/uploads\/2020\/01\/siwalu-logo-negativ-background-e1580133589167.png","contentUrl":"https:\/\/siwalusoftware.com\/wp-content\/uploads\/2020\/01\/siwalu-logo-negativ-background-e1580133589167.png","width":512,"height":307,"caption":"Siwalu Software GmbH"},"image":{"@id":"https:\/\/siwalusoftware.com\/zh-hans\/#logo"}},{"@type":"WebSite","@id":"https:\/\/siwalusoftware.com\/zh-hans\/#website","url":"https:\/\/siwalusoftware.com\/zh-hans\/","name":"Siwalu Software","description":"AI-based animal recognition","publisher":{"@id":"https:\/\/siwalusoftware.com\/zh-hans\/#organization"},"potentialAction":[{"@type":"SearchAction","target":{"@type":"EntryPoint","urlTemplate":"https:\/\/siwalusoftware.com\/zh-hans\/?s={search_term_string}"},"query-input":"required name=search_term_string"}],"inLanguage":"pt-PT"},{"@type":"WebPage","@id":"https:\/\/siwalusoftware.com\/pt-pt\/negocios\/api\/#webpage","url":"https:\/\/siwalusoftware.com\/pt-pt\/negocios\/api\/","name":"Integra\u00e7\u00e3o API da nossa IA de detec\u00e7\u00e3o de ra\u00e7a - Siwalu para Neg\u00f3cios","isPartOf":{"@id":"https:\/\/siwalusoftware.com\/zh-hans\/#website"},"datePublished":"2020-02-03T08:59:38+00:00","dateModified":"2020-05-17T00:32:29+00:00","description":"Impulsione os seus pr\u00f3prios produtos para a era da Intelig\u00eancia Artificial. Desenvolvemos uma API que lhe permite identificar ra\u00e7as de animais de estima\u00e7\u00e3o onde quiser.","breadcrumb":{"@id":"https:\/\/siwalusoftware.com\/pt-pt\/negocios\/api\/#breadcrumb"},"inLanguage":"pt-PT","potentialAction":[{"@type":"ReadAction","target":["https:\/\/siwalusoftware.com\/pt-pt\/negocios\/api\/"]}]},{"@type":"BreadcrumbList","@id":"https:\/\/siwalusoftware.com\/pt-pt\/negocios\/api\/#breadcrumb","itemListElement":[{"@type":"ListItem","position":1,"name":"Home","item":"https:\/\/siwalusoftware.com\/pt-pt\/"},{"@type":"ListItem","position":2,"name":"Neg\u00f3cios","item":"https:\/\/siwalusoftware.com\/pt-pt\/negocios\/"},{"@type":"ListItem","position":3,"name":"API"}]}]}},"_links":{"self":[{"href":"https:\/\/siwalusoftware.com\/pt-pt\/wp-json\/wp\/v2\/pages\/627"}],"collection":[{"href":"https:\/\/siwalusoftware.com\/pt-pt\/wp-json\/wp\/v2\/pages"}],"about":[{"href":"https:\/\/siwalusoftware.com\/pt-pt\/wp-json\/wp\/v2\/types\/page"}],"author":[{"embeddable":true,"href":"https:\/\/siwalusoftware.com\/pt-pt\/wp-json\/wp\/v2\/users\/1"}],"replies":[{"embeddable":true,"href":"https:\/\/siwalusoftware.com\/pt-pt\/wp-json\/wp\/v2\/comments?post=627"}],"version-history":[{"count":1,"href":"https:\/\/siwalusoftware.com\/pt-pt\/wp-json\/wp\/v2\/pages\/627\/revisions"}],"predecessor-version":[{"id":1039,"href":"https:\/\/siwalusoftware.com\/pt-pt\/wp-json\/wp\/v2\/pages\/627\/revisions\/1039"}],"up":[{"embeddable":true,"href":"https:\/\/siwalusoftware.com\/pt-pt\/wp-json\/wp\/v2\/pages\/619"}],"wp:attachment":[{"href":"https:\/\/siwalusoftware.com\/pt-pt\/wp-json\/wp\/v2\/media?parent=627"}],"curies":[{"name":"wp","href":"https:\/\/api.w.org\/{rel}","templated":true}]}}