{"id":641,"date":"2020-01-13T15:39:52","date_gmt":"2020-01-13T14:39:52","guid":{"rendered":"https:\/\/siwalusoftware.com\/home\/"},"modified":"2020-05-18T13:21:42","modified_gmt":"2020-05-18T11:21:42","slug":"home","status":"publish","type":"page","link":"https:\/\/siwalusoftware.com\/pt-pt\/","title":{"rendered":"Home"},"content":{"rendered":"","protected":false},"excerpt":{"rendered":"","protected":false},"author":1,"featured_media":0,"parent":0,"menu_order":0,"comment_status":"closed","ping_status":"closed","template":"","meta":[],"yoast_head":"<!-- This site is optimized with the Yoast SEO plugin v16.9 - https:\/\/yoast.com\/wordpress\/plugins\/seo\/ -->\n<title>Siwalu - Identifica\u00e7\u00e3o animal baseada na gripe avi\u00e1ria<\/title>\n<meta name=\"description\" content=\"Siwalu desenvolve o reconhecimento de imagem baseado na IA. As nossas aplica\u00e7\u00f5es s\u00e3o uma solu\u00e7\u00e3o m\u00f3vel inteligente para compreender melhor os animais e para aprender sobre a diversidade da natureza.\" \/>\n<meta name=\"robots\" content=\"index, follow, max-snippet:-1, max-image-preview:large, max-video-preview:-1\" \/>\n<link rel=\"canonical\" href=\"https:\/\/siwalusoftware.com\/pt-pt\/\" \/>\n<meta property=\"og:locale\" content=\"pt_PT\" \/>\n<meta property=\"og:type\" content=\"article\" \/>\n<meta property=\"og:title\" content=\"Siwalu - Identifica\u00e7\u00e3o animal baseada na gripe avi\u00e1ria\" \/>\n<meta property=\"og:description\" content=\"Siwalu desenvolve o reconhecimento de imagem baseado na IA. As nossas aplica\u00e7\u00f5es s\u00e3o uma solu\u00e7\u00e3o m\u00f3vel inteligente para compreender melhor os animais e para aprender sobre a diversidade da natureza.\" \/>\n<meta property=\"og:url\" content=\"https:\/\/siwalusoftware.com\/pt-pt\/\" \/>\n<meta property=\"og:site_name\" content=\"Siwalu Software\" \/>\n<meta property=\"article:publisher\" content=\"https:\/\/facebook.com\/DogScannerApp\" \/>\n<meta property=\"article:modified_time\" content=\"2020-05-18T11:21:42+00:00\" \/>\n<meta name=\"twitter:card\" content=\"summary_large_image\" \/>\n<meta name=\"twitter:site\" content=\"@dogscanner_app\" \/>\n<script type=\"application\/ld+json\" class=\"yoast-schema-graph\">{\"@context\":\"https:\/\/schema.org\",\"@graph\":[{\"@type\":\"Organization\",\"@id\":\"https:\/\/siwalusoftware.com\/zh-hans\/#organization\",\"name\":\"Siwalu Software GmbH\",\"url\":\"https:\/\/siwalusoftware.com\/zh-hans\/\",\"sameAs\":[\"https:\/\/facebook.com\/DogScannerApp\",\"https:\/\/instagram.com\/dogscanner_app\",\"https:\/\/www.linkedin.com\/company\/siwalu\/\",\"https:\/\/www.youtube.com\/channel\/UCexEBJ5uq8Vx0bdgg70Lr8g\",\"https:\/\/twitter.com\/dogscanner_app\"],\"logo\":{\"@type\":\"ImageObject\",\"@id\":\"https:\/\/siwalusoftware.com\/zh-hans\/#logo\",\"inLanguage\":\"pt-PT\",\"url\":\"https:\/\/siwalusoftware.com\/wp-content\/uploads\/2020\/01\/siwalu-logo-negativ-background-e1580133589167.png\",\"contentUrl\":\"https:\/\/siwalusoftware.com\/wp-content\/uploads\/2020\/01\/siwalu-logo-negativ-background-e1580133589167.png\",\"width\":512,\"height\":307,\"caption\":\"Siwalu Software GmbH\"},\"image\":{\"@id\":\"https:\/\/siwalusoftware.com\/zh-hans\/#logo\"}},{\"@type\":\"WebSite\",\"@id\":\"https:\/\/siwalusoftware.com\/zh-hans\/#website\",\"url\":\"https:\/\/siwalusoftware.com\/zh-hans\/\",\"name\":\"Siwalu Software\",\"description\":\"AI-based animal recognition\",\"publisher\":{\"@id\":\"https:\/\/siwalusoftware.com\/zh-hans\/#organization\"},\"potentialAction\":[{\"@type\":\"SearchAction\",\"target\":{\"@type\":\"EntryPoint\",\"urlTemplate\":\"https:\/\/siwalusoftware.com\/zh-hans\/?s={search_term_string}\"},\"query-input\":\"required name=search_term_string\"}],\"inLanguage\":\"pt-PT\"},{\"@type\":\"WebPage\",\"@id\":\"https:\/\/siwalusoftware.com\/pt-pt\/#webpage\",\"url\":\"https:\/\/siwalusoftware.com\/pt-pt\/\",\"name\":\"Siwalu - Identifica\\u00e7\\u00e3o animal baseada na gripe avi\\u00e1ria\",\"isPartOf\":{\"@id\":\"https:\/\/siwalusoftware.com\/zh-hans\/#website\"},\"datePublished\":\"2020-01-13T14:39:52+00:00\",\"dateModified\":\"2020-05-18T11:21:42+00:00\",\"description\":\"Siwalu desenvolve o reconhecimento de imagem baseado na IA. As nossas aplica\\u00e7\\u00f5es s\\u00e3o uma solu\\u00e7\\u00e3o m\\u00f3vel inteligente para compreender melhor os animais e para aprender sobre a diversidade da natureza.\",\"breadcrumb\":{\"@id\":\"https:\/\/siwalusoftware.com\/pt-pt\/#breadcrumb\"},\"inLanguage\":\"pt-PT\",\"potentialAction\":[{\"@type\":\"ReadAction\",\"target\":[\"https:\/\/siwalusoftware.com\/pt-pt\/\"]}]},{\"@type\":\"BreadcrumbList\",\"@id\":\"https:\/\/siwalusoftware.com\/pt-pt\/#breadcrumb\",\"itemListElement\":[{\"@type\":\"ListItem\",\"position\":1,\"name\":\"Home\",\"item\":\"https:\/\/siwalusoftware.com\/pt-pt\/\"},{\"@type\":\"ListItem\",\"position\":2,\"name\":\"Home\"}]}]}<\/script>\n<!-- \/ Yoast SEO plugin. -->","yoast_head_json":{"title":"Siwalu - Identifica\u00e7\u00e3o animal baseada na gripe avi\u00e1ria","description":"Siwalu desenvolve o reconhecimento de imagem baseado na IA. As nossas aplica\u00e7\u00f5es s\u00e3o uma solu\u00e7\u00e3o m\u00f3vel inteligente para compreender melhor os animais e para aprender sobre a diversidade da natureza.","robots":{"index":"index","follow":"follow","max-snippet":"max-snippet:-1","max-image-preview":"max-image-preview:large","max-video-preview":"max-video-preview:-1"},"canonical":"https:\/\/siwalusoftware.com\/pt-pt\/","og_locale":"pt_PT","og_type":"article","og_title":"Siwalu - Identifica\u00e7\u00e3o animal baseada na gripe avi\u00e1ria","og_description":"Siwalu desenvolve o reconhecimento de imagem baseado na IA. As nossas aplica\u00e7\u00f5es s\u00e3o uma solu\u00e7\u00e3o m\u00f3vel inteligente para compreender melhor os animais e para aprender sobre a diversidade da natureza.","og_url":"https:\/\/siwalusoftware.com\/pt-pt\/","og_site_name":"Siwalu Software","article_publisher":"https:\/\/facebook.com\/DogScannerApp","article_modified_time":"2020-05-18T11:21:42+00:00","twitter_card":"summary_large_image","twitter_site":"@dogscanner_app","schema":{"@context":"https:\/\/schema.org","@graph":[{"@type":"Organization","@id":"https:\/\/siwalusoftware.com\/zh-hans\/#organization","name":"Siwalu Software GmbH","url":"https:\/\/siwalusoftware.com\/zh-hans\/","sameAs":["https:\/\/facebook.com\/DogScannerApp","https:\/\/instagram.com\/dogscanner_app","https:\/\/www.linkedin.com\/company\/siwalu\/","https:\/\/www.youtube.com\/channel\/UCexEBJ5uq8Vx0bdgg70Lr8g","https:\/\/twitter.com\/dogscanner_app"],"logo":{"@type":"ImageObject","@id":"https:\/\/siwalusoftware.com\/zh-hans\/#logo","inLanguage":"pt-PT","url":"https:\/\/siwalusoftware.com\/wp-content\/uploads\/2020\/01\/siwalu-logo-negativ-background-e1580133589167.png","contentUrl":"https:\/\/siwalusoftware.com\/wp-content\/uploads\/2020\/01\/siwalu-logo-negativ-background-e1580133589167.png","width":512,"height":307,"caption":"Siwalu Software GmbH"},"image":{"@id":"https:\/\/siwalusoftware.com\/zh-hans\/#logo"}},{"@type":"WebSite","@id":"https:\/\/siwalusoftware.com\/zh-hans\/#website","url":"https:\/\/siwalusoftware.com\/zh-hans\/","name":"Siwalu Software","description":"AI-based animal recognition","publisher":{"@id":"https:\/\/siwalusoftware.com\/zh-hans\/#organization"},"potentialAction":[{"@type":"SearchAction","target":{"@type":"EntryPoint","urlTemplate":"https:\/\/siwalusoftware.com\/zh-hans\/?s={search_term_string}"},"query-input":"required name=search_term_string"}],"inLanguage":"pt-PT"},{"@type":"WebPage","@id":"https:\/\/siwalusoftware.com\/pt-pt\/#webpage","url":"https:\/\/siwalusoftware.com\/pt-pt\/","name":"Siwalu - Identifica\u00e7\u00e3o animal baseada na gripe avi\u00e1ria","isPartOf":{"@id":"https:\/\/siwalusoftware.com\/zh-hans\/#website"},"datePublished":"2020-01-13T14:39:52+00:00","dateModified":"2020-05-18T11:21:42+00:00","description":"Siwalu desenvolve o reconhecimento de imagem baseado na IA. As nossas aplica\u00e7\u00f5es s\u00e3o uma solu\u00e7\u00e3o m\u00f3vel inteligente para compreender melhor os animais e para aprender sobre a diversidade da natureza.","breadcrumb":{"@id":"https:\/\/siwalusoftware.com\/pt-pt\/#breadcrumb"},"inLanguage":"pt-PT","potentialAction":[{"@type":"ReadAction","target":["https:\/\/siwalusoftware.com\/pt-pt\/"]}]},{"@type":"BreadcrumbList","@id":"https:\/\/siwalusoftware.com\/pt-pt\/#breadcrumb","itemListElement":[{"@type":"ListItem","position":1,"name":"Home","item":"https:\/\/siwalusoftware.com\/pt-pt\/"},{"@type":"ListItem","position":2,"name":"Home"}]}]}},"_links":{"self":[{"href":"https:\/\/siwalusoftware.com\/pt-pt\/wp-json\/wp\/v2\/pages\/641"}],"collection":[{"href":"https:\/\/siwalusoftware.com\/pt-pt\/wp-json\/wp\/v2\/pages"}],"about":[{"href":"https:\/\/siwalusoftware.com\/pt-pt\/wp-json\/wp\/v2\/types\/page"}],"author":[{"embeddable":true,"href":"https:\/\/siwalusoftware.com\/pt-pt\/wp-json\/wp\/v2\/users\/1"}],"replies":[{"embeddable":true,"href":"https:\/\/siwalusoftware.com\/pt-pt\/wp-json\/wp\/v2\/comments?post=641"}],"version-history":[{"count":1,"href":"https:\/\/siwalusoftware.com\/pt-pt\/wp-json\/wp\/v2\/pages\/641\/revisions"}],"predecessor-version":[{"id":1068,"href":"https:\/\/siwalusoftware.com\/pt-pt\/wp-json\/wp\/v2\/pages\/641\/revisions\/1068"}],"wp:attachment":[{"href":"https:\/\/siwalusoftware.com\/pt-pt\/wp-json\/wp\/v2\/media?parent=641"}],"curies":[{"name":"wp","href":"https:\/\/api.w.org\/{rel}","templated":true}]}}