{"id":653,"date":"2020-01-13T17:06:52","date_gmt":"2020-01-13T16:06:52","guid":{"rendered":"https:\/\/siwalusoftware.com\/horse-scanner\/"},"modified":"2020-05-20T15:29:12","modified_gmt":"2020-05-20T13:29:12","slug":"horse-scanner","status":"publish","type":"page","link":"https:\/\/siwalusoftware.com\/pt-pt\/horse-scanner\/","title":{"rendered":"Horse Scanner"},"content":{"rendered":"\n<h3>Ver um cavalo, mas n\u00e3o conhecer a sua ra\u00e7a?<\/h3>\n\n\n\n<p>Basta tirar uma r\u00e1pida fotografia ou v\u00eddeo do cavalo &#8211; com a sua aplica\u00e7\u00e3o Horse Scanner pode identificar a ra\u00e7a de um cavalo de forma fi\u00e1vel em apenas alguns segundos! A nossa c\u00e2mara integrada com Pinch To Zoom e Tap to Focus faz da identifica\u00e7\u00e3o das ra\u00e7as de cavalos um passeio no parque!<br><br>Naturalmente, a aplica\u00e7\u00e3o Horse Scanner tamb\u00e9m suporta o carregamento de imagens da sua galeria.<\/p>\n\n\n\n<h3>Tantas ra\u00e7as de cavalos na aplica\u00e7\u00e3o Horse Scanner!<\/h3>\n\n\n\n<p>A aplica\u00e7\u00e3o Horse Scanner identifica actualmente cerca de 160 ra\u00e7as diferentes de cavalos. A nossa <u><a href=\"https:\/\/siwalusoftware.com\/pt-pt\/horse-scanner\/horse-breeds\/\" target=\"_blank\" rel=\"noreferrer noopener\" aria-label=\"base de dados (opens in a new tab)\">base de dados<\/a><\/u> inclui todas as ra\u00e7as comuns, bem como muitas outras ra\u00e7as populares de cavalos nacionais e internacionais.<br><br>A prop\u00f3sito, a nossa ampla base de dados com informa\u00e7\u00f5es e imagens de todas as ra\u00e7as de cavalos suportadas (incluindo as n\u00e3o oficiais) tamb\u00e9m pode ser acessada completamente sem scanner!<\/p>\n\n\n\n<h3>N\u00e3o h\u00e1 cavalos por perto?<\/h3>\n\n\n\n<p>N\u00e3o importa! Basta fazer um scan a si pr\u00f3prio, aos seus amigos, \u00e0 sua fam\u00edlia ou \u00e0s pessoas \u00e0 sua volta e descobrir quais os cavalos que mais se assemelham a si!<br><br>Pode parecer um pouco estranho, mas funciona mesmo: a aplica\u00e7\u00e3o Horse Scanner tamb\u00e9m reconhece os humanos. Basta pegar numa fotografia r\u00e1pida e descobrir que ra\u00e7a de cavalos voc\u00ea \u00e9!<\/p>\n\n\n\n<h3>Fa\u00e7a parte da nossa comunidade Horse Scanner! <\/h3>\n\n\n\n<p>Partilhe os seus resultados e compare-os com os resultados da comunidade! Carregue fotos do seu cavalo favorito para a nossa Alimenta\u00e7\u00e3o Social e partilhe-as com outros amantes de cavalos! D\u00ea uma olhada nos perfis e fotos de outros usu\u00e1rios, goste e comente os posts da comunidade e filtre-os por data ou popularidade!<br><br>Al\u00e9m disso, pode partilhar facilmente as suas mensagens com os seus amigos enviando simplesmente uma fotografia directamente da aplica\u00e7\u00e3o Horse Scanner.<\/p>\n\n\n\n<h3>Apanhe todas as ra\u00e7as de cavalos e torne-se um especialista!<\/h3>\n\n\n\n<p>Apanhar todas as ra\u00e7as de cavalos tal como no Pok\u00e9mon Go. Escaneie pelo menos um cavalo de cada ra\u00e7a, domine os desafios, ganhe guloseimas virtuais e torne-se um verdadeiro especialista em cavalos!<br><br>Compita com os seus amigos ou utilizadores da comunidade e suba para o topo da nossa lista de classifica\u00e7\u00e3o!<\/p>\n\n\n\n<h3>D\u00ea-nos o seu feedback sobre a aplica\u00e7\u00e3o Horse Scanner!<\/h3>\n\n\n\n<p>Diga-nos se a ra\u00e7a do cavalo foi correctamente identificada. Caso contr\u00e1rio, receber\u00e1 dicas \u00fateis para melhorar os seus pr\u00f3prios resultados. Se tamb\u00e9m indicar que ra\u00e7a de cavalo est\u00e1 na imagem, ajude-nos a melhorar o nosso software, uma vez que a aplica\u00e7\u00e3o aprende automaticamente como fornecer resultados ainda mais precisos.<br><br>Sugira ou vote a favor das ra\u00e7as de cavalos (n\u00e3o oficiais) que pretende que acrescentemos \u00e0 aplica\u00e7\u00e3o no futuro!<\/p>\n\n\n\n<h3>Obtenha a sua actualiza\u00e7\u00e3o premium!<\/h3>\n\n\n\n<p>Com a nossa vers\u00e3o premium, o aplicativo n\u00e3o exibir\u00e1 mais an\u00fancios e seus resultados estar\u00e3o dispon\u00edveis mais rapidamente. Al\u00e9m disso, agora voc\u00ea pode escolher se as suas ra\u00e7as de cavalos devem ser reconhecidas bastante rapidamente ou com maior precis\u00e3o. Com a vers\u00e3o premium, o scan de cavalos tamb\u00e9m \u00e9 poss\u00edvel no modo offline, pelo que j\u00e1 n\u00e3o necessita de uma liga\u00e7\u00e3o activa \u00e0 internet para identificar as suas ra\u00e7as. Com a compra opcional da nossa vers\u00e3o premium, voc\u00ea tamb\u00e9m ajudar\u00e1 a suportar esta aplica\u00e7\u00e3o.<\/p>\n\n\n\n<h3>Encontre-nos nas redes sociais!<\/h3>\n\n\n\n<p>Nos nossos canais de social media disponibilizamos-lhe as mais belas imagens de cavalos da comunidade. Encontrar\u00e1 tamb\u00e9m muitos factos interessantes sobre o seu animal favorito. Al\u00e9m disso, iremos mant\u00ea-lo actualizado sobre todas as novas funcionalidades adicionadas \u00e0 aplica\u00e7\u00e3o Horse Scanner no futuro.  <br><br>* <u><a rel=\"noreferrer noopener\" aria-label=\"Instagram (opens in a new tab)\" href=\"https:\/\/www.instagram.com\/horsescanner_app\" target=\"_blank\">Instagram<\/a><\/u><br>* <u><a rel=\"noreferrer noopener\" aria-label=\"Facebook (opens in a new tab)\" href=\"https:\/\/www.facebook.com\/HorseScannerApp\" target=\"_blank\">Facebook<\/a><\/u> <br>* <u><a rel=\"noreferrer noopener\" aria-label=\"Twitter (opens in a new tab)\" href=\"https:\/\/twitter.com\/HorseScannerApp\" target=\"_blank\">Twitter<\/a><\/u><\/p>\n\n\n\n<h3>Experimente!<\/h3>\n\n\n\n<p>Descarregue gratuitamente a aplica\u00e7\u00e3o Horse Scanner. Encontre-a no <u><a href=\"https:\/\/play.google.com\/store\/apps\/details?id=com.siwalusoftware.horsescanner&amp;referrer=utm_source%3Dsiwalusoftware.com\" target=\"_blank\" rel=\"noreferrer noopener\" aria-label=\"Google Play (opens in a new tab)\">Google Play<\/a><\/u> para dispositivos Android ou na <u><a href=\"https:\/\/itunes.apple.com\/app\/apple-store\/id1483790768?pt=119468156&amp;ct=siwalusoftware.com&amp;mt=8\" target=\"_blank\" rel=\"noreferrer noopener\" aria-label=\"Apple App Store (opens in a new tab)\">Apple App Store<\/a><\/u> se estiver a usar um iPhone ou iPad! Apesar do pequeno tamanho da aplica\u00e7\u00e3o, voc\u00ea ter\u00e1 todas as funcionalidades e poder\u00e1 identificar a ra\u00e7a de um cavalo ou ter acesso \u00e0 nossa extensa base de dados a qualquer momento!<br><br>Alguma vez viu um cavalo e se perguntou que tipo de cavalo \u00e9? Talvez at\u00e9 conhe\u00e7a a ra\u00e7a, mas n\u00e3o se consegue lembrar do seu nome? Ou tem o seu pr\u00f3prio cavalo cuja ra\u00e7a ainda n\u00e3o conhece?<br><br>A aplica\u00e7\u00e3o Horse Scanner pode ajud\u00e1-lo a responder a todas estas perguntas! Basta digitalizar o cavalo com a aplica\u00e7\u00e3o e a ra\u00e7a do cavalo ser\u00e1 determinada automaticamente dentro de alguns segundos!<\/p>\n\n\n\n<h3>Ren\u00fancia de responsabilidade:<\/h3>\n\n\n\n<p>Esta aplica\u00e7\u00e3o n\u00e3o pode transformar o seu smartphone numa nave espacial louca, podendo extrair o sangue do seu cavalo com um laser m\u00e1gico. A aplica\u00e7\u00e3o d\u00e1 previs\u00f5es educadas com base no que v\u00ea. Em m\u00e9dia, essas previs\u00f5es s\u00e3o bastante precisas. No entanto, \u00e9 \u00f3bvio que o resultado s\u00f3 pode ser t\u00e3o bom como a imagem\/v\u00eddeo que voc\u00ea fornece \u00e0 aplica\u00e7\u00e3o. Al\u00e9m disso, \u00e9 imposs\u00edvel detectar correctamente cada um dos cavalos. As pessoas tendem a levar isso a peito, se o seu pr\u00f3prio cavalo amado n\u00e3o for correctamente previsto. Se voc\u00ea der uma chance \u00e0 aplica\u00e7\u00e3o em primeiro lugar, voc\u00ea ver\u00e1 que seu desempenho geral \u00e9 bastante decente. Em vez de ter de pagar muito dinheiro por um teste de ADN, est\u00e1 a receber esta aplica\u00e7\u00e3o de gra\u00e7a. Aproveite!<\/p>\n","protected":false},"excerpt":{"rendered":"<p>Ver um cavalo, mas n\u00e3o conhecer a sua ra\u00e7a? Basta tirar uma r\u00e1pida fotografia ou v\u00eddeo do cavalo &#8211; com a sua aplica\u00e7\u00e3o Horse Scanner [&hellip;]<\/p>\n","protected":false},"author":1,"featured_media":0,"parent":0,"menu_order":0,"comment_status":"closed","ping_status":"closed","template":"page-templates\/app-flavor-main-page.php","meta":[],"yoast_head":"<!-- This site is optimized with the Yoast SEO plugin v16.9 - https:\/\/yoast.com\/wordpress\/plugins\/seo\/ -->\n<title>Horse Scanner - Identifica\u00e7\u00e3o da Ra\u00e7a do Cavalo no Android e iOS<\/title>\n<meta name=\"description\" content=\"Ver um cavalo, mas n\u00e3o conhecer a sua ra\u00e7a? Basta tirar uma fotografia e o aplicativo Horse Scanner ir\u00e1 determin\u00e1-lo. A aplica\u00e7\u00e3o suporta actualmente cerca de 160 ra\u00e7as de cavalos.\" \/>\n<meta name=\"robots\" content=\"index, follow, max-snippet:-1, max-image-preview:large, max-video-preview:-1\" \/>\n<link rel=\"canonical\" href=\"https:\/\/siwalusoftware.com\/pt-pt\/horse-scanner\/\" \/>\n<meta property=\"og:locale\" content=\"pt_PT\" \/>\n<meta property=\"og:type\" content=\"article\" \/>\n<meta property=\"og:title\" content=\"Horse Scanner - Identifica\u00e7\u00e3o da Ra\u00e7a do Cavalo no Android e iOS\" \/>\n<meta property=\"og:description\" content=\"Ver um cavalo, mas n\u00e3o conhecer a sua ra\u00e7a? Basta tirar uma fotografia e o aplicativo Horse Scanner ir\u00e1 determin\u00e1-lo. A aplica\u00e7\u00e3o suporta actualmente cerca de 160 ra\u00e7as de cavalos.\" \/>\n<meta property=\"og:url\" content=\"https:\/\/siwalusoftware.com\/pt-pt\/horse-scanner\/\" \/>\n<meta property=\"og:site_name\" content=\"Siwalu Software\" \/>\n<meta property=\"article:publisher\" content=\"https:\/\/facebook.com\/DogScannerApp\" \/>\n<meta property=\"article:modified_time\" content=\"2020-05-20T13:29:12+00:00\" \/>\n<meta name=\"twitter:card\" content=\"summary_large_image\" \/>\n<meta name=\"twitter:site\" content=\"@dogscanner_app\" \/>\n<meta name=\"twitter:label1\" content=\"Tempo estimado de leitura\" \/>\n\t<meta name=\"twitter:data1\" content=\"5 minutos\" \/>\n<script type=\"application\/ld+json\" class=\"yoast-schema-graph\">{\"@context\":\"https:\/\/schema.org\",\"@graph\":[{\"@type\":\"Organization\",\"@id\":\"https:\/\/siwalusoftware.com\/zh-hans\/#organization\",\"name\":\"Siwalu Software GmbH\",\"url\":\"https:\/\/siwalusoftware.com\/zh-hans\/\",\"sameAs\":[\"https:\/\/facebook.com\/DogScannerApp\",\"https:\/\/instagram.com\/dogscanner_app\",\"https:\/\/www.linkedin.com\/company\/siwalu\/\",\"https:\/\/www.youtube.com\/channel\/UCexEBJ5uq8Vx0bdgg70Lr8g\",\"https:\/\/twitter.com\/dogscanner_app\"],\"logo\":{\"@type\":\"ImageObject\",\"@id\":\"https:\/\/siwalusoftware.com\/zh-hans\/#logo\",\"inLanguage\":\"pt-PT\",\"url\":\"https:\/\/siwalusoftware.com\/wp-content\/uploads\/2020\/01\/siwalu-logo-negativ-background-e1580133589167.png\",\"contentUrl\":\"https:\/\/siwalusoftware.com\/wp-content\/uploads\/2020\/01\/siwalu-logo-negativ-background-e1580133589167.png\",\"width\":512,\"height\":307,\"caption\":\"Siwalu Software GmbH\"},\"image\":{\"@id\":\"https:\/\/siwalusoftware.com\/zh-hans\/#logo\"}},{\"@type\":\"WebSite\",\"@id\":\"https:\/\/siwalusoftware.com\/zh-hans\/#website\",\"url\":\"https:\/\/siwalusoftware.com\/zh-hans\/\",\"name\":\"Siwalu Software\",\"description\":\"AI-based animal recognition\",\"publisher\":{\"@id\":\"https:\/\/siwalusoftware.com\/zh-hans\/#organization\"},\"potentialAction\":[{\"@type\":\"SearchAction\",\"target\":{\"@type\":\"EntryPoint\",\"urlTemplate\":\"https:\/\/siwalusoftware.com\/zh-hans\/?s={search_term_string}\"},\"query-input\":\"required name=search_term_string\"}],\"inLanguage\":\"pt-PT\"},{\"@type\":\"WebPage\",\"@id\":\"https:\/\/siwalusoftware.com\/pt-pt\/horse-scanner\/#webpage\",\"url\":\"https:\/\/siwalusoftware.com\/pt-pt\/horse-scanner\/\",\"name\":\"Horse Scanner - Identifica\\u00e7\\u00e3o da Ra\\u00e7a do Cavalo no Android e iOS\",\"isPartOf\":{\"@id\":\"https:\/\/siwalusoftware.com\/zh-hans\/#website\"},\"datePublished\":\"2020-01-13T16:06:52+00:00\",\"dateModified\":\"2020-05-20T13:29:12+00:00\",\"description\":\"Ver um cavalo, mas n\\u00e3o conhecer a sua ra\\u00e7a? Basta tirar uma fotografia e o aplicativo Horse Scanner ir\\u00e1 determin\\u00e1-lo. A aplica\\u00e7\\u00e3o suporta actualmente cerca de 160 ra\\u00e7as de cavalos.\",\"breadcrumb\":{\"@id\":\"https:\/\/siwalusoftware.com\/pt-pt\/horse-scanner\/#breadcrumb\"},\"inLanguage\":\"pt-PT\",\"potentialAction\":[{\"@type\":\"ReadAction\",\"target\":[\"https:\/\/siwalusoftware.com\/pt-pt\/horse-scanner\/\"]}]},{\"@type\":\"BreadcrumbList\",\"@id\":\"https:\/\/siwalusoftware.com\/pt-pt\/horse-scanner\/#breadcrumb\",\"itemListElement\":[{\"@type\":\"ListItem\",\"position\":1,\"name\":\"Home\",\"item\":\"https:\/\/siwalusoftware.com\/pt-pt\/\"},{\"@type\":\"ListItem\",\"position\":2,\"name\":\"Horse Scanner\"}]}]}<\/script>\n<!-- \/ Yoast SEO plugin. -->","yoast_head_json":{"title":"Horse Scanner - Identifica\u00e7\u00e3o da Ra\u00e7a do Cavalo no Android e iOS","description":"Ver um cavalo, mas n\u00e3o conhecer a sua ra\u00e7a? Basta tirar uma fotografia e o aplicativo Horse Scanner ir\u00e1 determin\u00e1-lo. A aplica\u00e7\u00e3o suporta actualmente cerca de 160 ra\u00e7as de cavalos.","robots":{"index":"index","follow":"follow","max-snippet":"max-snippet:-1","max-image-preview":"max-image-preview:large","max-video-preview":"max-video-preview:-1"},"canonical":"https:\/\/siwalusoftware.com\/pt-pt\/horse-scanner\/","og_locale":"pt_PT","og_type":"article","og_title":"Horse Scanner - Identifica\u00e7\u00e3o da Ra\u00e7a do Cavalo no Android e iOS","og_description":"Ver um cavalo, mas n\u00e3o conhecer a sua ra\u00e7a? Basta tirar uma fotografia e o aplicativo Horse Scanner ir\u00e1 determin\u00e1-lo. A aplica\u00e7\u00e3o suporta actualmente cerca de 160 ra\u00e7as de cavalos.","og_url":"https:\/\/siwalusoftware.com\/pt-pt\/horse-scanner\/","og_site_name":"Siwalu Software","article_publisher":"https:\/\/facebook.com\/DogScannerApp","article_modified_time":"2020-05-20T13:29:12+00:00","twitter_card":"summary_large_image","twitter_site":"@dogscanner_app","twitter_misc":{"Tempo estimado de leitura":"5 minutos"},"schema":{"@context":"https:\/\/schema.org","@graph":[{"@type":"Organization","@id":"https:\/\/siwalusoftware.com\/zh-hans\/#organization","name":"Siwalu Software GmbH","url":"https:\/\/siwalusoftware.com\/zh-hans\/","sameAs":["https:\/\/facebook.com\/DogScannerApp","https:\/\/instagram.com\/dogscanner_app","https:\/\/www.linkedin.com\/company\/siwalu\/","https:\/\/www.youtube.com\/channel\/UCexEBJ5uq8Vx0bdgg70Lr8g","https:\/\/twitter.com\/dogscanner_app"],"logo":{"@type":"ImageObject","@id":"https:\/\/siwalusoftware.com\/zh-hans\/#logo","inLanguage":"pt-PT","url":"https:\/\/siwalusoftware.com\/wp-content\/uploads\/2020\/01\/siwalu-logo-negativ-background-e1580133589167.png","contentUrl":"https:\/\/siwalusoftware.com\/wp-content\/uploads\/2020\/01\/siwalu-logo-negativ-background-e1580133589167.png","width":512,"height":307,"caption":"Siwalu Software GmbH"},"image":{"@id":"https:\/\/siwalusoftware.com\/zh-hans\/#logo"}},{"@type":"WebSite","@id":"https:\/\/siwalusoftware.com\/zh-hans\/#website","url":"https:\/\/siwalusoftware.com\/zh-hans\/","name":"Siwalu Software","description":"AI-based animal recognition","publisher":{"@id":"https:\/\/siwalusoftware.com\/zh-hans\/#organization"},"potentialAction":[{"@type":"SearchAction","target":{"@type":"EntryPoint","urlTemplate":"https:\/\/siwalusoftware.com\/zh-hans\/?s={search_term_string}"},"query-input":"required name=search_term_string"}],"inLanguage":"pt-PT"},{"@type":"WebPage","@id":"https:\/\/siwalusoftware.com\/pt-pt\/horse-scanner\/#webpage","url":"https:\/\/siwalusoftware.com\/pt-pt\/horse-scanner\/","name":"Horse Scanner - Identifica\u00e7\u00e3o da Ra\u00e7a do Cavalo no Android e iOS","isPartOf":{"@id":"https:\/\/siwalusoftware.com\/zh-hans\/#website"},"datePublished":"2020-01-13T16:06:52+00:00","dateModified":"2020-05-20T13:29:12+00:00","description":"Ver um cavalo, mas n\u00e3o conhecer a sua ra\u00e7a? Basta tirar uma fotografia e o aplicativo Horse Scanner ir\u00e1 determin\u00e1-lo. A aplica\u00e7\u00e3o suporta actualmente cerca de 160 ra\u00e7as de cavalos.","breadcrumb":{"@id":"https:\/\/siwalusoftware.com\/pt-pt\/horse-scanner\/#breadcrumb"},"inLanguage":"pt-PT","potentialAction":[{"@type":"ReadAction","target":["https:\/\/siwalusoftware.com\/pt-pt\/horse-scanner\/"]}]},{"@type":"BreadcrumbList","@id":"https:\/\/siwalusoftware.com\/pt-pt\/horse-scanner\/#breadcrumb","itemListElement":[{"@type":"ListItem","position":1,"name":"Home","item":"https:\/\/siwalusoftware.com\/pt-pt\/"},{"@type":"ListItem","position":2,"name":"Horse Scanner"}]}]}},"_links":{"self":[{"href":"https:\/\/siwalusoftware.com\/pt-pt\/wp-json\/wp\/v2\/pages\/653"}],"collection":[{"href":"https:\/\/siwalusoftware.com\/pt-pt\/wp-json\/wp\/v2\/pages"}],"about":[{"href":"https:\/\/siwalusoftware.com\/pt-pt\/wp-json\/wp\/v2\/types\/page"}],"author":[{"embeddable":true,"href":"https:\/\/siwalusoftware.com\/pt-pt\/wp-json\/wp\/v2\/users\/1"}],"replies":[{"embeddable":true,"href":"https:\/\/siwalusoftware.com\/pt-pt\/wp-json\/wp\/v2\/comments?post=653"}],"version-history":[{"count":6,"href":"https:\/\/siwalusoftware.com\/pt-pt\/wp-json\/wp\/v2\/pages\/653\/revisions"}],"predecessor-version":[{"id":1277,"href":"https:\/\/siwalusoftware.com\/pt-pt\/wp-json\/wp\/v2\/pages\/653\/revisions\/1277"}],"wp:attachment":[{"href":"https:\/\/siwalusoftware.com\/pt-pt\/wp-json\/wp\/v2\/media?parent=653"}],"curies":[{"name":"wp","href":"https:\/\/api.w.org\/{rel}","templated":true}]}}