{"id":661,"date":"2020-01-13T17:07:33","date_gmt":"2020-01-13T16:07:33","guid":{"rendered":"https:\/\/siwalusoftware.com\/about\/"},"modified":"2020-06-04T00:16:41","modified_gmt":"2020-06-03T22:16:41","slug":"sobre-nos","status":"publish","type":"page","link":"https:\/\/siwalusoftware.com\/pt-pt\/sobre-nos\/","title":{"rendered":"Siwalu Software GmbH"},"content":{"rendered":"","protected":false},"excerpt":{"rendered":"","protected":false},"author":1,"featured_media":0,"parent":0,"menu_order":0,"comment_status":"closed","ping_status":"closed","template":"page-templates\/about-siwalu.php","meta":[],"yoast_head":"<!-- This site is optimized with the Yoast SEO plugin v16.9 - https:\/\/yoast.com\/wordpress\/plugins\/seo\/ -->\n<title>Sobre n\u00f3s - Siwalu<\/title>\n<meta name=\"description\" content=\"Sobre n\u00f3s: A nossa vis\u00e3o \u00e9 o desenvolvimento de um reconhecimento animal universal para permitir a monitoriza\u00e7\u00e3o em tempo real da biodiversidade global.\" \/>\n<meta name=\"robots\" content=\"index, follow, max-snippet:-1, max-image-preview:large, max-video-preview:-1\" \/>\n<link rel=\"canonical\" href=\"https:\/\/siwalusoftware.com\/pt-pt\/sobre-nos\/\" \/>\n<meta property=\"og:locale\" content=\"pt_PT\" \/>\n<meta property=\"og:type\" content=\"article\" \/>\n<meta property=\"og:title\" content=\"Sobre n\u00f3s - Siwalu\" \/>\n<meta property=\"og:description\" content=\"Sobre n\u00f3s: A nossa vis\u00e3o \u00e9 o desenvolvimento de um reconhecimento animal universal para permitir a monitoriza\u00e7\u00e3o em tempo real da biodiversidade global.\" \/>\n<meta property=\"og:url\" content=\"https:\/\/siwalusoftware.com\/pt-pt\/sobre-nos\/\" \/>\n<meta property=\"og:site_name\" content=\"Siwalu Software\" \/>\n<meta property=\"article:publisher\" content=\"https:\/\/facebook.com\/DogScannerApp\" \/>\n<meta property=\"article:modified_time\" content=\"2020-06-03T22:16:41+00:00\" \/>\n<meta name=\"twitter:card\" content=\"summary_large_image\" \/>\n<meta name=\"twitter:site\" content=\"@dogscanner_app\" \/>\n<script type=\"application\/ld+json\" class=\"yoast-schema-graph\">{\"@context\":\"https:\/\/schema.org\",\"@graph\":[{\"@type\":\"Organization\",\"@id\":\"https:\/\/siwalusoftware.com\/zh-hans\/#organization\",\"name\":\"Siwalu Software GmbH\",\"url\":\"https:\/\/siwalusoftware.com\/zh-hans\/\",\"sameAs\":[\"https:\/\/facebook.com\/DogScannerApp\",\"https:\/\/instagram.com\/dogscanner_app\",\"https:\/\/www.linkedin.com\/company\/siwalu\/\",\"https:\/\/www.youtube.com\/channel\/UCexEBJ5uq8Vx0bdgg70Lr8g\",\"https:\/\/twitter.com\/dogscanner_app\"],\"logo\":{\"@type\":\"ImageObject\",\"@id\":\"https:\/\/siwalusoftware.com\/zh-hans\/#logo\",\"inLanguage\":\"pt-PT\",\"url\":\"https:\/\/siwalusoftware.com\/wp-content\/uploads\/2020\/01\/siwalu-logo-negativ-background-e1580133589167.png\",\"contentUrl\":\"https:\/\/siwalusoftware.com\/wp-content\/uploads\/2020\/01\/siwalu-logo-negativ-background-e1580133589167.png\",\"width\":512,\"height\":307,\"caption\":\"Siwalu Software GmbH\"},\"image\":{\"@id\":\"https:\/\/siwalusoftware.com\/zh-hans\/#logo\"}},{\"@type\":\"WebSite\",\"@id\":\"https:\/\/siwalusoftware.com\/zh-hans\/#website\",\"url\":\"https:\/\/siwalusoftware.com\/zh-hans\/\",\"name\":\"Siwalu Software\",\"description\":\"AI-based animal recognition\",\"publisher\":{\"@id\":\"https:\/\/siwalusoftware.com\/zh-hans\/#organization\"},\"potentialAction\":[{\"@type\":\"SearchAction\",\"target\":{\"@type\":\"EntryPoint\",\"urlTemplate\":\"https:\/\/siwalusoftware.com\/zh-hans\/?s={search_term_string}\"},\"query-input\":\"required name=search_term_string\"}],\"inLanguage\":\"pt-PT\"},{\"@type\":\"WebPage\",\"@id\":\"https:\/\/siwalusoftware.com\/pt-pt\/sobre-nos\/#webpage\",\"url\":\"https:\/\/siwalusoftware.com\/pt-pt\/sobre-nos\/\",\"name\":\"Sobre n\\u00f3s - Siwalu\",\"isPartOf\":{\"@id\":\"https:\/\/siwalusoftware.com\/zh-hans\/#website\"},\"datePublished\":\"2020-01-13T16:07:33+00:00\",\"dateModified\":\"2020-06-03T22:16:41+00:00\",\"description\":\"Sobre n\\u00f3s: A nossa vis\\u00e3o \\u00e9 o desenvolvimento de um reconhecimento animal universal para permitir a monitoriza\\u00e7\\u00e3o em tempo real da biodiversidade global.\",\"breadcrumb\":{\"@id\":\"https:\/\/siwalusoftware.com\/pt-pt\/sobre-nos\/#breadcrumb\"},\"inLanguage\":\"pt-PT\",\"potentialAction\":[{\"@type\":\"ReadAction\",\"target\":[\"https:\/\/siwalusoftware.com\/pt-pt\/sobre-nos\/\"]}]},{\"@type\":\"BreadcrumbList\",\"@id\":\"https:\/\/siwalusoftware.com\/pt-pt\/sobre-nos\/#breadcrumb\",\"itemListElement\":[{\"@type\":\"ListItem\",\"position\":1,\"name\":\"Home\",\"item\":\"https:\/\/siwalusoftware.com\/pt-pt\/\"},{\"@type\":\"ListItem\",\"position\":2,\"name\":\"Siwalu Software GmbH\"}]}]}<\/script>\n<!-- \/ Yoast SEO plugin. -->","yoast_head_json":{"title":"Sobre n\u00f3s - Siwalu","description":"Sobre n\u00f3s: A nossa vis\u00e3o \u00e9 o desenvolvimento de um reconhecimento animal universal para permitir a monitoriza\u00e7\u00e3o em tempo real da biodiversidade global.","robots":{"index":"index","follow":"follow","max-snippet":"max-snippet:-1","max-image-preview":"max-image-preview:large","max-video-preview":"max-video-preview:-1"},"canonical":"https:\/\/siwalusoftware.com\/pt-pt\/sobre-nos\/","og_locale":"pt_PT","og_type":"article","og_title":"Sobre n\u00f3s - Siwalu","og_description":"Sobre n\u00f3s: A nossa vis\u00e3o \u00e9 o desenvolvimento de um reconhecimento animal universal para permitir a monitoriza\u00e7\u00e3o em tempo real da biodiversidade global.","og_url":"https:\/\/siwalusoftware.com\/pt-pt\/sobre-nos\/","og_site_name":"Siwalu Software","article_publisher":"https:\/\/facebook.com\/DogScannerApp","article_modified_time":"2020-06-03T22:16:41+00:00","twitter_card":"summary_large_image","twitter_site":"@dogscanner_app","schema":{"@context":"https:\/\/schema.org","@graph":[{"@type":"Organization","@id":"https:\/\/siwalusoftware.com\/zh-hans\/#organization","name":"Siwalu Software GmbH","url":"https:\/\/siwalusoftware.com\/zh-hans\/","sameAs":["https:\/\/facebook.com\/DogScannerApp","https:\/\/instagram.com\/dogscanner_app","https:\/\/www.linkedin.com\/company\/siwalu\/","https:\/\/www.youtube.com\/channel\/UCexEBJ5uq8Vx0bdgg70Lr8g","https:\/\/twitter.com\/dogscanner_app"],"logo":{"@type":"ImageObject","@id":"https:\/\/siwalusoftware.com\/zh-hans\/#logo","inLanguage":"pt-PT","url":"https:\/\/siwalusoftware.com\/wp-content\/uploads\/2020\/01\/siwalu-logo-negativ-background-e1580133589167.png","contentUrl":"https:\/\/siwalusoftware.com\/wp-content\/uploads\/2020\/01\/siwalu-logo-negativ-background-e1580133589167.png","width":512,"height":307,"caption":"Siwalu Software GmbH"},"image":{"@id":"https:\/\/siwalusoftware.com\/zh-hans\/#logo"}},{"@type":"WebSite","@id":"https:\/\/siwalusoftware.com\/zh-hans\/#website","url":"https:\/\/siwalusoftware.com\/zh-hans\/","name":"Siwalu Software","description":"AI-based animal recognition","publisher":{"@id":"https:\/\/siwalusoftware.com\/zh-hans\/#organization"},"potentialAction":[{"@type":"SearchAction","target":{"@type":"EntryPoint","urlTemplate":"https:\/\/siwalusoftware.com\/zh-hans\/?s={search_term_string}"},"query-input":"required name=search_term_string"}],"inLanguage":"pt-PT"},{"@type":"WebPage","@id":"https:\/\/siwalusoftware.com\/pt-pt\/sobre-nos\/#webpage","url":"https:\/\/siwalusoftware.com\/pt-pt\/sobre-nos\/","name":"Sobre n\u00f3s - Siwalu","isPartOf":{"@id":"https:\/\/siwalusoftware.com\/zh-hans\/#website"},"datePublished":"2020-01-13T16:07:33+00:00","dateModified":"2020-06-03T22:16:41+00:00","description":"Sobre n\u00f3s: A nossa vis\u00e3o \u00e9 o desenvolvimento de um reconhecimento animal universal para permitir a monitoriza\u00e7\u00e3o em tempo real da biodiversidade global.","breadcrumb":{"@id":"https:\/\/siwalusoftware.com\/pt-pt\/sobre-nos\/#breadcrumb"},"inLanguage":"pt-PT","potentialAction":[{"@type":"ReadAction","target":["https:\/\/siwalusoftware.com\/pt-pt\/sobre-nos\/"]}]},{"@type":"BreadcrumbList","@id":"https:\/\/siwalusoftware.com\/pt-pt\/sobre-nos\/#breadcrumb","itemListElement":[{"@type":"ListItem","position":1,"name":"Home","item":"https:\/\/siwalusoftware.com\/pt-pt\/"},{"@type":"ListItem","position":2,"name":"Siwalu Software GmbH"}]}]}},"_links":{"self":[{"href":"https:\/\/siwalusoftware.com\/pt-pt\/wp-json\/wp\/v2\/pages\/661"}],"collection":[{"href":"https:\/\/siwalusoftware.com\/pt-pt\/wp-json\/wp\/v2\/pages"}],"about":[{"href":"https:\/\/siwalusoftware.com\/pt-pt\/wp-json\/wp\/v2\/types\/page"}],"author":[{"embeddable":true,"href":"https:\/\/siwalusoftware.com\/pt-pt\/wp-json\/wp\/v2\/users\/1"}],"replies":[{"embeddable":true,"href":"https:\/\/siwalusoftware.com\/pt-pt\/wp-json\/wp\/v2\/comments?post=661"}],"version-history":[{"count":1,"href":"https:\/\/siwalusoftware.com\/pt-pt\/wp-json\/wp\/v2\/pages\/661\/revisions"}],"predecessor-version":[{"id":1085,"href":"https:\/\/siwalusoftware.com\/pt-pt\/wp-json\/wp\/v2\/pages\/661\/revisions\/1085"}],"wp:attachment":[{"href":"https:\/\/siwalusoftware.com\/pt-pt\/wp-json\/wp\/v2\/media?parent=661"}],"curies":[{"name":"wp","href":"https:\/\/api.w.org\/{rel}","templated":true}]}}